{"id":676,"date":"2015-01-22T11:42:01","date_gmt":"2015-01-22T10:42:01","guid":{"rendered":"https:\/\/www.labunie.com.pl\/?page_id=676"},"modified":"2018-01-26T09:30:16","modified_gmt":"2018-01-26T08:30:16","slug":"osp-wolka-labunska","status":"publish","type":"page","link":"https:\/\/www.labunie.com.pl\/?page_id=676","title":{"rendered":"OSP W\u00f3lka \u0141abu\u0144ska"},"content":{"rendered":"<p>Jednostka OSP w W\u00f3lce \u0141abu\u0144skiej powsta\u0142a tu\u017c po wojnie w odpowiedzi na rosn\u0105ce potrzeby mieszka\u0144c\u00f3w wsi. Jej za\u0142o\u017cycielami byli: pan Kazimierz Siuma, pan J\u00f3zef Bednarczuk, pan Wincenty R\u0119kas, pan Feliks Buchaj, pan Jan Sierota, pan Stanis\u0142aw Madeja, pan Leon Skiba i inni cz\u0142onkowie organizacji AK. Ich do\u015bwiadczenie bojowe z okresu wojny, dyscyplina i zaanga\u017cowanie przyczyni\u0142o si\u0119 do szybkiego rozwoju jednostki. Pocz\u0105tkowo zbi\u00f3rki szkoleniowe odbywa\u0142y si\u0119 na polanie w lesie, a wyposa\u017cenie i umundurowanie druh\u00f3w pochodzi\u0142o z demobilu wojennego.<br \/>\n&nbsp;<br \/>\nW latach 50. XX w. jednostka otrzyma\u0142a pomp\u0119 wodn\u0105. Najwi\u0119ksz\u0105 jednak trudno\u015bci\u0105 by\u0142 dow\u00f3z stra\u017cak\u00f3w do miejsca akcji. Z pomoc\u0105 przychodzi\u0142o w\u00f3wczas miejscowe k\u00f3\u0142ko rolnicze. W tym okresie zakupiono przyczep\u0119 i motopomp\u0119 M-80.<br \/>\n&nbsp;<br \/>\nW latach 70. XX w. we wsi wybudowano zbiornik przeciwpo\u017carowy.<br \/>\n&nbsp;<br \/>\nW latach 80. XX w. do istniej\u0105cego budynku remizy mieszka\u0144cy W\u00f3lki w czynie spo\u0142ecznym dobudowali gara\u017c. Koniec lat 80. to wielkie akcje po\u017carnicze w naszej miejscowo\u015bci. Brali w nich udzia\u0142 wszyscy cz\u0142onkowie OSP. Nie by\u0142o we wsi takiego domu, w kt\u00f3rym do jednostki nie nale\u017ca\u0142 dziadek, ojciec i synowie.<br \/>\nZakup samochodu, remont remizy, zakup nowego sprz\u0119tu ochrony osobistej i rozw\u00f3j organizacji m\u0142odzie\u017cowych przy OSP to kolejne fazy rozwoju naszej jednostki.<br \/>\n&nbsp;<br \/>\nDow\u00f3dcami jednostki byli:<br \/>\nW latach 1946-55 p. Siuma, p. Buczkowski. Tr\u0119baczem wzywaj\u0105cym na zbi\u00f3rki dh J\u00f3zef Palonka, g\u0142\u00f3wnym wozakiem by\u0142 dh Adolf Jastrz\u0119bski.<br \/>\nW latach 1955-65 prezesem w czasie budowy nowej remizy by\u0142 dh Kazimierz Wolski, naczelnikiem dh Siek.<br \/>\nW latach 1965-70 prezesem by\u0142 dh Edward Siek, skarbnikiem dh Kazimierz Wolski. Ponadto w tym okresie zas\u0142u\u017cyli si\u0119: dh Edward Pa\u0142ka, dh Franciszek Nicpo\u0144, dh Antoni Witkowski, dh Emil Pa\u0142ka, dh Janusz Nowosad, dh Piotr G\u0142azowski.<br \/>\nW latach 1981-82 prezesem zosta\u0142 dh Jan Nowosad, komendantem dh Pysiewicz.<br \/>\n&nbsp;<br \/>\nW 1982 r. naczelnikiem jednostki zosta\u0142 wybrany dh W\u0142adys\u0142aw Skiba. OSP pozyska\u0142a nowe mundury, sprz\u0119t do dzia\u0142a\u0144 przeciwpo\u017carowych i ochronnych.<br \/>\n&nbsp;<br \/>\nPo 1989 r. nast\u0105pi\u0142a w jednostce zmiana pokoleniowa. Prezesem wybrano dh Emila Pa\u0142k\u0119, naczelnikiem dh Krzysztofa Bodysa, skarbnikiem dh Krzysztofa Koprowskiego. By\u0142 to okres pracy spo\u0142ecznej, bojowej i gospodarczej. W remizie organizowano przynosz\u0105ce dochody zabawy taneczne, utwardzano drogi w so\u0142ectwie s\u0142u\u017c\u0105ce do dzi\u015b dnia.<br \/>\n&nbsp;<br \/>\nW 2005 r. prezesem zosta\u0142 wybrany dh Jacek Antoszak, naczelnikiem dh Krzysztof Bodys, skarbnikiem dh Jacek Jastrz\u0119bski. Zakupiono sprz\u0119t do akcji ga\u015bniczych, ochronny i reprezentacyjny dla poszczeg\u00f3lnych cz\u0142onk\u00f3w OSP.<br \/>\n&nbsp;<br \/>\nW 2010 r. nowym prezesem zostaje dh Zbigniew \u017buk, naczelnikiem dh Bogdan Nowosad, zast\u0119pc\u0105 naczelnika dh Stanis\u0142aw Bodys, gospodarzem dh Tomasz Ku\u015bmierz, sekretarzem dh Rados\u0142aw \u017buk, skarbnikiem dh Marcin Ku\u015bmierz. Du\u017c\u0105 pomoc\u0105 jednostce s\u0142u\u017c\u0105 radni z naszej miejscowo\u015bci panowie: Miros\u0142aw Zwolan i Andrzej Siek, a tak\u017ce Ko\u0142o Gospody\u0144 Wiejskich. Razem pomy\u015blnie wywi\u0105zujemy si\u0119 z naszych zada\u0144 w lokalnym \u015brodowisku.<br \/>\n&nbsp;<\/p>\n<p style=\"text-align: right;\"><em><span style=\"font-size: 8pt;\">Ig\u0142a nr 1(6)\/2014 s. 9<\/span><\/em><\/p>\n<p style=\"text-align: right;\"><em><span style=\"font-size: 8pt;\">dh Krzysztof Bodys<\/span><\/em><br \/>\n<em><span style=\"font-size: 8pt;\"> OSP W\u00f3lka \u0141abu\u0144ska<\/span><\/em><\/p>\n","protected":false},"excerpt":{"rendered":"<p>Jednostka OSP w W\u00f3lce \u0141abu\u0144skiej powsta\u0142a tu\u017c po wojnie w odpowiedzi na rosn\u0105ce potrzeby mieszka\u0144c\u00f3w wsi. Jej za\u0142o\u017cycielami byli: pan Kazimierz Siuma, pan J\u00f3zef Bednarczuk, pan Wincenty R\u0119kas, pan Feliks Buchaj, pan Jan Sierota, pan Stanis\u0142aw Madeja, pan Leon Skiba i inni cz\u0142onkowie organizacji AK. Ich do\u015bwiadczenie bojowe z okresu wojny, dyscyplina i zaanga\u017cowanie przyczyni\u0142o [&hellip;]<\/p>\n","protected":false},"author":7,"featured_media":0,"parent":478,"menu_order":6,"comment_status":"closed","ping_status":"closed","template":"","meta":{"footnotes":""},"class_list":["post-676","page","type-page","status-publish","hentry","clearfix"],"_links":{"self":[{"href":"https:\/\/www.labunie.com.pl\/index.php?rest_route=\/wp\/v2\/pages\/676","targetHints":{"allow":["GET"]}}],"collection":[{"href":"https:\/\/www.labunie.com.pl\/index.php?rest_route=\/wp\/v2\/pages"}],"about":[{"href":"https:\/\/www.labunie.com.pl\/index.php?rest_route=\/wp\/v2\/types\/page"}],"author":[{"embeddable":true,"href":"https:\/\/www.labunie.com.pl\/index.php?rest_route=\/wp\/v2\/users\/7"}],"replies":[{"embeddable":true,"href":"https:\/\/www.labunie.com.pl\/index.php?rest_route=%2Fwp%2Fv2%2Fcomments&post=676"}],"version-history":[{"count":2,"href":"https:\/\/www.labunie.com.pl\/index.php?rest_route=\/wp\/v2\/pages\/676\/revisions"}],"predecessor-version":[{"id":7598,"href":"https:\/\/www.labunie.com.pl\/index.php?rest_route=\/wp\/v2\/pages\/676\/revisions\/7598"}],"up":[{"embeddable":true,"href":"https:\/\/www.labunie.com.pl\/index.php?rest_route=\/wp\/v2\/pages\/478"}],"wp:attachment":[{"href":"https:\/\/www.labunie.com.pl\/index.php?rest_route=%2Fwp%2Fv2%2Fmedia&parent=676"}],"curies":[{"name":"wp","href":"https:\/\/api.w.org\/{rel}","templated":true}]}}