{"id":6569,"date":"2017-09-01T13:59:23","date_gmt":"2017-09-01T11:59:23","guid":{"rendered":"https:\/\/www.labunie.com.pl\/?page_id=6569"},"modified":"2023-05-30T10:39:19","modified_gmt":"2023-05-30T08:39:19","slug":"kompetencje-kluczowe-w-labunkach","status":"publish","type":"page","link":"https:\/\/www.labunie.com.pl\/?page_id=6569","title":{"rendered":"Kompetencje kluczowe w \u0141abu\u0144kach"},"content":{"rendered":"<table style=\"border-color: #ffffff;\" border=\"1\" cellpadding=\"10\">\n<tbody>\n<tr style=\"height: 24px; border-color: #ffffff;\">\n<td style=\"background-color: #05518e; height: 24px; border-color: #ffffff; text-align: right;\"><strong><span style=\"color: #ffffff;\"><em>Ca\u0142kowita warto\u015b\u0107 projektu<\/em><\/span><\/strong><\/td>\n<td style=\"background-color: #ffffff; height: 24px; border-color: #ffffff;\">426\u00a0433, 43 PLN<\/td>\n<\/tr>\n<tr style=\"height: 24px; border-color: #ffffff;\">\n<td style=\"background-color: #05518e; height: 24px; border-color: #ffffff; text-align: right;\"><strong><span style=\"color: #ffffff;\"><em>P\u0142atno\u015b\u0107 ze \u015brodk\u00f3w europejskich<\/em><\/span><\/strong><\/td>\n<td style=\"background-color: #ffffff; height: 24px; border-color: #ffffff;\">\u00a0362\u00a0468,41 PLN<\/td>\n<\/tr>\n<tr style=\"height: 24px; border-color: #ffffff;\">\n<td style=\"background-color: #05518e; height: 24px; border-color: #ffffff; text-align: right;\"><strong><span style=\"color: #ffffff;\"><em>Dotacja celowa z bud\u017cetu krajowego<\/em><\/span><\/strong><\/td>\n<td style=\"background-color: #ffffff; height: 24px; border-color: #ffffff;\">\u00a042 643,34 PLN<\/td>\n<\/tr>\n<tr style=\"height: 24px; border-color: #ffffff;\">\n<td style=\"background-color: #05518e; height: 24px; border-color: #ffffff; text-align: right;\"><strong><span style=\"color: #ffffff;\"><em>Wk\u0142ad w\u0142asny<\/em><\/span><\/strong><\/td>\n<td style=\"background-color: #ffffff; height: 24px; border-color: #ffffff;\">\u00a021 321,68 PLN<\/td>\n<\/tr>\n<tr style=\"height: 24px; border-color: #ffffff;\">\n<td style=\"background-color: #05518e; height: 24px; border-color: #ffffff; text-align: right;\"><strong><span style=\"color: #ffffff;\"><em>Poziom unijnego dofinansowania<\/em><\/span><\/strong><\/td>\n<td style=\"background-color: #ffffff; height: 24px; border-color: #ffffff;\">\u00a095%<\/td>\n<\/tr>\n<tr style=\"height: 24px; border-color: #ffffff;\">\n<td style=\"background-color: #05518e; height: 24px; border-color: #ffffff; text-align: right;\"><strong><span style=\"color: #ffffff;\"><em>Lokalizacja realizacji projektu<\/em><\/span><\/strong><\/td>\n<td style=\"background-color: #ffffff; height: 24px; border-color: #ffffff;\">Szko\u0142a Podstawowa w \u0141abu\u0144kach Pierwszych<br \/>\n\u0141abu\u0144ki Pierwsze 178<br \/>\n22-437 \u0141abunie<\/td>\n<\/tr>\n<tr style=\"height: 24px; border-color: #ffffff;\">\n<td style=\"background-color: #05518e; height: 24px; border-color: #ffffff; text-align: right;\"><strong><span style=\"color: #ffffff;\"><em>Pocz\u0105tek realizacji<\/em><\/span><\/strong><\/td>\n<td style=\"background-color: #ffffff; height: 24px; border-color: #ffffff;\">\u00a01 wrze\u015bnia 2017 r.<\/td>\n<\/tr>\n<tr style=\"height: 24px; border-color: #ffffff;\">\n<td style=\"background-color: #05518e; height: 24px; border-color: #ffffff; text-align: right;\"><strong><span style=\"color: #ffffff;\"><em>Zako\u0144czenie realizacji<\/em><\/span><\/strong><\/td>\n<td style=\"background-color: #ffffff; height: 24px; border-color: #ffffff;\">\u00a030 czerwca 2018 r.<\/td>\n<\/tr>\n<\/tbody>\n<\/table>\n","protected":false},"excerpt":{"rendered":"<p>Ca\u0142kowita warto\u015b\u0107 projektu 426\u00a0433, 43 PLN P\u0142atno\u015b\u0107 ze \u015brodk\u00f3w europejskich \u00a0362\u00a0468,41 PLN Dotacja celowa z bud\u017cetu krajowego \u00a042 643,34 PLN Wk\u0142ad w\u0142asny \u00a021 321,68 PLN Poziom unijnego dofinansowania \u00a095% Lokalizacja realizacji projektu Szko\u0142a Podstawowa w \u0141abu\u0144kach Pierwszych \u0141abu\u0144ki Pierwsze 178 22-437 \u0141abunie Pocz\u0105tek realizacji \u00a01 wrze\u015bnia 2017 r. Zako\u0144czenie realizacji \u00a030 czerwca 2018 r.<\/p>\n","protected":false},"author":7,"featured_media":0,"parent":0,"menu_order":4,"comment_status":"closed","ping_status":"closed","template":"","meta":{"footnotes":""},"class_list":["post-6569","page","type-page","status-publish","hentry","clearfix"],"_links":{"self":[{"href":"https:\/\/www.labunie.com.pl\/index.php?rest_route=\/wp\/v2\/pages\/6569","targetHints":{"allow":["GET"]}}],"collection":[{"href":"https:\/\/www.labunie.com.pl\/index.php?rest_route=\/wp\/v2\/pages"}],"about":[{"href":"https:\/\/www.labunie.com.pl\/index.php?rest_route=\/wp\/v2\/types\/page"}],"author":[{"embeddable":true,"href":"https:\/\/www.labunie.com.pl\/index.php?rest_route=\/wp\/v2\/users\/7"}],"replies":[{"embeddable":true,"href":"https:\/\/www.labunie.com.pl\/index.php?rest_route=%2Fwp%2Fv2%2Fcomments&post=6569"}],"version-history":[{"count":4,"href":"https:\/\/www.labunie.com.pl\/index.php?rest_route=\/wp\/v2\/pages\/6569\/revisions"}],"predecessor-version":[{"id":31242,"href":"https:\/\/www.labunie.com.pl\/index.php?rest_route=\/wp\/v2\/pages\/6569\/revisions\/31242"}],"wp:attachment":[{"href":"https:\/\/www.labunie.com.pl\/index.php?rest_route=%2Fwp%2Fv2%2Fmedia&parent=6569"}],"curies":[{"name":"wp","href":"https:\/\/api.w.org\/{rel}","templated":true}]}}