{"id":571,"date":"2015-01-15T14:45:51","date_gmt":"2015-01-15T13:45:51","guid":{"rendered":"https:\/\/www.labunie.com.pl\/?page_id=571"},"modified":"2025-02-04T12:15:29","modified_gmt":"2025-02-04T11:15:29","slug":"labunki-drugie-2","status":"publish","type":"page","link":"https:\/\/www.labunie.com.pl\/?page_id=571","title":{"rendered":"\u0141abu\u0144ki Drugie"},"content":{"rendered":"<p>Pierwsze wzmianki o miejscowo\u015bci pojawi\u0142y si\u0119 ju\u017c w XV wieku, kiedy nale\u017ca\u0142y do d\u00f3br kr\u00f3lewskich. 10 grudnia 1942 r. wie\u015b zosta\u0142a wysiedlona a ludno\u015b\u0107 wywieziono pocz\u0105tkowo do obozu w Zamo\u015bciu, p\u00f3\u017aniej cz\u0119\u015b\u0107 do obozu w O\u015bwi\u0119cimiu, a cz\u0119\u015b\u0107 do \u0141askarzewa.<\/p>\n<table class=\" aligncenter\" style=\"width: 374px; border-color: #000000; height: 30px;\">\n<tbody>\n<tr style=\"height: 50px; background-color: #005799;\">\n<td style=\"width: 10px; height: 53px; text-align: center;\" colspan=\"9\"><span style=\"color: #ffffff;\"><em><strong>Dane so\u0142ectwa<\/strong><\/em><\/span><\/td>\n<\/tr>\n<tr style=\"height: 4px;\">\n<td style=\"width: 10px; height: 4px;\">\u00a0<\/td>\n<td style=\"width: 307px; height: 4px;\" colspan=\"6\">\u00a0<\/td>\n<td style=\"width: 74px; height: 4px;\">\u00a0<\/td>\n<td style=\"width: 11px; height: 4px;\">\u00a0<\/td>\n<\/tr>\n<tr style=\"height: 53px; background-color: #33c2ff;\">\n<td style=\"width: 10px; height: 53px;\">\u00a0<\/td>\n<td style=\"width: 307px; height: 53px;\" colspan=\"6\"><strong>Powierzchnia<br \/><\/strong><\/td>\n<td style=\"width: 74px; height: 53px; text-align: right;\"><strong>335 ha<\/strong><\/td>\n<td style=\"width: 11px; height: 53px;\">\u00a0<\/td>\n<\/tr>\n<tr style=\"height: 4px;\">\n<td style=\"width: 317px; height: 4px;\" colspan=\"7\">\u00a0<\/td>\n<td style=\"width: 74px; height: 4px;\">\u00a0<\/td>\n<td style=\"width: 11px; height: 4px;\">\u00a0<\/td>\n<\/tr>\n<tr style=\"height: 24px; background-color: #91d5ff;\">\n<td style=\"width: 10px; height: 24px;\">\u00a0<\/td>\n<td style=\"width: 307px; height: 24px;\" colspan=\"6\"><strong>Liczba mieszka\u0144c\u00f3w<br \/><\/strong><\/td>\n<td style=\"width: 74px; height: 24px;\">\u00a0<\/td>\n<td style=\"width: 11px; height: 24px;\">\u00a0<\/td>\n<\/tr>\n<tr style=\"height: 24px; background-color: #91d5ff;\">\n<td style=\"width: 10px; height: 24px;\">\u00a0<\/td>\n<td style=\"width: 40px; height: 24px;\" colspan=\"4\">\u00a0<\/td>\n<td style=\"width: 267px; height: 24px;\" colspan=\"2\">kobiety<\/td>\n<td style=\"width: 74px; height: 24px; text-align: right;\">165<\/td>\n<td style=\"width: 11px; height: 24px; text-align: right;\">\u00a0<\/td>\n<\/tr>\n<tr style=\"height: 24px; background-color: #91d5ff;\">\n<td style=\"width: 10px; height: 24px;\">\u00a0<\/td>\n<td style=\"width: 40px; height: 24px;\" colspan=\"4\">\u00a0<\/td>\n<td style=\"width: 267px; height: 24px;\" colspan=\"2\">m\u0119\u017cczy\u017ani<\/td>\n<td style=\"width: 74px; height: 24px; text-align: right;\">171<\/td>\n<td style=\"width: 11px; height: 24px; text-align: right;\">\u00a0<\/td>\n<\/tr>\n<tr style=\"height: 24px; background-color: #91d5ff;\">\n<td style=\"width: 10px; height: 24px;\">\u00a0<\/td>\n<td style=\"width: 307px; height: 24px;\" colspan=\"6\"><strong>razem<\/strong><\/td>\n<td style=\"width: 74px; height: 24px; text-align: right;\"><strong>336<\/strong><\/td>\n<td style=\"width: 11px; height: 24px; text-align: right;\">\u00a0<\/td>\n<\/tr>\n<tr style=\"height: 24px;\">\n<td style=\"width: 402px; height: 24px; text-align: right;\" colspan=\"9\"><em><span style=\"font-size: 8pt;\">(dane wg stanu na dzie\u0144 31 grudnia 2024 r.)<\/span><\/em>\n<p>\u00a0<\/p>\n<p>\u00a0<\/p>\n<\/td>\n<\/tr>\n<\/tbody>\n<\/table>\n\n\n<p><\/p>\n","protected":false},"excerpt":{"rendered":"<p>Pierwsze wzmianki o miejscowo\u015bci pojawi\u0142y si\u0119 ju\u017c w XV wieku, kiedy nale\u017ca\u0142y do d\u00f3br kr\u00f3lewskich. 10 grudnia 1942 r. wie\u015b zosta\u0142a wysiedlona a ludno\u015b\u0107 wywieziono pocz\u0105tkowo do obozu w Zamo\u015bciu, p\u00f3\u017aniej cz\u0119\u015b\u0107 do obozu w O\u015bwi\u0119cimiu, a cz\u0119\u015b\u0107 do \u0141askarzewa. Dane so\u0142ectwa \u00a0 \u00a0 \u00a0 \u00a0 \u00a0 Powierzchnia 335 ha \u00a0 \u00a0 \u00a0 \u00a0 \u00a0 [&hellip;]<\/p>\n","protected":false},"author":7,"featured_media":0,"parent":449,"menu_order":5,"comment_status":"closed","ping_status":"closed","template":"","meta":{"footnotes":""},"class_list":["post-571","page","type-page","status-publish","hentry","clearfix"],"_links":{"self":[{"href":"https:\/\/www.labunie.com.pl\/index.php?rest_route=\/wp\/v2\/pages\/571","targetHints":{"allow":["GET"]}}],"collection":[{"href":"https:\/\/www.labunie.com.pl\/index.php?rest_route=\/wp\/v2\/pages"}],"about":[{"href":"https:\/\/www.labunie.com.pl\/index.php?rest_route=\/wp\/v2\/types\/page"}],"author":[{"embeddable":true,"href":"https:\/\/www.labunie.com.pl\/index.php?rest_route=\/wp\/v2\/users\/7"}],"replies":[{"embeddable":true,"href":"https:\/\/www.labunie.com.pl\/index.php?rest_route=%2Fwp%2Fv2%2Fcomments&post=571"}],"version-history":[{"count":5,"href":"https:\/\/www.labunie.com.pl\/index.php?rest_route=\/wp\/v2\/pages\/571\/revisions"}],"predecessor-version":[{"id":39430,"href":"https:\/\/www.labunie.com.pl\/index.php?rest_route=\/wp\/v2\/pages\/571\/revisions\/39430"}],"up":[{"embeddable":true,"href":"https:\/\/www.labunie.com.pl\/index.php?rest_route=\/wp\/v2\/pages\/449"}],"wp:attachment":[{"href":"https:\/\/www.labunie.com.pl\/index.php?rest_route=%2Fwp%2Fv2%2Fmedia&parent=571"}],"curies":[{"name":"wp","href":"https:\/\/api.w.org\/{rel}","templated":true}]}}