{"id":5691,"date":"2017-04-12T11:10:56","date_gmt":"2017-04-12T09:10:56","guid":{"rendered":"https:\/\/www.labunie.com.pl\/?page_id=5691"},"modified":"2023-05-30T10:27:28","modified_gmt":"2023-05-30T08:27:28","slug":"p-01-3","status":"publish","type":"page","link":"https:\/\/www.labunie.com.pl\/?page_id=5691","title":{"rendered":"Aktywizacja i rozw\u00f3j lokalnej spo\u0142eczno\u015bci poprzez zakup stroj\u00f3w dla zespo\u0142\u00f3w \u015bpiewaczych K\u00f3\u0142 Gospody\u0144 Wiejskich z Wierzbia, Moc\u00f3wki i W\u00f3lki \u0141abu\u0144skiej"},"content":{"rendered":"<table style=\"border-color: #ffffff;\" border=\"1\" cellpadding=\"10\">\n<tbody>\n<tr style=\"height: 24px; border-color: #ffffff;\">\n<td style=\"background-color: #05518e; height: 24px; border-color: #ffffff; text-align: right;\"><strong><span style=\"color: #ffffff;\"><em>Nazwa programu i numer dzia\u0142ania<\/em><\/span><\/strong><\/td>\n<td style=\"background-color: #ffffff; height: 24px; border-color: #ffffff;\">PROW 2007-2013 ma\u0142e projekty<\/td>\n<\/tr>\n<tr style=\"height: 24px; border-color: #ffffff;\">\n<td style=\"background-color: #05518e; height: 24px; border-color: #ffffff; text-align: right;\"><strong><span style=\"color: #ffffff;\"><em>Numer umowy o dofinansowanie<\/em><\/span><\/strong><\/td>\n<td style=\"background-color: #ffffff; height: 24px; border-color: #ffffff;\">02266-6930-UM0344171\/14<\/td>\n<\/tr>\n<tr style=\"height: 24px; border-color: #ffffff;\">\n<td style=\"background-color: #05518e; height: 24px; border-color: #ffffff; text-align: right;\"><strong><span style=\"color: #ffffff;\"><em>Tytu\u0142 projektu<\/em><\/span><\/strong><\/td>\n<td style=\"background-color: #ffffff; height: 24px; border-color: #ffffff;\">Aktywizacja i rozw\u00f3j lokalnej spo\u0142eczno\u015bci poprzez zakup stroj\u00f3w dla zespo\u0142\u00f3w \u015bpiewaczych K\u00f3\u0142 Gospody\u0144 Wiejskich z Wierzbia, Moc\u00f3wki i W\u00f3lki \u0141abu\u0144skiej<\/td>\n<\/tr>\n<tr style=\"height: 24px; border-color: #ffffff;\">\n<td style=\"background-color: #05518e; height: 24px; border-color: #ffffff; text-align: right;\"><strong><span style=\"color: #ffffff;\"><em>Ca\u0142kowita warto\u015b\u0107 projektu<\/em><\/span><\/strong><\/td>\n<td style=\"background-color: #ffffff; height: 24px; border-color: #ffffff;\">14.000,00 z\u0142<\/td>\n<\/tr>\n<tr style=\"height: 24px; border-color: #ffffff;\">\n<td style=\"background-color: #05518e; height: 24px; border-color: #ffffff; text-align: right;\"><strong><span style=\"color: #ffffff;\"><em>Otrzymana warto\u015b\u0107 dofinansowania<\/em><\/span><\/strong><\/td>\n<td style=\"background-color: #ffffff; height: 24px; border-color: #ffffff;\">9.113,60 z\u0142<\/td>\n<\/tr>\n<tr style=\"height: 24px; border-color: #ffffff;\">\n<td style=\"background-color: #05518e; height: 24px; border-color: #ffffff; text-align: right;\"><strong><span style=\"color: #ffffff;\"><em>Okres realizacji<\/em><\/span><\/strong><\/td>\n<td style=\"background-color: #ffffff; height: 24px; border-color: #ffffff;\">II 2014 &#8211; VIII 2014<\/td>\n<\/tr>\n<tr style=\"height: 24px; border-color: #ffffff;\">\n<td style=\"background-color: #05518e; height: 24px; border-color: #ffffff; text-align: right;\"><strong><span style=\"color: #ffffff;\"><em>Zako\u0144czenie realizacji<\/em><\/span><\/strong><\/td>\n<td style=\"background-color: #ffffff; height: 24px; border-color: #ffffff;\">2014<\/td>\n<\/tr>\n<\/tbody>\n<\/table>\n","protected":false},"excerpt":{"rendered":"<p>Nazwa programu i numer dzia\u0142ania PROW 2007-2013 ma\u0142e projekty Numer umowy o dofinansowanie 02266-6930-UM0344171\/14 Tytu\u0142 projektu Aktywizacja i rozw\u00f3j lokalnej spo\u0142eczno\u015bci poprzez zakup stroj\u00f3w dla zespo\u0142\u00f3w \u015bpiewaczych K\u00f3\u0142 Gospody\u0144 Wiejskich z Wierzbia, Moc\u00f3wki i W\u00f3lki \u0141abu\u0144skiej Ca\u0142kowita warto\u015b\u0107 projektu 14.000,00 z\u0142 Otrzymana warto\u015b\u0107 dofinansowania 9.113,60 z\u0142 Okres realizacji II 2014 &#8211; VIII 2014 Zako\u0144czenie realizacji [&hellip;]<\/p>\n","protected":false},"author":7,"featured_media":0,"parent":0,"menu_order":20,"comment_status":"closed","ping_status":"closed","template":"","meta":{"footnotes":""},"class_list":["post-5691","page","type-page","status-publish","hentry","clearfix"],"_links":{"self":[{"href":"https:\/\/www.labunie.com.pl\/index.php?rest_route=\/wp\/v2\/pages\/5691","targetHints":{"allow":["GET"]}}],"collection":[{"href":"https:\/\/www.labunie.com.pl\/index.php?rest_route=\/wp\/v2\/pages"}],"about":[{"href":"https:\/\/www.labunie.com.pl\/index.php?rest_route=\/wp\/v2\/types\/page"}],"author":[{"embeddable":true,"href":"https:\/\/www.labunie.com.pl\/index.php?rest_route=\/wp\/v2\/users\/7"}],"replies":[{"embeddable":true,"href":"https:\/\/www.labunie.com.pl\/index.php?rest_route=%2Fwp%2Fv2%2Fcomments&post=5691"}],"version-history":[{"count":3,"href":"https:\/\/www.labunie.com.pl\/index.php?rest_route=\/wp\/v2\/pages\/5691\/revisions"}],"predecessor-version":[{"id":31229,"href":"https:\/\/www.labunie.com.pl\/index.php?rest_route=\/wp\/v2\/pages\/5691\/revisions\/31229"}],"wp:attachment":[{"href":"https:\/\/www.labunie.com.pl\/index.php?rest_route=%2Fwp%2Fv2%2Fmedia&parent=5691"}],"curies":[{"name":"wp","href":"https:\/\/api.w.org\/{rel}","templated":true}]}}