{"id":5682,"date":"2017-04-12T10:42:36","date_gmt":"2017-04-12T08:42:36","guid":{"rendered":"https:\/\/www.labunie.com.pl\/?page_id=5682"},"modified":"2023-05-30T10:26:07","modified_gmt":"2023-05-30T08:26:07","slug":"p-02-2","status":"publish","type":"page","link":"https:\/\/www.labunie.com.pl\/?page_id=5682","title":{"rendered":"Klucz do przysz\u0142o\u015bci \u2013 program rozwoju szk\u00f3\u0142 podstawowych w gminie \u0141abunie"},"content":{"rendered":"<table style=\"border-color: #ffffff;\" border=\"1\" cellpadding=\"10\">\n<tbody>\n<tr style=\"height: 24px; border-color: #ffffff;\">\n<td style=\"background-color: #05518e; height: 24px; border-color: #ffffff; text-align: right;\"><strong><span style=\"color: #ffffff;\"><em>Nazwa programu i numer dzia\u0142ania<\/em><\/span><\/strong><\/td>\n<td style=\"background-color: #ffffff; height: 24px; border-color: #ffffff;\">POKL 9.1<\/td>\n<\/tr>\n<tr style=\"height: 24px; border-color: #ffffff;\">\n<td style=\"background-color: #05518e; height: 24px; border-color: #ffffff; text-align: right;\"><strong><span style=\"color: #ffffff;\"><em>Numer umowy o dofinansowanie<\/em><\/span><\/strong><\/td>\n<td style=\"background-color: #ffffff; height: 24px; border-color: #ffffff;\">910\/POKL.09.01.02-06-034\/12-00<\/td>\n<\/tr>\n<tr style=\"height: 24px; border-color: #ffffff;\">\n<td style=\"background-color: #05518e; height: 24px; border-color: #ffffff; text-align: right;\"><strong><span style=\"color: #ffffff;\"><em>Tytu\u0142 projektu<\/em><\/span><\/strong><\/td>\n<td style=\"background-color: #ffffff; height: 24px; border-color: #ffffff;\">Klucz do przysz\u0142o\u015bci \u2013 program rozwoju szk\u00f3\u0142 podstawowych w gminie \u0141abunie<\/td>\n<\/tr>\n<tr style=\"height: 24px; border-color: #ffffff;\">\n<td style=\"background-color: #05518e; height: 24px; border-color: #ffffff; text-align: right;\"><strong><span style=\"color: #ffffff;\"><em>Ca\u0142kowita warto\u015b\u0107 projektu<\/em><\/span><\/strong><\/td>\n<td style=\"background-color: #ffffff; height: 24px; border-color: #ffffff;\">806.698,64 z\u0142<\/td>\n<\/tr>\n<tr style=\"height: 24px; border-color: #ffffff;\">\n<td style=\"background-color: #05518e; height: 24px; border-color: #ffffff; text-align: right;\"><strong><span style=\"color: #ffffff;\"><em>Otrzymana warto\u015b\u0107 dofinansowania<\/em><\/span><\/strong><\/td>\n<td style=\"background-color: #ffffff; height: 24px; border-color: #ffffff;\">697.798,64 z\u0142<\/td>\n<\/tr>\n<tr style=\"height: 24px; border-color: #ffffff;\">\n<td style=\"background-color: #05518e; height: 24px; border-color: #ffffff; text-align: right;\"><strong><span style=\"color: #ffffff;\"><em>Okres realizacji<\/em><\/span><\/strong><\/td>\n<td style=\"background-color: #ffffff; height: 24px; border-color: #ffffff;\">IX 2012 &#8211; VI 2013<\/td>\n<\/tr>\n<tr style=\"height: 24px; border-color: #ffffff;\">\n<td style=\"background-color: #05518e; height: 24px; border-color: #ffffff; text-align: right;\"><strong><span style=\"color: #ffffff;\"><em>Zako\u0144czenie realizacji<\/em><\/span><\/strong><\/td>\n<td style=\"background-color: #ffffff; height: 24px; border-color: #ffffff;\">2013<\/td>\n<\/tr>\n<\/tbody>\n<\/table>\n","protected":false},"excerpt":{"rendered":"<p>Nazwa programu i numer dzia\u0142ania POKL 9.1 Numer umowy o dofinansowanie 910\/POKL.09.01.02-06-034\/12-00 Tytu\u0142 projektu Klucz do przysz\u0142o\u015bci \u2013 program rozwoju szk\u00f3\u0142 podstawowych w gminie \u0141abunie Ca\u0142kowita warto\u015b\u0107 projektu 806.698,64 z\u0142 Otrzymana warto\u015b\u0107 dofinansowania 697.798,64 z\u0142 Okres realizacji IX 2012 &#8211; VI 2013 Zako\u0144czenie realizacji 2013<\/p>\n","protected":false},"author":7,"featured_media":0,"parent":0,"menu_order":11,"comment_status":"closed","ping_status":"closed","template":"","meta":{"footnotes":""},"class_list":["post-5682","page","type-page","status-publish","hentry","clearfix"],"_links":{"self":[{"href":"https:\/\/www.labunie.com.pl\/index.php?rest_route=\/wp\/v2\/pages\/5682","targetHints":{"allow":["GET"]}}],"collection":[{"href":"https:\/\/www.labunie.com.pl\/index.php?rest_route=\/wp\/v2\/pages"}],"about":[{"href":"https:\/\/www.labunie.com.pl\/index.php?rest_route=\/wp\/v2\/types\/page"}],"author":[{"embeddable":true,"href":"https:\/\/www.labunie.com.pl\/index.php?rest_route=\/wp\/v2\/users\/7"}],"replies":[{"embeddable":true,"href":"https:\/\/www.labunie.com.pl\/index.php?rest_route=%2Fwp%2Fv2%2Fcomments&post=5682"}],"version-history":[{"count":3,"href":"https:\/\/www.labunie.com.pl\/index.php?rest_route=\/wp\/v2\/pages\/5682\/revisions"}],"predecessor-version":[{"id":31224,"href":"https:\/\/www.labunie.com.pl\/index.php?rest_route=\/wp\/v2\/pages\/5682\/revisions\/31224"}],"wp:attachment":[{"href":"https:\/\/www.labunie.com.pl\/index.php?rest_route=%2Fwp%2Fv2%2Fmedia&parent=5682"}],"curies":[{"name":"wp","href":"https:\/\/api.w.org\/{rel}","templated":true}]}}