{"id":5680,"date":"2017-04-12T09:28:08","date_gmt":"2017-04-12T07:28:08","guid":{"rendered":"https:\/\/www.labunie.com.pl\/?page_id=5680"},"modified":"2023-05-30T10:25:10","modified_gmt":"2023-05-30T08:25:10","slug":"p-10","status":"publish","type":"page","link":"https:\/\/www.labunie.com.pl\/?page_id=5680","title":{"rendered":"ABC ma\u0142ego odkrywcy"},"content":{"rendered":"<table style=\"border-color: #ffffff;\" border=\"1\" cellpadding=\"10\">\n<tbody>\n<tr style=\"height: 24px; border-color: #ffffff;\">\n<td style=\"background-color: #05518e; height: 24px; border-color: #ffffff; text-align: right;\"><strong><span style=\"color: #ffffff;\"><em>Nazwa programu i numer dzia\u0142ania<\/em><\/span><\/strong><\/td>\n<td style=\"background-color: #ffffff; height: 24px; border-color: #ffffff;\">POKL 9.1<\/td>\n<\/tr>\n<tr style=\"height: 24px; border-color: #ffffff;\">\n<td style=\"background-color: #05518e; height: 24px; border-color: #ffffff; text-align: right;\"><strong><span style=\"color: #ffffff;\"><em>Numer umowy o dofinansowanie<\/em><\/span><\/strong><\/td>\n<td style=\"background-color: #ffffff; height: 24px; border-color: #ffffff;\">304\/POKL.09.01.01-06-110\/09-00<\/td>\n<\/tr>\n<tr style=\"height: 24px; border-color: #ffffff;\">\n<td style=\"background-color: #05518e; height: 24px; border-color: #ffffff; text-align: right;\"><strong><span style=\"color: #ffffff;\"><em>Tytu\u0142 projektu<\/em><\/span><\/strong><\/td>\n<td style=\"background-color: #ffffff; height: 24px; border-color: #ffffff;\">ABC ma\u0142ego odkrywcy<\/td>\n<\/tr>\n<tr style=\"height: 24px; border-color: #ffffff;\">\n<td style=\"background-color: #05518e; height: 24px; border-color: #ffffff; text-align: right;\"><strong><span style=\"color: #ffffff;\"><em>Ca\u0142kowita warto\u015b\u0107 projektu<\/em><\/span><\/strong><\/td>\n<td style=\"background-color: #ffffff; height: 24px; border-color: #ffffff;\">2.306.881,50 z\u0142<\/td>\n<\/tr>\n<tr style=\"height: 24px; border-color: #ffffff;\">\n<td style=\"background-color: #05518e; height: 24px; border-color: #ffffff; text-align: right;\"><strong><span style=\"color: #ffffff;\"><em>Otrzymana warto\u015b\u0107 dofinansowania<\/em><\/span><\/strong><\/td>\n<td style=\"background-color: #ffffff; height: 24px; border-color: #ffffff;\">1.964.638,27 z\u0142<\/td>\n<\/tr>\n<tr style=\"height: 24px; border-color: #ffffff;\">\n<td style=\"background-color: #05518e; height: 24px; border-color: #ffffff; text-align: right;\"><strong><span style=\"color: #ffffff;\"><em>Okres realizacji<\/em><\/span><\/strong><\/td>\n<td style=\"background-color: #ffffff; height: 24px; border-color: #ffffff;\">VI 2010 &#8211; V 2012<\/td>\n<\/tr>\n<tr style=\"height: 24px; border-color: #ffffff;\">\n<td style=\"background-color: #05518e; height: 24px; border-color: #ffffff; text-align: right;\"><strong><span style=\"color: #ffffff;\"><em>Zako\u0144czenie realizacji<\/em><\/span><\/strong><\/td>\n<td style=\"background-color: #ffffff; height: 24px; border-color: #ffffff;\">2012<\/td>\n<\/tr>\n<\/tbody>\n<\/table>\n","protected":false},"excerpt":{"rendered":"<p>Nazwa programu i numer dzia\u0142ania POKL 9.1 Numer umowy o dofinansowanie 304\/POKL.09.01.01-06-110\/09-00 Tytu\u0142 projektu ABC ma\u0142ego odkrywcy Ca\u0142kowita warto\u015b\u0107 projektu 2.306.881,50 z\u0142 Otrzymana warto\u015b\u0107 dofinansowania 1.964.638,27 z\u0142 Okres realizacji VI 2010 &#8211; V 2012 Zako\u0144czenie realizacji 2012<\/p>\n","protected":false},"author":7,"featured_media":0,"parent":0,"menu_order":9,"comment_status":"closed","ping_status":"closed","template":"","meta":{"footnotes":""},"class_list":["post-5680","page","type-page","status-publish","hentry","clearfix"],"_links":{"self":[{"href":"https:\/\/www.labunie.com.pl\/index.php?rest_route=\/wp\/v2\/pages\/5680","targetHints":{"allow":["GET"]}}],"collection":[{"href":"https:\/\/www.labunie.com.pl\/index.php?rest_route=\/wp\/v2\/pages"}],"about":[{"href":"https:\/\/www.labunie.com.pl\/index.php?rest_route=\/wp\/v2\/types\/page"}],"author":[{"embeddable":true,"href":"https:\/\/www.labunie.com.pl\/index.php?rest_route=\/wp\/v2\/users\/7"}],"replies":[{"embeddable":true,"href":"https:\/\/www.labunie.com.pl\/index.php?rest_route=%2Fwp%2Fv2%2Fcomments&post=5680"}],"version-history":[{"count":3,"href":"https:\/\/www.labunie.com.pl\/index.php?rest_route=\/wp\/v2\/pages\/5680\/revisions"}],"predecessor-version":[{"id":31220,"href":"https:\/\/www.labunie.com.pl\/index.php?rest_route=\/wp\/v2\/pages\/5680\/revisions\/31220"}],"wp:attachment":[{"href":"https:\/\/www.labunie.com.pl\/index.php?rest_route=%2Fwp%2Fv2%2Fmedia&parent=5680"}],"curies":[{"name":"wp","href":"https:\/\/api.w.org\/{rel}","templated":true}]}}