{"id":5679,"date":"2017-04-12T09:25:33","date_gmt":"2017-04-12T07:25:33","guid":{"rendered":"https:\/\/www.labunie.com.pl\/?page_id=5679"},"modified":"2023-05-30T10:24:13","modified_gmt":"2023-05-30T08:24:13","slug":"p-09","status":"publish","type":"page","link":"https:\/\/www.labunie.com.pl\/?page_id=5679","title":{"rendered":"Budowa spo\u0142ecze\u0144stwa informacyjnego poprzez informatyzacj\u0119 samorz\u0105d\u00f3w powiatu Zamojskiego"},"content":{"rendered":"<table style=\"border-color: #ffffff;\" border=\"1\" cellpadding=\"10\">\n<tbody>\n<tr style=\"height: 24px; border-color: #ffffff;\">\n<td style=\"background-color: #05518e; height: 24px; border-color: #ffffff; text-align: right;\"><strong><span style=\"color: #ffffff;\"><em>Nazwa programu i numer dzia\u0142ania<\/em><\/span><\/strong><\/td>\n<td style=\"background-color: #ffffff; height: 24px; border-color: #ffffff;\">RPO 4.1 O\u015b IV Spo\u0142ecze\u0144stwo informacyjne<\/td>\n<\/tr>\n<tr style=\"height: 24px; border-color: #ffffff;\">\n<td style=\"background-color: #05518e; height: 24px; border-color: #ffffff; text-align: right;\"><strong><span style=\"color: #ffffff;\"><em>Numer umowy o dofinansowanie<\/em><\/span><\/strong><\/td>\n<td style=\"background-color: #ffffff; height: 24px; border-color: #ffffff;\">08\/09-UDA-RPLU.04.01.00-06-056\/09-00-0262<\/td>\n<\/tr>\n<tr style=\"height: 24px; border-color: #ffffff;\">\n<td style=\"background-color: #05518e; height: 24px; border-color: #ffffff; text-align: right;\"><strong><span style=\"color: #ffffff;\"><em>Tytu\u0142 projektu<\/em><\/span><\/strong><\/td>\n<td style=\"background-color: #ffffff; height: 24px; border-color: #ffffff;\">Budowa spo\u0142ecze\u0144stwa informacyjnego poprzez informatyzacj\u0119 samorz\u0105d\u00f3w powiatu Zamojskiego<\/td>\n<\/tr>\n<tr style=\"height: 24px; border-color: #ffffff;\">\n<td style=\"background-color: #05518e; height: 24px; border-color: #ffffff; text-align: right;\"><strong><span style=\"color: #ffffff;\"><em>Ca\u0142kowita warto\u015b\u0107 projektu<\/em><\/span><\/strong><\/td>\n<td style=\"background-color: #ffffff; height: 24px; border-color: #ffffff;\">3.076.223,57 z\u0142<\/td>\n<\/tr>\n<tr style=\"height: 24px; border-color: #ffffff;\">\n<td style=\"background-color: #05518e; height: 24px; border-color: #ffffff; text-align: right;\"><strong><span style=\"color: #ffffff;\"><em>Otrzymana warto\u015b\u0107 dofinansowania<\/em><\/span><\/strong><\/td>\n<td style=\"background-color: #ffffff; height: 24px; border-color: #ffffff;\">2.607.910,64 z\u0142<\/td>\n<\/tr>\n<tr style=\"height: 24px; border-color: #ffffff;\">\n<td style=\"background-color: #05518e; height: 24px; border-color: #ffffff; text-align: right;\"><strong><span style=\"color: #ffffff;\"><em>Okres realizacji<\/em><\/span><\/strong><\/td>\n<td style=\"background-color: #ffffff; height: 24px; border-color: #ffffff;\">VI 2010 &#8211; XII 2011<\/td>\n<\/tr>\n<tr style=\"height: 24px; border-color: #ffffff;\">\n<td style=\"background-color: #05518e; height: 24px; border-color: #ffffff; text-align: right;\"><strong><span style=\"color: #ffffff;\"><em>Zako\u0144czenie realizacji<\/em><\/span><\/strong><\/td>\n<td style=\"background-color: #ffffff; height: 24px; border-color: #ffffff;\">2011<\/td>\n<\/tr>\n<\/tbody>\n<\/table>\n","protected":false},"excerpt":{"rendered":"<p>Nazwa programu i numer dzia\u0142ania RPO 4.1 O\u015b IV Spo\u0142ecze\u0144stwo informacyjne Numer umowy o dofinansowanie 08\/09-UDA-RPLU.04.01.00-06-056\/09-00-0262 Tytu\u0142 projektu Budowa spo\u0142ecze\u0144stwa informacyjnego poprzez informatyzacj\u0119 samorz\u0105d\u00f3w powiatu Zamojskiego Ca\u0142kowita warto\u015b\u0107 projektu 3.076.223,57 z\u0142 Otrzymana warto\u015b\u0107 dofinansowania 2.607.910,64 z\u0142 Okres realizacji VI 2010 &#8211; XII 2011 Zako\u0144czenie realizacji 2011<\/p>\n","protected":false},"author":7,"featured_media":0,"parent":0,"menu_order":8,"comment_status":"closed","ping_status":"closed","template":"","meta":{"footnotes":""},"class_list":["post-5679","page","type-page","status-publish","hentry","clearfix"],"_links":{"self":[{"href":"https:\/\/www.labunie.com.pl\/index.php?rest_route=\/wp\/v2\/pages\/5679","targetHints":{"allow":["GET"]}}],"collection":[{"href":"https:\/\/www.labunie.com.pl\/index.php?rest_route=\/wp\/v2\/pages"}],"about":[{"href":"https:\/\/www.labunie.com.pl\/index.php?rest_route=\/wp\/v2\/types\/page"}],"author":[{"embeddable":true,"href":"https:\/\/www.labunie.com.pl\/index.php?rest_route=\/wp\/v2\/users\/7"}],"replies":[{"embeddable":true,"href":"https:\/\/www.labunie.com.pl\/index.php?rest_route=%2Fwp%2Fv2%2Fcomments&post=5679"}],"version-history":[{"count":3,"href":"https:\/\/www.labunie.com.pl\/index.php?rest_route=\/wp\/v2\/pages\/5679\/revisions"}],"predecessor-version":[{"id":31217,"href":"https:\/\/www.labunie.com.pl\/index.php?rest_route=\/wp\/v2\/pages\/5679\/revisions\/31217"}],"wp:attachment":[{"href":"https:\/\/www.labunie.com.pl\/index.php?rest_route=%2Fwp%2Fv2%2Fmedia&parent=5679"}],"curies":[{"name":"wp","href":"https:\/\/api.w.org\/{rel}","templated":true}]}}