{"id":5619,"date":"2017-04-11T12:00:03","date_gmt":"2017-04-11T10:00:03","guid":{"rendered":"https:\/\/www.labunie.com.pl\/?page_id=5619"},"modified":"2023-05-30T10:31:56","modified_gmt":"2023-05-30T08:31:56","slug":"budowa-altany-i-innych-obiektow-na-terenie-izby-muzealnej-w-barchaczowie-w-celu-nadania-funkcji-kulturalnej-i-spolecznej","status":"publish","type":"page","link":"https:\/\/www.labunie.com.pl\/?page_id=5619","title":{"rendered":"Budowa altany i innych obiekt\u00f3w na terenie Izby Muzealnej w Barchaczowie w celu nadania funkcji kulturalnej i spo\u0142ecznej"},"content":{"rendered":"<table style=\"border-color: #ffffff;\" border=\"1\" cellpadding=\"10\">\n<tbody>\n<tr style=\"height: 24px; border-color: #ffffff;\">\n<td style=\"background-color: #05518e; height: 24px; border-color: #ffffff; text-align: right;\"><strong><span style=\"color: #ffffff;\"><em>Nazwa programu i numer dzia\u0142ania<\/em><\/span><\/strong><\/td>\n<td style=\"background-color: #ffffff; height: 24px; border-color: #ffffff;\">PROW 2014-2020 19.2 wsparcie na wdra\u017canie operacji w ramach strategii rozwoju lokalnego<\/td>\n<\/tr>\n<tr style=\"height: 24px; border-color: #ffffff;\">\n<td style=\"background-color: #05518e; height: 24px; border-color: #ffffff; text-align: right;\"><strong><span style=\"color: #ffffff;\"><em>Numer umowy o dofinansowanie<\/em><\/span><\/strong><\/td>\n<td style=\"background-color: #ffffff; height: 24px; border-color: #ffffff;\">00025-6935-UM0310012\/16<\/td>\n<\/tr>\n<tr style=\"height: 24px; border-color: #ffffff;\">\n<td style=\"background-color: #05518e; height: 24px; border-color: #ffffff; text-align: right;\"><strong><span style=\"color: #ffffff;\"><em>Tytu\u0142 projektu<\/em><\/span><\/strong><\/td>\n<td style=\"background-color: #ffffff; height: 24px; border-color: #ffffff;\">Budowa altany i innych obiekt\u00f3w na terenie Izby Muzealnej w Barchaczowie w celu nadania funkcji kulturalnej i spo\u0142ecznej<\/td>\n<\/tr>\n<tr style=\"height: 24px; border-color: #ffffff;\">\n<td style=\"background-color: #05518e; height: 24px; border-color: #ffffff; text-align: right;\"><strong><span style=\"color: #ffffff;\"><em>Ca\u0142kowita warto\u015b\u0107 projektu<\/em><\/span><\/strong><\/td>\n<td style=\"background-color: #ffffff; height: 24px; border-color: #ffffff;\">101.004,87 z\u0142<\/td>\n<\/tr>\n<tr style=\"height: 24px; border-color: #ffffff;\">\n<td style=\"background-color: #05518e; height: 24px; border-color: #ffffff; text-align: right;\"><strong><span style=\"color: #ffffff;\"><em>Otrzymana warto\u015b\u0107 dofinansowania<\/em><\/span><\/strong><\/td>\n<td style=\"background-color: #ffffff; height: 24px; border-color: #ffffff;\">64.269,00 z\u0142<\/td>\n<\/tr>\n<tr style=\"height: 24px; border-color: #ffffff;\">\n<td style=\"background-color: #05518e; height: 24px; border-color: #ffffff; text-align: right;\"><strong><span style=\"color: #ffffff;\"><em>Okres realizacji<\/em><\/span><\/strong><\/td>\n<td style=\"background-color: #ffffff; height: 24px; border-color: #ffffff;\">2017<\/td>\n<\/tr>\n<tr style=\"height: 24px; border-color: #ffffff;\">\n<td style=\"background-color: #05518e; height: 24px; border-color: #ffffff; text-align: right;\"><strong><span style=\"color: #ffffff;\"><em>Zako\u0144czenie realizacji<\/em><\/span><\/strong><\/td>\n<td style=\"background-color: #ffffff; height: 24px; border-color: #ffffff;\">XII 2017<\/td>\n<\/tr>\n<tr style=\"height: 24px; border-color: #ffffff;\">\n<td style=\"background-color: #05518e; height: 24px; border-color: #ffffff; text-align: right;\"><strong><span style=\"color: #ffffff;\"><em>Cel operacji<\/em><\/span><\/strong><\/td>\n<td style=\"background-color: #ffffff; height: 24px; border-color: #ffffff;\">O\u017cywienie spo\u0142eczno\u2013kulturalne mieszka\u0144c\u00f3w gm. \u0141abunie poprzez zagospodarowanie terenu wok\u00f3\u0142 Izby Muzealnej w Barchaczowie i nadanie mu funkcji spo\u0142eczno\u2013kulturalnej<\/td>\n<\/tr>\n<tr style=\"height: 24px; border-color: #ffffff;\">\n<td style=\"background-color: #05518e; height: 24px; border-color: #ffffff; text-align: right;\"><strong><span style=\"color: #ffffff;\"><em>Zakres rzeczowy<\/em><\/span><\/strong><\/td>\n<td style=\"background-color: #ffffff; height: 24px; border-color: #ffffff;\">Roboty rozbi\u00f3rkowe 1 komplet, wiata 1 sztuka, altana 1 sztuka, kr\u0119gi ogniskowe 1 komplet, utwardzony plac 1 komplet.<\/td>\n<\/tr>\n<\/tbody>\n<\/table>\n<p><img loading=\"lazy\" decoding=\"async\" class=\"aligncenter size-full wp-image-6863\" src=\"https:\/\/www.labunie.com.pl\/wp-content\/uploads\/2017\/10\/ue-lgd-leader-prow.png\" alt=\"\" width=\"630\" height=\"188\" srcset=\"https:\/\/www.labunie.com.pl\/wp-content\/uploads\/2017\/10\/ue-lgd-leader-prow.png 630w, https:\/\/www.labunie.com.pl\/wp-content\/uploads\/2017\/10\/ue-lgd-leader-prow-300x90.png 300w\" sizes=\"auto, (max-width: 630px) 100vw, 630px\" \/><\/p>\n","protected":false},"excerpt":{"rendered":"<p>Nazwa programu i numer dzia\u0142ania PROW 2014-2020 19.2 wsparcie na wdra\u017canie operacji w ramach strategii rozwoju lokalnego Numer umowy o dofinansowanie 00025-6935-UM0310012\/16 Tytu\u0142 projektu Budowa altany i innych obiekt\u00f3w na terenie Izby Muzealnej w Barchaczowie w celu nadania funkcji kulturalnej i spo\u0142ecznej Ca\u0142kowita warto\u015b\u0107 projektu 101.004,87 z\u0142 Otrzymana warto\u015b\u0107 dofinansowania 64.269,00 z\u0142 Okres realizacji 2017 [&hellip;]<\/p>\n","protected":false},"author":7,"featured_media":0,"parent":0,"menu_order":3,"comment_status":"closed","ping_status":"closed","template":"","meta":{"footnotes":""},"class_list":["post-5619","page","type-page","status-publish","hentry","clearfix"],"_links":{"self":[{"href":"https:\/\/www.labunie.com.pl\/index.php?rest_route=\/wp\/v2\/pages\/5619","targetHints":{"allow":["GET"]}}],"collection":[{"href":"https:\/\/www.labunie.com.pl\/index.php?rest_route=\/wp\/v2\/pages"}],"about":[{"href":"https:\/\/www.labunie.com.pl\/index.php?rest_route=\/wp\/v2\/types\/page"}],"author":[{"embeddable":true,"href":"https:\/\/www.labunie.com.pl\/index.php?rest_route=\/wp\/v2\/users\/7"}],"replies":[{"embeddable":true,"href":"https:\/\/www.labunie.com.pl\/index.php?rest_route=%2Fwp%2Fv2%2Fcomments&post=5619"}],"version-history":[{"count":5,"href":"https:\/\/www.labunie.com.pl\/index.php?rest_route=\/wp\/v2\/pages\/5619\/revisions"}],"predecessor-version":[{"id":31238,"href":"https:\/\/www.labunie.com.pl\/index.php?rest_route=\/wp\/v2\/pages\/5619\/revisions\/31238"}],"wp:attachment":[{"href":"https:\/\/www.labunie.com.pl\/index.php?rest_route=%2Fwp%2Fv2%2Fmedia&parent=5619"}],"curies":[{"name":"wp","href":"https:\/\/api.w.org\/{rel}","templated":true}]}}