{"id":553,"date":"2015-01-15T14:39:11","date_gmt":"2015-01-15T13:39:11","guid":{"rendered":"https:\/\/www.labunie.com.pl\/?page_id=553"},"modified":"2024-01-10T13:52:19","modified_gmt":"2024-01-10T12:52:19","slug":"formularze","status":"publish","type":"page","link":"https:\/\/www.labunie.com.pl\/?page_id=553","title":{"rendered":"Formularze"},"content":{"rendered":"\n<h2 class=\"wp-block-heading\"><a href=\"https:\/\/www.labunie.com.pl\/?page_id=2821\">Sprawy obywatelskie<\/a><\/h2>\n\n\n\n<h2 class=\"wp-block-heading\"><a href=\"https:\/\/www.labunie.com.pl\/?page_id=2825\">Podatki<\/a><\/h2>\n\n\n\n<h2 class=\"wp-block-heading\"><a href=\"https:\/\/www.labunie.com.pl\/?page_id=2822\/\">Ochrona \u015brodowiska i us\u0142ugi komunalne<\/a><\/h2>\n\n\n\n<h2 class=\"wp-block-heading\"><a href=\"https:\/\/www.labunie.com.pl\/?page_id=19776\/\">Inwestycje i budownictwo<\/a><\/h2>\n\n\n\n<h2 class=\"wp-block-heading\"><a href=\"https:\/\/www.labunie.com.pl\/?page_id=19946\">Sprzeda\u017c alkoholu<\/a><\/h2>\n\n\n\n<h2 class=\"wp-block-heading\"><a rel=\"noreferrer noopener\" aria-label=\"Dow\u00f3z os\u00f3b niepe\u0142nosprawnych (opens in a new tab)\" href=\"https:\/\/www.labunie.com.pl\/wp-content\/uploads\/2020\/03\/Rachunek-zwrot-koszt%C3%B3w-dowozu-1.pdf\" target=\"_blank\">Dow\u00f3z os\u00f3b niepe\u0142nosprawnych<\/a><\/h2>\n\n\n\n<h2 class=\"wp-block-heading\"><a href=\"https:\/\/www.labunie.com.pl\/wp-content\/uploads\/2024\/01\/wniosek_sterylizacja_2024.pdf\">Wniosek o przyznanie dofinansowania zabiegu sterylizacji lub kastracji psa lub kota<\/a><\/h2>\n\n\n\n<h2 class=\"wp-block-heading\"><a href=\"https:\/\/www.labunie.com.pl\/?page_id=31278\">Centrum Us\u0142ug Wsp\u00f3lnych<\/a> <\/h2>\n\n\n","protected":false},"excerpt":{"rendered":"<p>Sprawy obywatelskie Podatki Ochrona \u015brodowiska i us\u0142ugi komunalne Inwestycje i budownictwo Sprzeda\u017c alkoholu Dow\u00f3z os\u00f3b niepe\u0142nosprawnych Wniosek o przyznanie dofinansowania zabiegu sterylizacji lub kastracji psa lub kota Centrum Us\u0142ug Wsp\u00f3lnych<\/p>\n","protected":false},"author":7,"featured_media":0,"parent":549,"menu_order":1,"comment_status":"closed","ping_status":"closed","template":"","meta":{"footnotes":""},"class_list":["post-553","page","type-page","status-publish","hentry","clearfix"],"_links":{"self":[{"href":"https:\/\/www.labunie.com.pl\/index.php?rest_route=\/wp\/v2\/pages\/553","targetHints":{"allow":["GET"]}}],"collection":[{"href":"https:\/\/www.labunie.com.pl\/index.php?rest_route=\/wp\/v2\/pages"}],"about":[{"href":"https:\/\/www.labunie.com.pl\/index.php?rest_route=\/wp\/v2\/types\/page"}],"author":[{"embeddable":true,"href":"https:\/\/www.labunie.com.pl\/index.php?rest_route=\/wp\/v2\/users\/7"}],"replies":[{"embeddable":true,"href":"https:\/\/www.labunie.com.pl\/index.php?rest_route=%2Fwp%2Fv2%2Fcomments&post=553"}],"version-history":[{"count":5,"href":"https:\/\/www.labunie.com.pl\/index.php?rest_route=\/wp\/v2\/pages\/553\/revisions"}],"predecessor-version":[{"id":34589,"href":"https:\/\/www.labunie.com.pl\/index.php?rest_route=\/wp\/v2\/pages\/553\/revisions\/34589"}],"up":[{"embeddable":true,"href":"https:\/\/www.labunie.com.pl\/index.php?rest_route=\/wp\/v2\/pages\/549"}],"wp:attachment":[{"href":"https:\/\/www.labunie.com.pl\/index.php?rest_route=%2Fwp%2Fv2%2Fmedia&parent=553"}],"curies":[{"name":"wp","href":"https:\/\/api.w.org\/{rel}","templated":true}]}}