{"id":463,"date":"2015-01-15T14:16:15","date_gmt":"2015-01-15T13:16:15","guid":{"rendered":"https:\/\/www.labunie.com.pl\/?page_id=463"},"modified":"2026-02-27T09:00:17","modified_gmt":"2026-02-27T08:00:17","slug":"projekty-ue","status":"publish","type":"page","link":"https:\/\/www.labunie.com.pl\/?page_id=463","title":{"rendered":"Projekty"},"content":{"rendered":"\n<ul class=\"wp-block-list\">\n<li><a href=\"https:\/\/www.labunie.com.pl\/?page_id=5671\">Utworzenie Centrum Kultury w miejscowo\u015bci \u0141abunie<\/a><\/li>\n\n\n\n<li><a href=\"https:\/\/www.labunie.com.pl\/?page_id=5675\">Modernizacja i remont o\u015brodka zdrowia w \u0141abuniach<\/a><\/li>\n\n\n\n<li><a href=\"https:\/\/www.labunie.com.pl\/?page_id=5673\">Wyposa\u017cenie \u015bwietlicy wiejskiej w Barchaczowie<\/a><\/li>\n\n\n\n<li><a href=\"https:\/\/www.labunie.com.pl\/?page_id=5672\">Adaptacja budynku po szkole podstawowej w Moc\u00f3wce na \u015bwietlic\u0119 wiejsk\u0105<\/a><\/li>\n\n\n\n<li><a href=\"https:\/\/www.labunie.com.pl\/?page_id=5679\">Budowa spo\u0142ecze\u0144stwa informacyjnego poprzez informatyzacj\u0119 samorz\u0105d\u00f3w powiatu Zamojskiego<\/a><\/li>\n\n\n\n<li><a href=\"https:\/\/www.labunie.com.pl\/?page_id=5676\">Najlepiej smakuje w \u0141abuniach &#8211; wydanie materia\u0142\u00f3w informacyjno-promocyjnych Gminy \u0141abunie<\/a><\/li>\n\n\n\n<li><a href=\"https:\/\/www.labunie.com.pl\/?page_id=5674\">Zagospodarowanie terenu przy zespole administracyjno-rekreacyjnym w \u0141abuniach<\/a><\/li>\n\n\n\n<li><a href=\"https:\/\/www.labunie.com.pl\/?page_id=5680\">ABC ma\u0142ego odkrywcy<\/a><\/li>\n\n\n\n<li><a href=\"https:\/\/www.labunie.com.pl\/?page_id=5681\">Globalne zmiany &#8211; indywidualne podej\u015bcie<\/a><\/li>\n\n\n\n<li><a href=\"https:\/\/www.labunie.com.pl\/?page_id=5678\">Jest w orkiestrach d\u0119tych jaka\u015b si\u0142a &#8211; zakup instrument\u00f3w dla M\u0142odzie\u017cowej Orkiestry D\u0119tej w \u0141abuniach<\/a><\/li>\n\n\n\n<li><a href=\"https:\/\/www.labunie.com.pl\/?page_id=5677\">Zak\u0105tek kuchenny Ko\u0142a Gospody\u0144 Wiejskich w Wierzbiu &#8211; zakup niezb\u0119dnego wyposa\u017cenia \u015bwietlicy wiejskiej i wydanie ksi\u0105\u017cki kucharskiej \u201eWierzbianki w kuchni\u201d<\/a><\/li>\n\n\n\n<li><a href=\"https:\/\/www.labunie.com.pl\/?page_id=5682\">Klucz do przysz\u0142o\u015bci &#8211; program rozwoju szk\u00f3\u0142 podstawowych w gminie \u0141abunie<\/a><\/li>\n\n\n\n<li><a href=\"https:\/\/www.labunie.com.pl\/?page_id=5686\">Organizacja Festiwalu produktu lokalnego pn. &#8220;Pomidorowy pocz\u0105tek lata&#8221;<\/a><\/li>\n\n\n\n<li><a href=\"https:\/\/www.labunie.com.pl\/?page_id=5683\">Przebudowa i remont pomieszczenia Sali konferencyjnej w budynku Domu Kultury w \u0141abuniach<\/a><\/li>\n\n\n\n<li><a href=\"https:\/\/www.labunie.com.pl\/?page_id=5684\">Remont budynku \u015bwietlicy wiejskiej w \u0141abuniach-Reformie<\/a><\/li>\n\n\n\n<li><a href=\"https:\/\/www.labunie.com.pl\/?page_id=5685\">Rozbudowa budynku \u015bwietlicy wiejskiej w W\u00f3lce \u0141abu\u0144skiej o zesp\u00f3\u0142 sanitariat\u00f3w<\/a><\/li>\n\n\n\n<li><a href=\"https:\/\/www.labunie.com.pl\/?page_id=5691\">Aktywizacja i rozw\u00f3j lokalnej spo\u0142eczno\u015bci poprzez zakup stroj\u00f3w dla zespo\u0142\u00f3w \u015bpiewaczych K\u00f3\u0142 Gospody\u0144 Wiejskich z Wierzbia, Moc\u00f3wki i W\u00f3lki \u0141abu\u0144skiej<\/a><\/li>\n\n\n\n<li><a href=\"https:\/\/www.labunie.com.pl\/?page_id=5688\">Fitness park &#8211; zagospodarowanie niewykorzystanej przestrzeni publicznej przy istniej\u0105cym kompleksie sportowo-rekreacyjnym w \u0141abuniach<\/a><\/li>\n\n\n\n<li><a href=\"https:\/\/www.labunie.com.pl\/?page_id=5690\">Nauka drog\u0105 do przysz\u0142o\u015bci<\/a><\/li>\n\n\n\n<li><a href=\"https:\/\/www.labunie.com.pl\/?page_id=5689\">Utworzenie Fitness park na wolnym powietrzu \u0141abu\u0144kach Pierwszych<\/a><\/li>\n\n\n\n<li><a href=\"https:\/\/www.labunie.com.pl\/?page_id=5687\">Wydanie albumu promuj\u0105cego Gmin\u0119 \u0141abunie<\/a><\/li>\n\n\n\n<li><a href=\"https:\/\/www.labunie.com.pl\/?page_id=5692\">Zakup wyposa\u017cenia do Izby Muzealnej w Barchaczowie<\/a><\/li>\n\n\n\n<li><a href=\"https:\/\/www.labunie.com.pl\/?page_id=5693\">Zmiana konstrukcji dachu w budynku \u015bwietlicy wiejskiej w Ruszowie<\/a><\/li>\n\n\n\n<li><a href=\"https:\/\/www.labunie.com.pl\/?page_id=5696\">Budowa sieci kanalizacyjnej w miejscowo\u015bci \u0141abu\u0144ki (Przymiarki, Piaski) i w miejscowo\u015bci Moc\u00f3wka<\/a><\/li>\n\n\n\n<li><a href=\"https:\/\/www.labunie.com.pl\/?page_id=5694\">Utworzenie fitness park\u00f3w na wolnym powietrzu w miejscowo\u015bciach Br\u00f3dek i Rusz\u00f3w<\/a><\/li>\n\n\n\n<li><a href=\"https:\/\/www.labunie.com.pl\/?page_id=5695\">Zagospodarowanie terenu pod ogr\u00f3d &#8220;Pawie Pi\u00f3ro&#8221; w \u0141abuniach<\/a><\/li>\n\n\n\n<li><a href=\"https:\/\/www.labunie.com.pl\/?page_id=5619\">Budowa altany i innych obiekt\u00f3w na terenie Izby Muzealnej w Barchaczowie w celu nadania funkcji kulturalnej i spo\u0142ecznej<\/a><\/li>\n\n\n\n<li><a href=\"https:\/\/www.labunie.com.pl\/?page_id=5618\">Budowa plac\u00f3w zabaw i mini-si\u0142owni zewn\u0119trznych w W\u00f3lce \u0141abu\u0144skiej i \u0141abuniach-Reformie<\/a><\/li>\n\n\n\n<li><a href=\"https:\/\/www.labunie.com.pl\/?page_id=5614\">Przebudowa drogi gminnej nr 110885L \u0141abu\u0144ki Pierwsze &#8211; Wierzbie<\/a><\/li>\n\n\n\n<li><a href=\"https:\/\/www.labunie.com.pl\/?page_id=7062\">Wodoci\u0105g w miejscowo\u015bci Majdan Ruszowski<\/a><\/li>\n\n\n\n<li><a href=\"https:\/\/www.labunie.com.pl\/?page_id=5617\">Energia odnawialna na terenie gminy \u0141abunie<\/a><\/li>\n\n\n\n<li><a href=\"https:\/\/www.labunie.com.pl\/?page_id=6569\">Kompetencje kluczowe w \u0141abu\u0144kach<\/a><\/li>\n\n\n\n<li><a href=\"https:\/\/www.labunie.com.pl\/?page_id=7447\">Przebudowa i wyposa\u017cenie \u015bwietlicy wiejskiej w \u0141abuniach w celu odtworzenia funkcji kulturalno &#8211; spo\u0142ecznej<\/a><\/li>\n\n\n\n<li><a href=\"https:\/\/www.labunie.com.pl\/?page_id=6571\">Szko\u0142a Kluczowych Kompetencji<\/a><\/li>\n\n\n\n<li><a href=\"https:\/\/www.labunie.com.pl\/?page_id=7446\">Utworzenie szlak\u00f3w rowerowych w gminie \u0141abunie<\/a><\/li>\n\n\n\n<li><a href=\"https:\/\/www.labunie.com.pl\/?page_id=15696\">Budowa plac\u00f3w zabaw w Majdanie Ruszowskim, D\u0105browie i Moc\u00f3wce<\/a><\/li>\n\n\n\n<li><a href=\"https:\/\/www.labunie.com.pl\/?page_id=13183\">Utworzenie i doposa\u017cenie Izby Pami\u0119ci b\u0142. Stanis\u0142awa Starowieyskiego i doposa\u017cenie Izby Muzealnej w Barchaczowie<\/a><\/li>\n\n\n\n<li><a href=\"https:\/\/www.labunie.com.pl\/?page_id=20248\">Przebudowa drogi gminnej Nr 110906L (ul. G\u00f3rna) w miejscowo\u015bci \u0141abunie<\/a><\/li>\n\n\n\n<li><a href=\"https:\/\/www.labunie.com.pl\/?page_id=17215\">Zdalna Szko\u0142a \u2013 wsparcie Og\u00f3lnopolskiej Sieci Edukacyjnej<\/a><\/li>\n\n\n\n<li><a href=\"https:\/\/www.labunie.com.pl\/?page_id=18080\">Zdalna Szko\u0142a+<\/a><\/li>\n\n\n\n<li><a href=\"https:\/\/www.labunie.com.pl\/?page_id=19890\">Przebudowa nawierzchni drogi gminnej Nr 110904L w miejscowo\u015bci Rusz\u00f3w &#8211; I etap<\/a><\/li>\n\n\n\n<li><a href=\"https:\/\/www.labunie.com.pl\/?page_id=17215\">Budowa placu zabaw w miejscowo\u015bci Rusz\u00f3w<\/a><\/li>\n\n\n\n<li><a href=\"https:\/\/www.labunie.com.pl\/?page_id=23866\">Przebudowa drogi gminnej Nr 110889L w miejscowo\u015bci \u0141abunie (ul. Ko\u015bcielna)<\/a><\/li>\n\n\n\n<li><a href=\"https:\/\/www.labunie.com.pl\/?page_id=26819\">Remont drogi gminnej nr 110884L w miejscowo\u015bci \u0141abu\u0144ki Drugie<\/a><\/li>\n\n\n\n<li><a href=\"https:\/\/www.labunie.com.pl\/?page_id=26004\">Budowa placu zabaw w miejscowo\u015bci \u0141abunie<\/a><\/li>\n\n\n\n<li><a href=\"https:\/\/www.labunie.com.pl\/?page_id=20256\">Centrum opieku\u0144czo-mieszkalne w m. Br\u00f3dek<\/a><\/li>\n\n\n\n<li><a href=\"https:\/\/www.labunie.com.pl\/?page_id=20249\">Przebudowa nawierzchni drogi gminnej Nr 110904L w miejscowo\u015bci Rusz\u00f3w &#8211; II etap<\/a><\/li>\n\n\n\n<li><a href=\"https:\/\/www.labunie.com.pl\/?page_id=17215\">Wsparcie dzieci z rodzin pegeerowskich w rozwoju cyfrowym \u2013 Granty PPGR<\/a><\/li>\n\n\n\n<li><a href=\"https:\/\/www.labunie.com.pl\/?page_id=31208\">Zakup ubra\u0144 specjalnych dla jednostek OSP w Gminie \u0141abunie<\/a><\/li>\n\n\n\n<li><a href=\"https:\/\/www.labunie.com.pl\/?page_id=31918\">Przebudowa drogi gminnej Nr 110886L od km. 0+023,64 do km. 1+479,22 w miejscowo\u015bci \u0141abu\u0144ki Pierwsze<\/a><\/li>\n\n\n\n<li><a href=\"https:\/\/www.labunie.com.pl\/?page_id=34104\">Budowa placu zabaw w miejscowo\u015bci Barchacz\u00f3w<\/a><\/li>\n\n\n\n<li><a href=\"https:\/\/www.labunie.com.pl\/?page_id=36652\">Budowa infrastruktury turystycznej i rekreacyjnej w Gminie \u0141abunie<\/a><\/li>\n\n\n\n<li><a href=\"https:\/\/www.labunie.com.pl\/?page_id=37333\">Cyberbezpieczna Gmina \u0141abunie<\/a><\/li>\n\n\n\n<li><a href=\"https:\/\/www.labunie.com.pl\/?page_id=39336\">Poprawa infrastruktury sportowej na terenie Gminy \u0141abunie<\/a> <\/li>\n\n\n\n<li><a href=\"https:\/\/www.labunie.com.pl\/?page_id=39342\">Poprawa infrastruktury drogowej na terenie Gminy \u0141abunie<\/a><\/li>\n\n\n\n<li><a href=\"https:\/\/www.labunie.com.pl\/?page_id=39349\">Poprawa infrastruktury o\u015bwietlenia ulicznego na terenie Gminy \u0141abunie<\/a><\/li>\n\n\n\n<li><a href=\"https:\/\/www.labunie.com.pl\/?page_id=39353\">Budowa gara\u017cu OSP w W\u00f3lce \u0141abu\u0144skiej<\/a><\/li>\n\n\n\n<li><a href=\"https:\/\/www.labunie.com.pl\/?page_id=39355\">Poprawa infrastruktury drogowej na terenie gminy \u0141abunie<\/a><\/li>\n\n\n\n<li><a href=\"https:\/\/www.labunie.com.pl\/?page_id=39359\">Budowa stra\u017cnicy OSP w \u0141abuniach<\/a><\/li>\n\n\n\n<li><a href=\"https:\/\/www.labunie.com.pl\/?page_id=39362\">Budowa parkanu oraz elewacji ko\u015bcio\u0142a parafialnego w \u0141abuniach<\/a><\/li>\n\n\n\n<li><a href=\"https:\/\/www.labunie.com.pl\/?page_id=39366\">Prace naprawcze wybranych drobnych sakralnych obiekt\u00f3w zabytkowych z rejestru zabytk\u00f3w oraz gminnej ewidencji zabytk\u00f3w<\/a><\/li>\n\n\n\n<li><a href=\"https:\/\/www.labunie.com.pl\/?page_id=39370\">Remont pa\u0142acu w zespole pa\u0142acowo-parkowym w \u0141abu\u0144kach Pierwszych<\/a><\/li>\n\n\n\n<li><a href=\"https:\/\/www.labunie.com.pl\/?page_id=39373\">Realizacja rob\u00f3t zwi\u0105zanych z osuszeniem mur\u00f3w budynk\u00f3w Zespo\u0142u pa\u0142acowo-parkowego w \u0141abuniach<\/a><\/li>\n\n\n\n<li><a href=\"https:\/\/www.labunie.com.pl\/?page_id=39377\">Poprawa infrastruktury drogowej na terenie gminy \u0141abunie<\/a><\/li>\n\n\n\n<li><a href=\"https:\/\/www.labunie.com.pl\/?page_id=39383\">Poprawa szkolnej infrastruktury sportowej na terenie gminy \u0141abunie<\/a><\/li>\n\n\n\n<li><a href=\"https:\/\/www.labunie.com.pl\/?page_id=39388\">Poprawa infrastruktury spo\u0142ecznej na terenie gminy \u0141abunie<\/a><\/li>\n\n\n\n<li><a href=\"https:\/\/www.labunie.com.pl\/?page_id=39392\">Remonty wybranych miejsc pami\u0119ci z terenu gminy \u0141abunie<\/a><\/li>\n\n\n\n<li><a href=\"https:\/\/www.labunie.com.pl\/?page_id=39396\">Remont miejsc pami\u0119ci na cmentarzu parafialnym w \u0141abuniach<\/a><\/li>\n\n\n\n<li><a href=\"https:\/\/www.labunie.com.pl\/?page_id=39400\">Modernizacja o\u015bwietlenia ulicznego na terenie gminy \u0141abunie<\/a><\/li>\n\n\n\n<li><a href=\"https:\/\/www.labunie.com.pl\/?page_id=42898\">Zakup i dostawa sprz\u0119tu w ramach Programu Ochrony Ludno\u015bci i Obrony Cywilnej<\/a><\/li>\n<\/ul>\n\n\n","protected":false},"excerpt":{"rendered":"","protected":false},"author":7,"featured_media":0,"parent":371,"menu_order":4,"comment_status":"closed","ping_status":"closed","template":"","meta":{"footnotes":""},"class_list":["post-463","page","type-page","status-publish","hentry","clearfix"],"_links":{"self":[{"href":"https:\/\/www.labunie.com.pl\/index.php?rest_route=\/wp\/v2\/pages\/463","targetHints":{"allow":["GET"]}}],"collection":[{"href":"https:\/\/www.labunie.com.pl\/index.php?rest_route=\/wp\/v2\/pages"}],"about":[{"href":"https:\/\/www.labunie.com.pl\/index.php?rest_route=\/wp\/v2\/types\/page"}],"author":[{"embeddable":true,"href":"https:\/\/www.labunie.com.pl\/index.php?rest_route=\/wp\/v2\/users\/7"}],"replies":[{"embeddable":true,"href":"https:\/\/www.labunie.com.pl\/index.php?rest_route=%2Fwp%2Fv2%2Fcomments&post=463"}],"version-history":[{"count":6,"href":"https:\/\/www.labunie.com.pl\/index.php?rest_route=\/wp\/v2\/pages\/463\/revisions"}],"predecessor-version":[{"id":42906,"href":"https:\/\/www.labunie.com.pl\/index.php?rest_route=\/wp\/v2\/pages\/463\/revisions\/42906"}],"up":[{"embeddable":true,"href":"https:\/\/www.labunie.com.pl\/index.php?rest_route=\/wp\/v2\/pages\/371"}],"wp:attachment":[{"href":"https:\/\/www.labunie.com.pl\/index.php?rest_route=%2Fwp%2Fv2%2Fmedia&parent=463"}],"curies":[{"name":"wp","href":"https:\/\/api.w.org\/{rel}","templated":true}]}}