{"id":43294,"date":"2026-04-01T09:56:55","date_gmt":"2026-04-01T07:56:55","guid":{"rendered":"https:\/\/www.labunie.com.pl\/?page_id=43294"},"modified":"2026-04-02T09:53:16","modified_gmt":"2026-04-02T07:53:16","slug":"dofinansowanie-wynagrodzen-pracownikow-jednostek-organizacyjnych-pomocy-spolecznej-w-postaci-dodatku-motywacyjnego-na-lata-2024-2027","status":"publish","type":"page","link":"https:\/\/www.labunie.com.pl\/?page_id=43294","title":{"rendered":"DOFINANSOWANIE WYNAGRODZE\u0143 PRACOWNIK\u00d3W JEDNOSTEK ORGANIZACYJNYCH POMOCY SPO\u0141ECZNEJ W POSTACI DODATKU MOTYWACYJNEGO NA LATA 2024-2027"},"content":{"rendered":"\n<figure class=\"wp-block-image size-full\"><img loading=\"lazy\" decoding=\"async\" width=\"1751\" height=\"583\" src=\"https:\/\/www.labunie.com.pl\/wp-content\/uploads\/2026\/04\/godlo.png\" alt=\"\" class=\"wp-image-43301\" srcset=\"https:\/\/www.labunie.com.pl\/wp-content\/uploads\/2026\/04\/godlo.png 1751w, https:\/\/www.labunie.com.pl\/wp-content\/uploads\/2026\/04\/godlo-300x100.png 300w, https:\/\/www.labunie.com.pl\/wp-content\/uploads\/2026\/04\/godlo-1024x341.png 1024w, https:\/\/www.labunie.com.pl\/wp-content\/uploads\/2026\/04\/godlo-768x256.png 768w, https:\/\/www.labunie.com.pl\/wp-content\/uploads\/2026\/04\/godlo-1536x511.png 1536w\" sizes=\"auto, (max-width: 1751px) 100vw, 1751px\" \/><\/figure>\n\n\n\n<div style=\"height:50px\" aria-hidden=\"true\" class=\"wp-block-spacer\"><\/div>\n\n\n\n<hr class=\"wp-block-separator has-alpha-channel-opacity\"\/>\n\n\n\n<p><strong>PROGRAM &#8220;DOFINANSOWANIE WYNAGRODZE\u0143 PRACOWNIK\u00d3W JEDNOSTEK ORGANIZACYJNYCH POMOCY SPO\u0141ECZNEJ W POSTACI DODATKU MOTYWACYJNEGO NA LATA 2024-2027&#8221;<\/strong><\/p>\n<p>Zgodnie z Umow\u0105 Nr 1555 z dnia 27 marca 2026 r. Wojewoda Lubelski przyzna\u0142 w 2026 roku Gminie \u0141abunie \u015brodki finansowe z bud\u017cetu pa\u0144stwa w formie dotacji celowej w \u0142\u0105cznej wysoko\u015bci 74.017 z\u0142 dla pracownik\u00f3w zatrudnionych w Gminnym O\u015brodku Pomocy Spo\u0142ecznej w \u0141abuniach oraz w Centrum Opieku\u0144czo \u2013 Mieszkalnym w Br\u00f3dku.<\/p>\n<p>Nazwa programu: rz\u0105dowy program \u201eDofinansowanie wynagrodze\u0144 pracownik\u00f3w jednostek organizacyjnych pomocy spo\u0142ecznej w postaci dodatku motywacyjnego na lata 2024-2027&#8243; stanowi\u0105cy za\u0142\u0105cznik do uchwa\u0142y Nr 62 Rady Ministr\u00f3w z dnia 19 czerwca 2024 roku.<\/p>\n<p>Nazwa zadania: dofinansowanie zadania w\u0142asnego Gminy \u0141abunie polegaj\u0105cego na wyp\u0142acie od 1 stycznia 2026 r. do 31 grudnia 2026 r. dodatku motywacyjnego w wysoko\u015bci do 1 000 z\u0142 brutto miesi\u0119cznie oraz na pokrycie koszt\u00f3w sk\u0142adek od tego dodatku, pracownikom zatrudnionym na umow\u0119 o prac\u0119.<\/p>\n<p>Celem Programu jest dofinansowanie wynagrodze\u0144 dla pracownik\u00f3w zatrudnionych w ramach stosunku pracy w jednostkach organizacyjnych pomocy spo\u0142ecznej, realizuj\u0105cych zadania z zakresu pomocy spo\u0142ecznej, w postaci dodatku motywacyjnego, tj. w Gminnym O\u015brodku Pomocy Spo\u0142ecznej w \u0141abuniach i Centrum Opieku\u0144czo \u2013 Mieszkalnym w Br\u00f3dku.<\/p>\n\n\n\n<div style=\"height:50px\" aria-hidden=\"true\" class=\"wp-block-spacer\"><\/div>\n\n\n\n<hr class=\"wp-block-separator has-alpha-channel-opacity\"\/>\n\n\n\n<p><strong>PROGRAM &#8220;DOFINANSOWANIE WYNAGRODZE\u0143 PRACOWNIK\u00d3W JEDNOSTEK ORGANIZACYJNYCH POMOCY SPO\u0141ECZNEJ W POSTACI DODATKU MOTYWACYJNEGO NA LATA 2024-2027&#8221;<\/strong><\/p>\n<p>Zgodnie z Umow\u0105 Nr 191 z dnia 19 marca 2025 r. Wojewoda Lubelski przyzna\u0142 w 2025 roku Gminie \u0141abunie \u015brodki finansowe z bud\u017cetu pa\u0144stwa w formie dotacji celowej w wysoko\u015bci 71.802 z\u0142 dla pracownik\u00f3w zatrudnionych w Gminnym O\u015brodku Pomocy Spo\u0142ecznej w \u0141abuniach.<\/p>\n<p>Nazwa programu: rz\u0105dowy program \u201eDofinansowanie wynagrodze\u0144 pracownik\u00f3w jednostek organizacyjnych pomocy spo\u0142ecznej w postaci dodatku motywacyjnego na lata 2024-2027&#8243; stanowi\u0105cy za\u0142\u0105cznik do uchwa\u0142y Nr 62 Rady Ministr\u00f3w z dnia 19 czerwca 2024 roku.<\/p>\n<p>Nazwa zadania: dofinansowanie zadania w\u0142asnego Gminy \u0141abunie polegaj\u0105cego na wyp\u0142acie od 1 stycznia 2025 r. do 31 grudnia 2025 r. dodatku motywacyjnego w wysoko\u015bci do 1 000 z\u0142 brutto miesi\u0119cznie oraz na pokrycie koszt\u00f3w sk\u0142adek od tego dodatku, pracownikom zatrudnionym na umow\u0119 o prac\u0119.<\/p>\n<p>Celem Programu jest dofinansowanie wynagrodze\u0144 dla pracownik\u00f3w zatrudnionych w ramach stosunku pracy w jednostce organizacyjnej pomocy spo\u0142ecznej, realizuj\u0105cej zadania z zakresu pomocy spo\u0142ecznej, w postaci dodatku motywacyjnego, tj. w Gminnym O\u015brodku Pomocy Spo\u0142ecznej w \u0141abuniach.<\/p>\n\n\n\n<hr class=\"wp-block-separator has-alpha-channel-opacity\"\/>\n\n\n","protected":false},"excerpt":{"rendered":"<p>PROGRAM &#8220;DOFINANSOWANIE WYNAGRODZE\u0143 PRACOWNIK\u00d3W JEDNOSTEK ORGANIZACYJNYCH POMOCY SPO\u0141ECZNEJ W POSTACI DODATKU MOTYWACYJNEGO NA LATA 2024-2027&#8221; Zgodnie z Umow\u0105 Nr 1555 z dnia 27 marca 2026 r. Wojewoda Lubelski przyzna\u0142 w 2026 roku Gminie \u0141abunie \u015brodki finansowe z bud\u017cetu pa\u0144stwa w formie dotacji celowej w \u0142\u0105cznej wysoko\u015bci 74.017 z\u0142 dla pracownik\u00f3w zatrudnionych w Gminnym O\u015brodku Pomocy [&hellip;]<\/p>\n","protected":false},"author":9,"featured_media":23295,"parent":0,"menu_order":0,"comment_status":"closed","ping_status":"closed","template":"","meta":{"footnotes":""},"class_list":["post-43294","page","type-page","status-publish","has-post-thumbnail","hentry","clearfix"],"_links":{"self":[{"href":"https:\/\/www.labunie.com.pl\/index.php?rest_route=\/wp\/v2\/pages\/43294","targetHints":{"allow":["GET"]}}],"collection":[{"href":"https:\/\/www.labunie.com.pl\/index.php?rest_route=\/wp\/v2\/pages"}],"about":[{"href":"https:\/\/www.labunie.com.pl\/index.php?rest_route=\/wp\/v2\/types\/page"}],"author":[{"embeddable":true,"href":"https:\/\/www.labunie.com.pl\/index.php?rest_route=\/wp\/v2\/users\/9"}],"replies":[{"embeddable":true,"href":"https:\/\/www.labunie.com.pl\/index.php?rest_route=%2Fwp%2Fv2%2Fcomments&post=43294"}],"version-history":[{"count":4,"href":"https:\/\/www.labunie.com.pl\/index.php?rest_route=\/wp\/v2\/pages\/43294\/revisions"}],"predecessor-version":[{"id":43325,"href":"https:\/\/www.labunie.com.pl\/index.php?rest_route=\/wp\/v2\/pages\/43294\/revisions\/43325"}],"wp:featuredmedia":[{"embeddable":true,"href":"https:\/\/www.labunie.com.pl\/index.php?rest_route=\/wp\/v2\/media\/23295"}],"wp:attachment":[{"href":"https:\/\/www.labunie.com.pl\/index.php?rest_route=%2Fwp%2Fv2%2Fmedia&parent=43294"}],"curies":[{"name":"wp","href":"https:\/\/api.w.org\/{rel}","templated":true}]}}