{"id":43188,"date":"2026-03-23T14:06:07","date_gmt":"2026-03-23T13:06:07","guid":{"rendered":"https:\/\/www.labunie.com.pl\/?page_id=43188"},"modified":"2026-03-23T14:06:07","modified_gmt":"2026-03-23T13:06:07","slug":"wieloletni-rzadowy-program-posilek-w-szkole-i-w-domu-na-lata-2024-2028-3","status":"publish","type":"page","link":"https:\/\/www.labunie.com.pl\/?page_id=43188","title":{"rendered":"Wieloletni rz\u0105dowy program \u201ePosi\u0142ek w szkole i w domu\u201d na lata 2024-2028"},"content":{"rendered":"\n<figure class=\"wp-block-image size-large\"><img loading=\"lazy\" decoding=\"async\" width=\"800\" height=\"280\" src=\"https:\/\/www.labunie.com.pl\/wp-content\/uploads\/2021\/06\/pl-f_pl-g.png\" alt=\"\" class=\"wp-image-21564\" srcset=\"https:\/\/www.labunie.com.pl\/wp-content\/uploads\/2021\/06\/pl-f_pl-g.png 800w, https:\/\/www.labunie.com.pl\/wp-content\/uploads\/2021\/06\/pl-f_pl-g-300x105.png 300w, https:\/\/www.labunie.com.pl\/wp-content\/uploads\/2021\/06\/pl-f_pl-g-768x269.png 768w\" sizes=\"auto, (max-width: 800px) 100vw, 800px\" \/><\/figure>\n\n\n\n<h2 class=\"wp-block-heading has-text-align-center\"><strong>Wieloletni rz\u0105dowy program <\/strong><br><strong>\u201ePosi\u0142ek w szkole i w domu\u201d na lata 2024-2028<\/strong><\/h2>\n\n\n\n<div style=\"height:20px\" aria-hidden=\"true\" class=\"wp-block-spacer\"><\/div>\n\n\n\n<h3 class=\"wp-block-heading has-text-align-center\"><strong>DOFINANSOWANO ZE \u015aRODK\u00d3W BUD\u017bETU PA\u0143STWA<br>w ramach dotacji celowej<\/strong><\/h3>\n\n\n\n<div style=\"height:20px\" aria-hidden=\"true\" class=\"wp-block-spacer\"><\/div>\n\n\n\n<p><strong>WARTO\u015a\u0106 DOFINANSOWANIA W 2026 roku: 52 000 z\u0142<\/strong><\/p>\n\n\n\n<p>s\u0142ownie z\u0142otych: <em>pi\u0119\u0107dziesi\u0105t dwa tysi\u0105ce z\u0142<\/em><\/p>\n\n\n\n<div style=\"height:20px\" aria-hidden=\"true\" class=\"wp-block-spacer\"><\/div>\n\n\n\n<p><strong>CA\u0141KOWITA WARTO\u015a\u0106 ZADANIA W 2026 roku: 65 000 z\u0142<\/strong><\/p>\n\n\n\n<p>s\u0142ownie z\u0142otych: <em>sze\u015b\u0107dziesi\u0105t pi\u0119\u0107 tysi\u0119cy z\u0142<\/em><\/p>\n\n\n\n<div style=\"height:20px\" aria-hidden=\"true\" class=\"wp-block-spacer\"><\/div>\n\n\n\n<p><strong>KR\u00d3TKI OPIS ZADANIA<\/strong><\/p>\n\n\n\n<p>Gminny O\u015brodek Pomocy Spo\u0142ecznej w \u0141abuniach realizuje Program \u201ePosi\u0142ek w szkole i w domu\u201d w ramach kt\u00f3rego zapewnia pomoc zar\u00f3wno dzieciom, kt\u00f3re wychowuj\u0105 si\u0119 w rodzinach znajduj\u0105cych si\u0119 w trudnej sytuacji jak i osobom starszym, niepe\u0142nosprawnym, o niskich dochodach.<\/p>\n\n\n\n<p>Program przewiduje wsparcie finansowe gmin w udzielaniu pomocy w formie posi\u0142ku, \u015bwiadczenia pieni\u0119\u017cnego w postaci zasi\u0142ku celowego na zakup posi\u0142ku lub \u017cywno\u015bci oraz \u015bwiadczenia rzeczowego w postaci produkt\u00f3w \u017cywno\u015bciowych.<\/p>\n\n\n\n<div style=\"height:20px\" aria-hidden=\"true\" class=\"wp-block-spacer\"><\/div>\n\n\n\n<p><strong>TERMIN REALIZACJI ZADANIA OD 01.01.2026 r. DO 31.12.2026 r.<\/strong><\/p>\n\n\n\n<div style=\"height:20px\" aria-hidden=\"true\" class=\"wp-block-spacer\"><\/div>\n\n\n\n<p><strong>Umowa o dofinansowanie zadania zosta\u0142a podpisana w dniu 23 marca 2026 r.<\/strong><\/p>\n","protected":false},"excerpt":{"rendered":"<p>Wieloletni rz\u0105dowy program \u201ePosi\u0142ek w szkole i w domu\u201d na lata 2024-2028 DOFINANSOWANO ZE \u015aRODK\u00d3W BUD\u017bETU PA\u0143STWAw ramach dotacji celowej WARTO\u015a\u0106 DOFINANSOWANIA W 2026 roku: 52 000 z\u0142 s\u0142ownie z\u0142otych: pi\u0119\u0107dziesi\u0105t dwa tysi\u0105ce z\u0142 CA\u0141KOWITA WARTO\u015a\u0106 ZADANIA W 2026 roku: 65 000 z\u0142 s\u0142ownie z\u0142otych: sze\u015b\u0107dziesi\u0105t pi\u0119\u0107 tysi\u0119cy z\u0142 KR\u00d3TKI OPIS ZADANIA Gminny O\u015brodek Pomocy [&hellip;]<\/p>\n","protected":false},"author":7,"featured_media":0,"parent":0,"menu_order":0,"comment_status":"closed","ping_status":"closed","template":"","meta":{"footnotes":""},"class_list":["post-43188","page","type-page","status-publish","hentry","clearfix"],"_links":{"self":[{"href":"https:\/\/www.labunie.com.pl\/index.php?rest_route=\/wp\/v2\/pages\/43188","targetHints":{"allow":["GET"]}}],"collection":[{"href":"https:\/\/www.labunie.com.pl\/index.php?rest_route=\/wp\/v2\/pages"}],"about":[{"href":"https:\/\/www.labunie.com.pl\/index.php?rest_route=\/wp\/v2\/types\/page"}],"author":[{"embeddable":true,"href":"https:\/\/www.labunie.com.pl\/index.php?rest_route=\/wp\/v2\/users\/7"}],"replies":[{"embeddable":true,"href":"https:\/\/www.labunie.com.pl\/index.php?rest_route=%2Fwp%2Fv2%2Fcomments&post=43188"}],"version-history":[{"count":1,"href":"https:\/\/www.labunie.com.pl\/index.php?rest_route=\/wp\/v2\/pages\/43188\/revisions"}],"predecessor-version":[{"id":43189,"href":"https:\/\/www.labunie.com.pl\/index.php?rest_route=\/wp\/v2\/pages\/43188\/revisions\/43189"}],"wp:attachment":[{"href":"https:\/\/www.labunie.com.pl\/index.php?rest_route=%2Fwp%2Fv2%2Fmedia&parent=43188"}],"curies":[{"name":"wp","href":"https:\/\/api.w.org\/{rel}","templated":true}]}}