{"id":43142,"date":"2026-03-19T13:59:53","date_gmt":"2026-03-19T12:59:53","guid":{"rendered":"https:\/\/www.labunie.com.pl\/?page_id=43142"},"modified":"2026-03-19T13:59:55","modified_gmt":"2026-03-19T12:59:55","slug":"asystent-osobisty-osoby-z-niepelnosprawnoscia-dla-jednostek-samorzadu-terytorialnego-edycja-2026-informacja","status":"publish","type":"page","link":"https:\/\/www.labunie.com.pl\/?page_id=43142","title":{"rendered":"Asystent osobisty osoby z niepe\u0142nosprawno\u015bci\u0105 dla Jednostek Samorz\u0105du Terytorialnego \u2013 edycja 2026 &#8211; informacja"},"content":{"rendered":"\n<div style=\"height:20px\" aria-hidden=\"true\" class=\"wp-block-spacer\"><\/div>\n\n\n<div class=\"wp-block-image\">\n<figure class=\"aligncenter size-large\"><img loading=\"lazy\" decoding=\"async\" width=\"1000\" height=\"155\" src=\"https:\/\/www.labunie.com.pl\/wp-content\/uploads\/2024\/11\/pl-rp-mrpips.png\" alt=\"\" class=\"wp-image-38418\" srcset=\"https:\/\/www.labunie.com.pl\/wp-content\/uploads\/2024\/11\/pl-rp-mrpips.png 1000w, https:\/\/www.labunie.com.pl\/wp-content\/uploads\/2024\/11\/pl-rp-mrpips-300x47.png 300w, https:\/\/www.labunie.com.pl\/wp-content\/uploads\/2024\/11\/pl-rp-mrpips-768x119.png 768w\" sizes=\"auto, (max-width: 1000px) 100vw, 1000px\" \/><\/figure><\/div>\n\n\n<div style=\"height:20px\" aria-hidden=\"true\" class=\"wp-block-spacer\"><\/div>\n\n\n\n<p>Gmina \u0141abunie przyst\u0105pi\u0142a do Programu \u201eAsystent osobisty osoby z niepe\u0142nosprawno\u015bci\u0105\u201d dla Jednostek Samorz\u0105du Terytorialnego \u2013 edycja 2026 w ramach \u015brodk\u00f3w z Funduszu Solidarno\u015bciowego otrzymanych z Ministerstwa Rodziny, Pracy i Polityki Spo\u0142ecznej.<\/p>\n\n\n\n<div style=\"height:20px\" aria-hidden=\"true\" class=\"wp-block-spacer\"><\/div>\n\n\n\n<h2 class=\"wp-block-heading\">Okres realizacji Programu na terenie Gminy \u0141abunie<\/h2>\n\n\n\n<p>Program b\u0119dzie realizowany <strong>do dnia 31 grudnia 2026 roku<\/strong><\/p>\n\n\n\n<p>Kwota dofinansowania <strong>292 847,10<\/strong> z\u0142<\/p>\n\n\n\n<p>Warto\u015b\u0107 projektu<strong> 292 847,10<\/strong> z\u0142<\/p>\n\n\n\n<div style=\"height:20px\" aria-hidden=\"true\" class=\"wp-block-spacer\"><\/div>\n\n\n\n<h2 class=\"wp-block-heading\">Cele Programu<\/h2>\n\n\n\n<p>G\u0142\u00f3wnym celem Programu jest wprowadzenie us\u0142ug asystencji osobistej jako formy og\u00f3lnodost\u0119pnego wsparcia w wykonywaniu codziennych czynno\u015bci oraz funkcjonowaniu w \u017cyciu spo\u0142ecznym.<\/p>\n\n\n\n<h2 class=\"wp-block-heading\">Adresatami Programu s\u0105:<\/h2>\n\n\n\n<p>osoby z niepe\u0142nosprawno\u015bciami posiadaj\u0105ce orzeczenie:<\/p>\n\n\n\n<p>a) o znacznym stopniu niepe\u0142nosprawno\u015bci albo<\/p>\n\n\n\n<p>b) o umiarkowanym stopniu niepe\u0142nosprawno\u015bci albo<\/p>\n\n\n\n<p>c) traktowane na r\u00f3wni z orzeczeniami wymienionymi w lit. a i b, zgodnie z art. 5 i art. 62 ustawy z dnia 27 sierpnia 1997 r. o rehabilitacji zawodowej i spo\u0142ecznej oraz zatrudnianiu os\u00f3b niepe\u0142nosprawnych.<\/p>\n\n\n\n<h2 class=\"wp-block-heading\">Podstawa prawna Programu<\/h2>\n\n\n\n<p>Podstaw\u0105 prawn\u0105 Programu jest art. 7 ust. 5 ustawy z dnia 23 pa\u017adziernika 2018 r.<br>o Funduszu Solidarno\u015bciowym (Dz. U. z 2024 r. poz. 1848).<\/p>\n\n\n\n<p>Umowa o dofinansowanie zadania zosta\u0142a podpisana w dniu 13 stycznia 2026 r.<\/p>\n\n\n\n<p>Szczeg\u00f3\u0142owe informacje dotycz\u0105ce programu mo\u017cna uzyska\u0107 w Gminnym O\u015brodku Pomocy Spo\u0142ecznej w \u0141abuniach ul. Orzechowa 10, pod numerem tel. 84 61 130 08.<\/p>\n","protected":false},"excerpt":{"rendered":"<p>Gmina \u0141abunie przyst\u0105pi\u0142a do Programu \u201eAsystent osobisty osoby z niepe\u0142nosprawno\u015bci\u0105\u201d dla Jednostek Samorz\u0105du Terytorialnego \u2013 edycja 2026 w ramach \u015brodk\u00f3w z Funduszu Solidarno\u015bciowego otrzymanych z Ministerstwa Rodziny, Pracy i Polityki Spo\u0142ecznej. Okres realizacji Programu na terenie Gminy \u0141abunie Program b\u0119dzie realizowany do dnia 31 grudnia 2026 roku Kwota dofinansowania 292 847,10 z\u0142 Warto\u015b\u0107 projektu 292 [&hellip;]<\/p>\n","protected":false},"author":7,"featured_media":0,"parent":0,"menu_order":0,"comment_status":"closed","ping_status":"closed","template":"","meta":{"footnotes":""},"class_list":["post-43142","page","type-page","status-publish","hentry","clearfix"],"_links":{"self":[{"href":"https:\/\/www.labunie.com.pl\/index.php?rest_route=\/wp\/v2\/pages\/43142","targetHints":{"allow":["GET"]}}],"collection":[{"href":"https:\/\/www.labunie.com.pl\/index.php?rest_route=\/wp\/v2\/pages"}],"about":[{"href":"https:\/\/www.labunie.com.pl\/index.php?rest_route=\/wp\/v2\/types\/page"}],"author":[{"embeddable":true,"href":"https:\/\/www.labunie.com.pl\/index.php?rest_route=\/wp\/v2\/users\/7"}],"replies":[{"embeddable":true,"href":"https:\/\/www.labunie.com.pl\/index.php?rest_route=%2Fwp%2Fv2%2Fcomments&post=43142"}],"version-history":[{"count":1,"href":"https:\/\/www.labunie.com.pl\/index.php?rest_route=\/wp\/v2\/pages\/43142\/revisions"}],"predecessor-version":[{"id":43143,"href":"https:\/\/www.labunie.com.pl\/index.php?rest_route=\/wp\/v2\/pages\/43142\/revisions\/43143"}],"wp:attachment":[{"href":"https:\/\/www.labunie.com.pl\/index.php?rest_route=%2Fwp%2Fv2%2Fmedia&parent=43142"}],"curies":[{"name":"wp","href":"https:\/\/api.w.org\/{rel}","templated":true}]}}