{"id":42898,"date":"2026-01-14T08:38:48","date_gmt":"2026-01-14T07:38:48","guid":{"rendered":"https:\/\/www.labunie.com.pl\/?page_id=42898"},"modified":"2026-02-27T13:34:47","modified_gmt":"2026-02-27T12:34:47","slug":"zakup-i-dostawa-sprzetu-w-ramach-programu-ochrony-ludnosci-i-obrony-cywilnej","status":"publish","type":"page","link":"https:\/\/www.labunie.com.pl\/?page_id=42898","title":{"rendered":"Zakup i dostawa sprz\u0119tu w ramach Programu Ochrony Ludno\u015bci i Obrony Cywilnej"},"content":{"rendered":"\n<p>W ramach Programu Ochrony Ludno\u015bci i Obrony Cywilnej na lata 2025-2026 zosta\u0142y podpisane w dniu 11 wrze\u015bnia 2025 r. 4 umowy:<\/p>\n\n\n\n<div style=\"height:50px\" aria-hidden=\"true\" class=\"wp-block-spacer\"><\/div>\n\n\n\n<ol class=\"wp-block-list\">\n<li><strong>Umowa nr 3133 dotyczy\u0142a realizacji zadania w\u0142asnego w obszarze 2: zabezpieczenie logistyczne i zapewnienie ci\u0105g\u0142o\u015bci dostaw<\/strong><\/li>\n<\/ol>\n\n\n\n<p>Nazwa zadania: \u201e Przygotowanie dokumentacji, uzgodnie\u0144 do remontu bazy magazynowej w \u0141abuniach\u201c<\/p>\n\n\n\n<p>Opis zadania: Opracowanie dokumentacji projektowo-kosztorysowej p.n.: \u201eRemont bazy magazynowej w \u0141abuniach, ul. Orzechowa 10, 22-437 \u0141abunie zawieraj\u0105cy: projekt budowlany, kosztorys inwestorski, przedmiar rob\u00f3t, specyfikacje techniczne rob\u00f3t budowlanych, specyfikacje techniczne rob\u00f3t elektrycznych.<\/p>\n\n\n\n<p>\u0141\u0105czna warto\u015b\u0107 zadania: 49 200,00 z\u0142<\/p>\n\n\n\n<div style=\"height:50px\" aria-hidden=\"true\" class=\"wp-block-spacer\"><\/div>\n\n\n\n<ol start=\"2\" class=\"wp-block-list\">\n<li><strong>Umowa nr 3160 dotyczy\u0142a realizacji zadania w\u0142asnego w obszarze: edukacja, szkolenia oraz baza i zaplecze szkoleniowe<\/strong><\/li>\n<\/ol>\n\n\n\n<p>Nazwa zadania: \u201e Szkolenia dla kierowc\u00f3w OSP (w uzgodnieniu z KW PSP), oraz zgodnie z art. 49 ust. 2 Ustawy o Ochronie Ludno\u015bci i Obronie Cywilnej z dnia 5 grudnia 2024 r. na szkolenie os\u00f3b wykonuj\u0105cych zadania zwi\u0105zane z ochron\u0105 ludno\u015bci i obron\u0105 cywiln\u0105.<\/p>\n\n\n\n<p>Opis zadania: Us\u0142uga przeprowadzenia kursu prawa jazdy kat. C (4 osoby) i C+E (1 osoba) dla stra\u017cak\u00f3w OSP z terenu Gminy \u0141abunie.<\/p>\n\n\n\n<p>\u0141\u0105czna warto\u015b\u0107 zadania: 18&nbsp;000,00 z\u0142<\/p>\n\n\n\n<div style=\"height:50px\" aria-hidden=\"true\" class=\"wp-block-spacer\"><\/div>\n\n\n\n<ol start=\"3\" class=\"wp-block-list\">\n<li><strong>Umowa nr 3134 dotyczy\u0142a realizacji zakup\u00f3w inwestycyjnych w obszarze 2: zabezpieczenie logistyczne i zapewnienie ci\u0105g\u0142o\u015bci dostaw<\/strong><\/li>\n<\/ol>\n\n\n\n<p>Nazwa zadania: \u201eZapewnienie ci\u0105g\u0142o\u015bci dostaw- beczkow\u00f3z na wod\u0119 na przyczepce\u201c<\/p>\n\n\n\n<p>Opis zadania: Zakup beczkowozu do wody pitnej na przyczepce.<\/p>\n\n\n\n<p>\u0141\u0105czna warto\u015b\u0107 zadania: 56&nbsp;000,01 z\u0142<\/p>\n\n\n\n<div style=\"height:50px\" aria-hidden=\"true\" class=\"wp-block-spacer\"><\/div>\n\n\n\n<ol start=\"4\" class=\"wp-block-list\">\n<li><strong>Umowa nr 3171 dotyczy\u0142a realizacji zadania w\u0142asnego w obszarze 2: zabezpieczenie logistyczne i zapewnienie ci\u0105g\u0142o\u015bci dostaw<\/strong><\/li>\n<\/ol>\n\n\n\n<p>Nazwa zadania: Doposa\u017cenie bazy magazynowej w: radiotelefony przeno\u015bne, kamizelki kuloodporne, he\u0142my, apteczki osobiste, przed\u0142u\u017cacze, pilarki do drewna, pi\u0142\u0119 do betonu, \u0142\u00f3\u017cka polowe, \u015bpiwory, koce, maski przeciwgazowe, filtry do masek przeciwgazowych, kombinezony przeciwchemiczne, r\u0119kawice ochronne gumowe, mierniki promieniowania, dawkomierze, \u015brodki do dezynfekcji, namioty, worki na piasek, koksowniki, \u0142opaty do piachu, \u0142opaty do \u015bniegu, szpadle, no\u017ce, sznurek, siekiery, manierki na wod\u0119, rega\u0142y na sprz\u0119t i zakup radiotelefon\u00f3w.<\/p>\n\n\n\n<p>Opis zadania:<\/p>\n\n\n\n<p>1) Zakup radiotelefon\u00f3w przeno\u015bnych motorola R7 VHF\u00a0 FKP Premium- 4 szt.<br>2) Zakup kamizelek kuloodpornych klasy IV zg. z norm\u0105 NIJ 0101.06, typu: Plate Carrier, Producent: DA, Model: Spitfire MkII- 14 szt.<br>3) Zakup he\u0142m\u00f3w kuloodpornych, klasy K2\/03, model: ACH Gen.O- 15 szt.<br>4) Zakup apteczek osobistych taktycznych z wyposa\u017ceniem- 55 szt.<br>5) Zakup przed\u0142u\u017caczy na b\u0119bnie 20m 16A IP44- 4 szt.<br>6) Zakup pilarek do drewna Stihl MS 500i- 2 szt.<br>7) Zakup pi\u0142y do betonu CEDRUS CED PC 350- 1 szt.<br>8) Zakup \u0142\u00f3\u017cek polowych- 20 szt.<br>9) Zakup \u015bpiwor\u00f3w- 25 szt.<br>10) Zakup kocy &#8211; 20 szt.<br>11) Zakup masek przeciwgazowych z filtropoch\u0142aniaczem- 20 szt.<br>12) Zakup filtr\u00f3w do masek przeciwgazowych- 35 szt.<br>13) Zakup kombinezon\u00f3w ochronnych przeciwchemicznych- 90 szt.<br>14) Zakup r\u0119kawic ochronnych gumowych neoprenowych chemoodpornych- 20 szt.<br>15) Zakup miernik\u00f3w promieniowania Voltcraft- 2 szt.<br>16) Zakup dawkomierzy promieniowania Voltcraft- 2 szt.<br>17) Zakup \u015brodk\u00f3w do dezynfekcji 5l- 20 szt.<br>18) Zakup namiot\u00f3w- 4 szt.<br>19) Zakup work\u00f3w na piasek polipropylenowych 50&#215;80- 1000 szt.<br>20) Zakup koksownik\u00f3w- 10 szt.<br>21) Zakup \u0142opat piaskowych metalowych standard- 10 szt.<br>22) Zakup \u0142opat do \u015bniegu aluminiowych WZM- 5 szt.<br>23) Zakup szpadli szpic standard- 10 szt. <br>24) Zakup no\u017cy ratowniczych sk\u0142adanych spr\u0119\u017cynowych my\u015bliwskich 22 cm- 10 szt<br>25) Zakup sznurka rolniczego TEX 2000m 4kg.- 10 szt.<br>26) Zakup siekier 2kg- 10 szt.<br>27) Zakup manierek na wod\u0119 typu wojskowego- 20 szt.<br>28) Zakup rega\u0142\u00f3w magazynowych na sprz\u0119t- 20 szt.<br>29) Zakup radiotelefon\u00f3w- motorola R7 VHF\u00a0 FKP Premium- 2 szt.<\/p>\n\n\n\n<p>Dofinansowanie: 196\u00a0860,90 z\u0142<br>Wk\u0142ad w\u0142asny: 12\u00a0024,00 z\u0142<\/p>\n\n\n\n<div style=\"height:100px\" aria-hidden=\"true\" class=\"wp-block-spacer\"><\/div>\n\n\n<div class=\"wp-block-image\">\n<figure class=\"aligncenter size-full\"><img loading=\"lazy\" decoding=\"async\" width=\"1000\" height=\"667\" src=\"https:\/\/www.labunie.com.pl\/wp-content\/uploads\/2026\/02\/tablica_OLiOC_2025-2026.jpg\" alt=\"\" class=\"wp-image-42899\" srcset=\"https:\/\/www.labunie.com.pl\/wp-content\/uploads\/2026\/02\/tablica_OLiOC_2025-2026.jpg 1000w, https:\/\/www.labunie.com.pl\/wp-content\/uploads\/2026\/02\/tablica_OLiOC_2025-2026-300x200.jpg 300w, https:\/\/www.labunie.com.pl\/wp-content\/uploads\/2026\/02\/tablica_OLiOC_2025-2026-768x512.jpg 768w\" sizes=\"auto, (max-width: 1000px) 100vw, 1000px\" \/><\/figure><\/div>","protected":false},"excerpt":{"rendered":"<p>W ramach Programu Ochrony Ludno\u015bci i Obrony Cywilnej na lata 2025-2026 zosta\u0142y podpisane w dniu 11 wrze\u015bnia 2025 r. 4 umowy: Nazwa zadania: \u201e Przygotowanie dokumentacji, uzgodnie\u0144 do remontu bazy magazynowej w \u0141abuniach\u201c Opis zadania: Opracowanie dokumentacji projektowo-kosztorysowej p.n.: \u201eRemont bazy magazynowej w \u0141abuniach, ul. Orzechowa 10, 22-437 \u0141abunie zawieraj\u0105cy: projekt budowlany, kosztorys inwestorski, przedmiar [&hellip;]<\/p>\n","protected":false},"author":7,"featured_media":0,"parent":0,"menu_order":0,"comment_status":"closed","ping_status":"closed","template":"","meta":{"footnotes":""},"class_list":["post-42898","page","type-page","status-publish","hentry","clearfix"],"_links":{"self":[{"href":"https:\/\/www.labunie.com.pl\/index.php?rest_route=\/wp\/v2\/pages\/42898","targetHints":{"allow":["GET"]}}],"collection":[{"href":"https:\/\/www.labunie.com.pl\/index.php?rest_route=\/wp\/v2\/pages"}],"about":[{"href":"https:\/\/www.labunie.com.pl\/index.php?rest_route=\/wp\/v2\/types\/page"}],"author":[{"embeddable":true,"href":"https:\/\/www.labunie.com.pl\/index.php?rest_route=\/wp\/v2\/users\/7"}],"replies":[{"embeddable":true,"href":"https:\/\/www.labunie.com.pl\/index.php?rest_route=%2Fwp%2Fv2%2Fcomments&post=42898"}],"version-history":[{"count":4,"href":"https:\/\/www.labunie.com.pl\/index.php?rest_route=\/wp\/v2\/pages\/42898\/revisions"}],"predecessor-version":[{"id":42904,"href":"https:\/\/www.labunie.com.pl\/index.php?rest_route=\/wp\/v2\/pages\/42898\/revisions\/42904"}],"wp:attachment":[{"href":"https:\/\/www.labunie.com.pl\/index.php?rest_route=%2Fwp%2Fv2%2Fmedia&parent=42898"}],"curies":[{"name":"wp","href":"https:\/\/api.w.org\/{rel}","templated":true}]}}