{"id":39400,"date":"2025-02-03T11:03:00","date_gmt":"2025-02-03T10:03:00","guid":{"rendered":"https:\/\/www.labunie.com.pl\/?page_id=39400"},"modified":"2025-02-03T11:03:01","modified_gmt":"2025-02-03T10:03:01","slug":"modernizacja-oswietlenia-ulicznego-na-terenie-gminy-labunie","status":"publish","type":"page","link":"https:\/\/www.labunie.com.pl\/?page_id=39400","title":{"rendered":"Modernizacja o\u015bwietlenia ulicznego na terenie gminy \u0141abunie"},"content":{"rendered":"\n<p style=\"text-align: justify;\">Zadanie zak\u0142ada modernizacj\u0119 (wymian\u0119) istniej\u0105cego na terenie gminy \u0141abunie o\u015bwietlenia ulicznego,\u00a0 polegaj\u0105c\u0105 na wymianie opraw nieenergooszcz\u0119dnych na nowe oprawy energooszcz\u0119dne typu LED w miejscowo\u015bciach: \u0141abunie, \u0141abunie-Reforma, \u0141abu\u0144ki Pierwsze, \u0141abu\u0144ki Drugie, Br\u00f3dek, D\u0105browa, Wierzbie, Rusz\u00f3w, Rusz\u00f3w-Kolonia, W\u00f3lka \u0141abu\u0144ska, Moc\u00f3wka, Majdan Ruszowski.<\/p>\n<p><strong>Warto\u015b\u0107 zadania: <\/strong>784.700,00<\/p>\n<p><strong>Warto\u015b\u0107 dofinansowania:<\/strong> 627.760,00<\/p>\n\n\n\n<div style=\"height:21px\" aria-hidden=\"true\" class=\"wp-block-spacer\"><\/div>\n\n\n","protected":false},"excerpt":{"rendered":"<p>Zadanie zak\u0142ada modernizacj\u0119 (wymian\u0119) istniej\u0105cego na terenie gminy \u0141abunie o\u015bwietlenia ulicznego,\u00a0 polegaj\u0105c\u0105 na wymianie opraw nieenergooszcz\u0119dnych na nowe oprawy energooszcz\u0119dne typu LED w miejscowo\u015bciach: \u0141abunie, \u0141abunie-Reforma, \u0141abu\u0144ki Pierwsze, \u0141abu\u0144ki Drugie, Br\u00f3dek, D\u0105browa, Wierzbie, Rusz\u00f3w, Rusz\u00f3w-Kolonia, W\u00f3lka \u0141abu\u0144ska, Moc\u00f3wka, Majdan Ruszowski. Warto\u015b\u0107 zadania: 784.700,00 Warto\u015b\u0107 dofinansowania: 627.760,00<\/p>\n","protected":false},"author":11,"featured_media":0,"parent":0,"menu_order":0,"comment_status":"closed","ping_status":"closed","template":"","meta":{"footnotes":""},"class_list":["post-39400","page","type-page","status-publish","hentry","clearfix"],"_links":{"self":[{"href":"https:\/\/www.labunie.com.pl\/index.php?rest_route=\/wp\/v2\/pages\/39400","targetHints":{"allow":["GET"]}}],"collection":[{"href":"https:\/\/www.labunie.com.pl\/index.php?rest_route=\/wp\/v2\/pages"}],"about":[{"href":"https:\/\/www.labunie.com.pl\/index.php?rest_route=\/wp\/v2\/types\/page"}],"author":[{"embeddable":true,"href":"https:\/\/www.labunie.com.pl\/index.php?rest_route=\/wp\/v2\/users\/11"}],"replies":[{"embeddable":true,"href":"https:\/\/www.labunie.com.pl\/index.php?rest_route=%2Fwp%2Fv2%2Fcomments&post=39400"}],"version-history":[{"count":1,"href":"https:\/\/www.labunie.com.pl\/index.php?rest_route=\/wp\/v2\/pages\/39400\/revisions"}],"predecessor-version":[{"id":39401,"href":"https:\/\/www.labunie.com.pl\/index.php?rest_route=\/wp\/v2\/pages\/39400\/revisions\/39401"}],"wp:attachment":[{"href":"https:\/\/www.labunie.com.pl\/index.php?rest_route=%2Fwp%2Fv2%2Fmedia&parent=39400"}],"curies":[{"name":"wp","href":"https:\/\/api.w.org\/{rel}","templated":true}]}}