{"id":39388,"date":"2025-02-03T10:52:39","date_gmt":"2025-02-03T09:52:39","guid":{"rendered":"https:\/\/www.labunie.com.pl\/?page_id=39388"},"modified":"2025-03-17T13:55:25","modified_gmt":"2025-03-17T12:55:25","slug":"poprawa-infrastruktury-spolecznej-na-terenie-gminy-labunie","status":"publish","type":"page","link":"https:\/\/www.labunie.com.pl\/?page_id=39388","title":{"rendered":"Poprawa infrastruktury spo\u0142ecznej na terenie gminy \u0141abunie"},"content":{"rendered":"\n<p style=\"text-align: justify;\">Inwestycja obejmuje drobne remonty remiz i \u015bwietlic oraz zagospodarowanie terenu wok\u00f3\u0142 nich poprzez budow\u0119 parking\u00f3w, ogrodze\u0144 i budow\u0119 infrastruktury rekreacyjno-sportowej w miejscowo\u015bciach D\u0105browa, Br\u00f3dek, Barchacz\u00f3w, Moc\u00f3wka, Wierzbie, Rusz\u00f3w, Majdan Ruszowski, \u0141abunie Reforma, W\u00f3lka \u0141abu\u0144ska.<\/p>\n<p><strong>Data zawarcia umowy:<\/strong> 21.06.2024<\/p>\n<p><strong>Warto\u015b\u0107 zadania: <\/strong>1.192.250,99\u00a0<\/p>\n<p><strong>Warto\u015b\u0107 dofinansowania:<\/strong> 850.000,00<\/p>\n\n\n\n<div style=\"height:18px\" aria-hidden=\"true\" class=\"wp-block-spacer\"><\/div>\n\n\n\n<figure class=\"wp-block-image size-large\"><img loading=\"lazy\" decoding=\"async\" width=\"1024\" height=\"655\" src=\"https:\/\/www.labunie.com.pl\/wp-content\/uploads\/2025\/03\/9-1024x655.png\" alt=\"\" class=\"wp-image-39806\" srcset=\"https:\/\/www.labunie.com.pl\/wp-content\/uploads\/2025\/03\/9-1024x655.png 1024w, https:\/\/www.labunie.com.pl\/wp-content\/uploads\/2025\/03\/9-300x192.png 300w, https:\/\/www.labunie.com.pl\/wp-content\/uploads\/2025\/03\/9-768x491.png 768w, https:\/\/www.labunie.com.pl\/wp-content\/uploads\/2025\/03\/9.png 1419w\" sizes=\"auto, (max-width: 1024px) 100vw, 1024px\" \/><\/figure>\n","protected":false},"excerpt":{"rendered":"<p>Inwestycja obejmuje drobne remonty remiz i \u015bwietlic oraz zagospodarowanie terenu wok\u00f3\u0142 nich poprzez budow\u0119 parking\u00f3w, ogrodze\u0144 i budow\u0119 infrastruktury rekreacyjno-sportowej w miejscowo\u015bciach D\u0105browa, Br\u00f3dek, Barchacz\u00f3w, Moc\u00f3wka, Wierzbie, Rusz\u00f3w, Majdan Ruszowski, \u0141abunie Reforma, W\u00f3lka \u0141abu\u0144ska. Data zawarcia umowy: 21.06.2024 Warto\u015b\u0107 zadania: 1.192.250,99\u00a0 Warto\u015b\u0107 dofinansowania: 850.000,00<\/p>\n","protected":false},"author":11,"featured_media":0,"parent":0,"menu_order":0,"comment_status":"closed","ping_status":"closed","template":"","meta":{"footnotes":""},"class_list":["post-39388","page","type-page","status-publish","hentry","clearfix"],"_links":{"self":[{"href":"https:\/\/www.labunie.com.pl\/index.php?rest_route=\/wp\/v2\/pages\/39388","targetHints":{"allow":["GET"]}}],"collection":[{"href":"https:\/\/www.labunie.com.pl\/index.php?rest_route=\/wp\/v2\/pages"}],"about":[{"href":"https:\/\/www.labunie.com.pl\/index.php?rest_route=\/wp\/v2\/types\/page"}],"author":[{"embeddable":true,"href":"https:\/\/www.labunie.com.pl\/index.php?rest_route=\/wp\/v2\/users\/11"}],"replies":[{"embeddable":true,"href":"https:\/\/www.labunie.com.pl\/index.php?rest_route=%2Fwp%2Fv2%2Fcomments&post=39388"}],"version-history":[{"count":3,"href":"https:\/\/www.labunie.com.pl\/index.php?rest_route=\/wp\/v2\/pages\/39388\/revisions"}],"predecessor-version":[{"id":39807,"href":"https:\/\/www.labunie.com.pl\/index.php?rest_route=\/wp\/v2\/pages\/39388\/revisions\/39807"}],"wp:attachment":[{"href":"https:\/\/www.labunie.com.pl\/index.php?rest_route=%2Fwp%2Fv2%2Fmedia&parent=39388"}],"curies":[{"name":"wp","href":"https:\/\/api.w.org\/{rel}","templated":true}]}}