{"id":39383,"date":"2025-02-03T10:50:53","date_gmt":"2025-02-03T09:50:53","guid":{"rendered":"https:\/\/www.labunie.com.pl\/?page_id=39383"},"modified":"2025-03-17T13:54:20","modified_gmt":"2025-03-17T12:54:20","slug":"poprawa-szkolnej-infrastruktury-sportowej-na-terenie-gminy-labunie","status":"publish","type":"page","link":"https:\/\/www.labunie.com.pl\/?page_id=39383","title":{"rendered":"Poprawa szkolnej infrastruktury sportowej na terenie gminy \u0141abunie"},"content":{"rendered":"\n<p style=\"text-align: justify;\">Inwestycja obejmuje budow\u0119 2 boisk wielofunkcyjnych o sztucznej nawierzchni wraz z ogrodzeniem, o\u015bwietleniem i monitoringiem, budow\u0119 2 bie\u017cni lekkoatletycznych prostych, budow\u0119 drobnej infrastruktury lekkoatletycznej wraz z zagospodarowaniem terenu przy Zespo\u0142ach Szkolno-Przedszkolnych w \u0141abuniach i \u0141abu\u0144kach Pierwszych oraz budow\u0119 placu zabaw w \u0141abu\u0144kach Pierwszych, rozbudow\u0119 placu zabaw w \u0141abuniach, wymian\u0119 nawierzchni ze sztucznej trawy na boisku orlik w \u0141abuniach i budow\u0119 boisk.<\/p>\n<p><strong>Data zawarcia umowy:<\/strong> 09.08.2024<\/p>\n<p><strong>Warto\u015b\u0107 zadania: <\/strong>4.179.540,00\u00a0<\/p>\n<p><strong>Warto\u015b\u0107 dofinansowania:<\/strong> 2.970.000,00<\/p>\n\n\n\n<div style=\"height:26px\" aria-hidden=\"true\" class=\"wp-block-spacer\"><\/div>\n\n\n\n<figure class=\"wp-block-image size-large\"><img loading=\"lazy\" decoding=\"async\" width=\"1024\" height=\"657\" src=\"https:\/\/www.labunie.com.pl\/wp-content\/uploads\/2025\/03\/8-1024x657.png\" alt=\"\" class=\"wp-image-39804\" srcset=\"https:\/\/www.labunie.com.pl\/wp-content\/uploads\/2025\/03\/8-1024x657.png 1024w, https:\/\/www.labunie.com.pl\/wp-content\/uploads\/2025\/03\/8-300x193.png 300w, https:\/\/www.labunie.com.pl\/wp-content\/uploads\/2025\/03\/8-768x493.png 768w, https:\/\/www.labunie.com.pl\/wp-content\/uploads\/2025\/03\/8.png 1416w\" sizes=\"auto, (max-width: 1024px) 100vw, 1024px\" \/><\/figure>\n","protected":false},"excerpt":{"rendered":"<p>Inwestycja obejmuje budow\u0119 2 boisk wielofunkcyjnych o sztucznej nawierzchni wraz z ogrodzeniem, o\u015bwietleniem i monitoringiem, budow\u0119 2 bie\u017cni lekkoatletycznych prostych, budow\u0119 drobnej infrastruktury lekkoatletycznej wraz z zagospodarowaniem terenu przy Zespo\u0142ach Szkolno-Przedszkolnych w \u0141abuniach i \u0141abu\u0144kach Pierwszych oraz budow\u0119 placu zabaw w \u0141abu\u0144kach Pierwszych, rozbudow\u0119 placu zabaw w \u0141abuniach, wymian\u0119 nawierzchni ze sztucznej trawy na boisku [&hellip;]<\/p>\n","protected":false},"author":11,"featured_media":0,"parent":0,"menu_order":0,"comment_status":"closed","ping_status":"closed","template":"","meta":{"footnotes":""},"class_list":["post-39383","page","type-page","status-publish","hentry","clearfix"],"_links":{"self":[{"href":"https:\/\/www.labunie.com.pl\/index.php?rest_route=\/wp\/v2\/pages\/39383","targetHints":{"allow":["GET"]}}],"collection":[{"href":"https:\/\/www.labunie.com.pl\/index.php?rest_route=\/wp\/v2\/pages"}],"about":[{"href":"https:\/\/www.labunie.com.pl\/index.php?rest_route=\/wp\/v2\/types\/page"}],"author":[{"embeddable":true,"href":"https:\/\/www.labunie.com.pl\/index.php?rest_route=\/wp\/v2\/users\/11"}],"replies":[{"embeddable":true,"href":"https:\/\/www.labunie.com.pl\/index.php?rest_route=%2Fwp%2Fv2%2Fcomments&post=39383"}],"version-history":[{"count":3,"href":"https:\/\/www.labunie.com.pl\/index.php?rest_route=\/wp\/v2\/pages\/39383\/revisions"}],"predecessor-version":[{"id":39805,"href":"https:\/\/www.labunie.com.pl\/index.php?rest_route=\/wp\/v2\/pages\/39383\/revisions\/39805"}],"wp:attachment":[{"href":"https:\/\/www.labunie.com.pl\/index.php?rest_route=%2Fwp%2Fv2%2Fmedia&parent=39383"}],"curies":[{"name":"wp","href":"https:\/\/api.w.org\/{rel}","templated":true}]}}