{"id":39377,"date":"2025-02-03T10:42:55","date_gmt":"2025-02-03T09:42:55","guid":{"rendered":"https:\/\/www.labunie.com.pl\/?page_id=39377"},"modified":"2025-03-17T13:53:38","modified_gmt":"2025-03-17T12:53:38","slug":"poprawa-infrastruktury-drogowej-na-terenie-gminy-labunie-2","status":"publish","type":"page","link":"https:\/\/www.labunie.com.pl\/?page_id=39377","title":{"rendered":"Poprawa infrastruktury drogowej na terenie gminy \u0141abunie"},"content":{"rendered":"\n<p style=\"text-align: justify;\">Inwestycja obejmuje remont 15 dr\u00f3g w miejscowo\u015bciach: \u0141abunie ul. Partyzant\u00f3w droga nr 110898L, ul. Le\u015bna nr 110894L, ul. G\u00f3rna nr 110906L, ul. Kr\u00f3tka nr 110907L, ul. Armii Krajowej nr 110897L, ul. Polna, ul. Gminna, droga w miejscowo\u015bciach \u0141abunie i Barchacz\u00f3w nr 110910L, w Ruszowie nr 110889L i nr 110904L, w \u0141abu\u0144kach Pierwszych nr 110907L, w Wierzbiu nr 110885L, w \u0141abu\u0144kach Drugich nr ew. 294, w W\u00f3lce \u0141abu\u0144skiej nr ew. 172\/3, droga w miejscowo\u015bciach W\u00f3lka \u0141abu\u0144ska nr ew.1052 i \u0141abunie Reforma nr ew. 209. Istniej\u0105ca nawierzchnia tych dr\u00f3g jest w bardzo z\u0142ym stanie technicznym. Zak\u0142ada si\u0119 napraw\u0119 nawierzchni, wzmocnienie poboczy i punktow\u0105 popraw\u0119 w zakresie zjazd\u00f3w. Wykonanie remont\u00f3w przyczyni si\u0119 do wzrostu bezpiecze\u0144stwa dla ruchu drogowego i pieszego, poprawie ulegnie standard warunk\u00f3w komunikacyjnych oraz komfort podr\u00f3\u017cowania.<\/p>\n<p><strong>Data zawarcia umowy:<\/strong> 25.04.2024<\/p>\n<p><strong>Warto\u015b\u0107 zadania: <\/strong>4.866.798,87<\/p>\n<p><strong>Warto\u015b\u0107 dofinansowania:<\/strong> 4.623.458,92\u00a0<\/p>\n\n\n\n<div style=\"height:23px\" aria-hidden=\"true\" class=\"wp-block-spacer\"><\/div>\n\n\n\n<figure class=\"wp-block-image size-large\"><img loading=\"lazy\" decoding=\"async\" width=\"1421\" height=\"912\" src=\"https:\/\/www.labunie.com.pl\/wp-content\/uploads\/2025\/03\/7-1024x657.png\" alt=\"\" class=\"wp-image-39802\" srcset=\"https:\/\/www.labunie.com.pl\/wp-content\/uploads\/2025\/03\/7-1024x657.png 1024w, https:\/\/www.labunie.com.pl\/wp-content\/uploads\/2025\/03\/7-300x193.png 300w, https:\/\/www.labunie.com.pl\/wp-content\/uploads\/2025\/03\/7-768x493.png 768w, https:\/\/www.labunie.com.pl\/wp-content\/uploads\/2025\/03\/7.png 1421w\" sizes=\"auto, (max-width: 1421px) 100vw, 1421px\" \/><\/figure>\n","protected":false},"excerpt":{"rendered":"<p>Inwestycja obejmuje remont 15 dr\u00f3g w miejscowo\u015bciach: \u0141abunie ul. Partyzant\u00f3w droga nr 110898L, ul. Le\u015bna nr 110894L, ul. G\u00f3rna nr 110906L, ul. Kr\u00f3tka nr 110907L, ul. Armii Krajowej nr 110897L, ul. Polna, ul. Gminna, droga w miejscowo\u015bciach \u0141abunie i Barchacz\u00f3w nr 110910L, w Ruszowie nr 110889L i nr 110904L, w \u0141abu\u0144kach Pierwszych nr 110907L, w [&hellip;]<\/p>\n","protected":false},"author":11,"featured_media":0,"parent":0,"menu_order":0,"comment_status":"closed","ping_status":"closed","template":"","meta":{"footnotes":""},"class_list":["post-39377","page","type-page","status-publish","hentry","clearfix"],"_links":{"self":[{"href":"https:\/\/www.labunie.com.pl\/index.php?rest_route=\/wp\/v2\/pages\/39377","targetHints":{"allow":["GET"]}}],"collection":[{"href":"https:\/\/www.labunie.com.pl\/index.php?rest_route=\/wp\/v2\/pages"}],"about":[{"href":"https:\/\/www.labunie.com.pl\/index.php?rest_route=\/wp\/v2\/types\/page"}],"author":[{"embeddable":true,"href":"https:\/\/www.labunie.com.pl\/index.php?rest_route=\/wp\/v2\/users\/11"}],"replies":[{"embeddable":true,"href":"https:\/\/www.labunie.com.pl\/index.php?rest_route=%2Fwp%2Fv2%2Fcomments&post=39377"}],"version-history":[{"count":5,"href":"https:\/\/www.labunie.com.pl\/index.php?rest_route=\/wp\/v2\/pages\/39377\/revisions"}],"predecessor-version":[{"id":42785,"href":"https:\/\/www.labunie.com.pl\/index.php?rest_route=\/wp\/v2\/pages\/39377\/revisions\/42785"}],"wp:attachment":[{"href":"https:\/\/www.labunie.com.pl\/index.php?rest_route=%2Fwp%2Fv2%2Fmedia&parent=39377"}],"curies":[{"name":"wp","href":"https:\/\/api.w.org\/{rel}","templated":true}]}}