{"id":39373,"date":"2025-02-03T10:39:43","date_gmt":"2025-02-03T09:39:43","guid":{"rendered":"https:\/\/www.labunie.com.pl\/?page_id=39373"},"modified":"2025-03-17T13:59:58","modified_gmt":"2025-03-17T12:59:58","slug":"realizacja-robot-zwiazanych-z-osuszeniem-murow-budynkow-zespolu-palacowo-parkowego-w-labuniach","status":"publish","type":"page","link":"https:\/\/www.labunie.com.pl\/?page_id=39373","title":{"rendered":"Realizacja rob\u00f3t zwi\u0105zanych z osuszeniem mur\u00f3w budynk\u00f3w Zespo\u0142u pa\u0142acowo-parkowego w \u0141abuniach"},"content":{"rendered":"\n<p style=\"text-align: justify;\">Wykonanie naprawy\u00a0 zdegradowanych i zasolonych tynk\u00f3w budynku g\u0142\u00f3wnego (przemurowania, iniekcja rys elewacji, uzupe\u0142nienia), skucie starych tynk\u00f3w, odsolenie mur\u00f3w.<\/p>\n<p><strong>Data zawarcia umowy:<\/strong> 17.09.2024<\/p>\n<p><strong>Warto\u015b\u0107 zadania: <\/strong>332.180,87<\/p>\n<p><strong>Warto\u015b\u0107 dofinansowania:<\/strong> 325.537,25<\/p>\n\n\n\n<div style=\"height:25px\" aria-hidden=\"true\" class=\"wp-block-spacer\"><\/div>\n\n\n\n<figure class=\"wp-block-image size-large\"><img loading=\"lazy\" decoding=\"async\" width=\"1024\" height=\"677\" src=\"https:\/\/www.labunie.com.pl\/wp-content\/uploads\/2025\/03\/13-1024x677.png\" alt=\"\" class=\"wp-image-39815\" srcset=\"https:\/\/www.labunie.com.pl\/wp-content\/uploads\/2025\/03\/13-1024x677.png 1024w, https:\/\/www.labunie.com.pl\/wp-content\/uploads\/2025\/03\/13-300x198.png 300w, https:\/\/www.labunie.com.pl\/wp-content\/uploads\/2025\/03\/13-768x508.png 768w, https:\/\/www.labunie.com.pl\/wp-content\/uploads\/2025\/03\/13.png 1419w\" sizes=\"auto, (max-width: 1024px) 100vw, 1024px\" \/><\/figure>\n","protected":false},"excerpt":{"rendered":"<p>Wykonanie naprawy\u00a0 zdegradowanych i zasolonych tynk\u00f3w budynku g\u0142\u00f3wnego (przemurowania, iniekcja rys elewacji, uzupe\u0142nienia), skucie starych tynk\u00f3w, odsolenie mur\u00f3w. Data zawarcia umowy: 17.09.2024 Warto\u015b\u0107 zadania: 332.180,87 Warto\u015b\u0107 dofinansowania: 325.537,25<\/p>\n","protected":false},"author":11,"featured_media":0,"parent":0,"menu_order":0,"comment_status":"closed","ping_status":"closed","template":"","meta":{"footnotes":""},"class_list":["post-39373","page","type-page","status-publish","hentry","clearfix"],"_links":{"self":[{"href":"https:\/\/www.labunie.com.pl\/index.php?rest_route=\/wp\/v2\/pages\/39373","targetHints":{"allow":["GET"]}}],"collection":[{"href":"https:\/\/www.labunie.com.pl\/index.php?rest_route=\/wp\/v2\/pages"}],"about":[{"href":"https:\/\/www.labunie.com.pl\/index.php?rest_route=\/wp\/v2\/types\/page"}],"author":[{"embeddable":true,"href":"https:\/\/www.labunie.com.pl\/index.php?rest_route=\/wp\/v2\/users\/11"}],"replies":[{"embeddable":true,"href":"https:\/\/www.labunie.com.pl\/index.php?rest_route=%2Fwp%2Fv2%2Fcomments&post=39373"}],"version-history":[{"count":3,"href":"https:\/\/www.labunie.com.pl\/index.php?rest_route=\/wp\/v2\/pages\/39373\/revisions"}],"predecessor-version":[{"id":39816,"href":"https:\/\/www.labunie.com.pl\/index.php?rest_route=\/wp\/v2\/pages\/39373\/revisions\/39816"}],"wp:attachment":[{"href":"https:\/\/www.labunie.com.pl\/index.php?rest_route=%2Fwp%2Fv2%2Fmedia&parent=39373"}],"curies":[{"name":"wp","href":"https:\/\/api.w.org\/{rel}","templated":true}]}}