{"id":39370,"date":"2025-02-03T11:11:19","date_gmt":"2025-02-03T10:11:19","guid":{"rendered":"https:\/\/www.labunie.com.pl\/?page_id=39370"},"modified":"2025-03-17T13:58:32","modified_gmt":"2025-03-17T12:58:32","slug":"remont-palacu-w-zespole-palacowo-parkowym-w-labunkach-pierwszych","status":"publish","type":"page","link":"https:\/\/www.labunie.com.pl\/?page_id=39370","title":{"rendered":"Remont pa\u0142acu w zespole pa\u0142acowo-parkowym w \u0141abu\u0144kach Pierwszych"},"content":{"rendered":"\n<p style=\"text-align: justify;\">Remont pa\u0142acu w zespole pa\u0142acowo-parkowym w \u0141abu\u0144kach Pierwszych obejmuj\u0105cy: wymian\u0119 stolarki okiennej i drzwiowej, wykonanie wewn\u0119trznej instalacji gazu ziemnego, wykonanie kot\u0142owni gazowej oraz wymian\u0119 element\u00f3w konstrukcji i wyposa\u017cenia klatki schodowej.<\/p>\n<p><strong>Data zawarcia umowy:<\/strong> 15.01.2024<\/p>\n<p style=\"text-align: justify;\"><strong>Warto\u015b\u0107 zadania:<\/strong> 331.000,00<\/p>\n<p style=\"text-align: justify;\"><strong>Warto\u015b\u0107 dofinansowania:<\/strong> 319.480,00<\/p>\n\n\n\n<div style=\"height:21px\" aria-hidden=\"true\" class=\"wp-block-spacer\"><\/div>\n\n\n\n<figure class=\"wp-block-image size-large\"><img loading=\"lazy\" decoding=\"async\" width=\"1024\" height=\"677\" src=\"https:\/\/www.labunie.com.pl\/wp-content\/uploads\/2025\/03\/12-1024x677.png\" alt=\"\" class=\"wp-image-39813\" srcset=\"https:\/\/www.labunie.com.pl\/wp-content\/uploads\/2025\/03\/12-1024x677.png 1024w, https:\/\/www.labunie.com.pl\/wp-content\/uploads\/2025\/03\/12-300x198.png 300w, https:\/\/www.labunie.com.pl\/wp-content\/uploads\/2025\/03\/12-768x508.png 768w, https:\/\/www.labunie.com.pl\/wp-content\/uploads\/2025\/03\/12.png 1419w\" sizes=\"auto, (max-width: 1024px) 100vw, 1024px\" \/><\/figure>\n","protected":false},"excerpt":{"rendered":"<p>Remont pa\u0142acu w zespole pa\u0142acowo-parkowym w \u0141abu\u0144kach Pierwszych obejmuj\u0105cy: wymian\u0119 stolarki okiennej i drzwiowej, wykonanie wewn\u0119trznej instalacji gazu ziemnego, wykonanie kot\u0142owni gazowej oraz wymian\u0119 element\u00f3w konstrukcji i wyposa\u017cenia klatki schodowej. Data zawarcia umowy: 15.01.2024 Warto\u015b\u0107 zadania: 331.000,00 Warto\u015b\u0107 dofinansowania: 319.480,00<\/p>\n","protected":false},"author":11,"featured_media":0,"parent":0,"menu_order":0,"comment_status":"closed","ping_status":"closed","template":"","meta":{"footnotes":""},"class_list":["post-39370","page","type-page","status-publish","hentry","clearfix"],"_links":{"self":[{"href":"https:\/\/www.labunie.com.pl\/index.php?rest_route=\/wp\/v2\/pages\/39370","targetHints":{"allow":["GET"]}}],"collection":[{"href":"https:\/\/www.labunie.com.pl\/index.php?rest_route=\/wp\/v2\/pages"}],"about":[{"href":"https:\/\/www.labunie.com.pl\/index.php?rest_route=\/wp\/v2\/types\/page"}],"author":[{"embeddable":true,"href":"https:\/\/www.labunie.com.pl\/index.php?rest_route=\/wp\/v2\/users\/11"}],"replies":[{"embeddable":true,"href":"https:\/\/www.labunie.com.pl\/index.php?rest_route=%2Fwp%2Fv2%2Fcomments&post=39370"}],"version-history":[{"count":2,"href":"https:\/\/www.labunie.com.pl\/index.php?rest_route=\/wp\/v2\/pages\/39370\/revisions"}],"predecessor-version":[{"id":39814,"href":"https:\/\/www.labunie.com.pl\/index.php?rest_route=\/wp\/v2\/pages\/39370\/revisions\/39814"}],"wp:attachment":[{"href":"https:\/\/www.labunie.com.pl\/index.php?rest_route=%2Fwp%2Fv2%2Fmedia&parent=39370"}],"curies":[{"name":"wp","href":"https:\/\/api.w.org\/{rel}","templated":true}]}}