{"id":39359,"date":"2025-02-03T11:07:28","date_gmt":"2025-02-03T10:07:28","guid":{"rendered":"https:\/\/www.labunie.com.pl\/?page_id=39359"},"modified":"2025-03-17T13:52:53","modified_gmt":"2025-03-17T12:52:53","slug":"budowa-straznicy-osp-w-labuniach","status":"publish","type":"page","link":"https:\/\/www.labunie.com.pl\/?page_id=39359","title":{"rendered":"Budowa stra\u017cnicy OSP w \u0141abuniach"},"content":{"rendered":"\n<p style=\"text-align: justify;\">Inwestycja polega na wybudowaniu nowego budynku stra\u017cnicy OSP o powierzchni zabudowy ok. 300 m kw., sk\u0142adaj\u0105cego si\u0119 z 3 gara\u017cy, magazynu sprz\u0119tu ochrony przeciwpo\u017carowej,\u00a0 obrony cywilnej i zarz\u0105dzania kryzysowego, zaplecza sanitarno-szatniowego oraz sali szkoleniowej.<\/p>\n<p>Data zawarcia umowy: 05.06.2023<\/p>\n<p><strong>Warto\u015b\u0107 zadania:<\/strong> 2.087.310,00<\/p>\n<p><strong>Warto\u015b\u0107 dofinansowania:<\/strong> 2.045.563,80<\/p>\n\n\n\n<div style=\"height:27px\" aria-hidden=\"true\" class=\"wp-block-spacer\"><\/div>\n\n\n\n<figure class=\"wp-block-image size-large\"><img loading=\"lazy\" decoding=\"async\" width=\"1420\" height=\"910\" src=\"https:\/\/www.labunie.com.pl\/wp-content\/uploads\/2025\/03\/6-1024x656.png\" alt=\"\" class=\"wp-image-39800\" srcset=\"https:\/\/www.labunie.com.pl\/wp-content\/uploads\/2025\/03\/6-1024x656.png 1024w, https:\/\/www.labunie.com.pl\/wp-content\/uploads\/2025\/03\/6-300x192.png 300w, https:\/\/www.labunie.com.pl\/wp-content\/uploads\/2025\/03\/6-768x492.png 768w, https:\/\/www.labunie.com.pl\/wp-content\/uploads\/2025\/03\/6.png 1420w\" sizes=\"auto, (max-width: 1420px) 100vw, 1420px\" \/><\/figure>\n","protected":false},"excerpt":{"rendered":"<p>Inwestycja polega na wybudowaniu nowego budynku stra\u017cnicy OSP o powierzchni zabudowy ok. 300 m kw., sk\u0142adaj\u0105cego si\u0119 z 3 gara\u017cy, magazynu sprz\u0119tu ochrony przeciwpo\u017carowej,\u00a0 obrony cywilnej i zarz\u0105dzania kryzysowego, zaplecza sanitarno-szatniowego oraz sali szkoleniowej. Data zawarcia umowy: 05.06.2023 Warto\u015b\u0107 zadania: 2.087.310,00 Warto\u015b\u0107 dofinansowania: 2.045.563,80<\/p>\n","protected":false},"author":11,"featured_media":0,"parent":0,"menu_order":0,"comment_status":"closed","ping_status":"closed","template":"","meta":{"footnotes":""},"class_list":["post-39359","page","type-page","status-publish","hentry","clearfix"],"_links":{"self":[{"href":"https:\/\/www.labunie.com.pl\/index.php?rest_route=\/wp\/v2\/pages\/39359","targetHints":{"allow":["GET"]}}],"collection":[{"href":"https:\/\/www.labunie.com.pl\/index.php?rest_route=\/wp\/v2\/pages"}],"about":[{"href":"https:\/\/www.labunie.com.pl\/index.php?rest_route=\/wp\/v2\/types\/page"}],"author":[{"embeddable":true,"href":"https:\/\/www.labunie.com.pl\/index.php?rest_route=\/wp\/v2\/users\/11"}],"replies":[{"embeddable":true,"href":"https:\/\/www.labunie.com.pl\/index.php?rest_route=%2Fwp%2Fv2%2Fcomments&post=39359"}],"version-history":[{"count":3,"href":"https:\/\/www.labunie.com.pl\/index.php?rest_route=\/wp\/v2\/pages\/39359\/revisions"}],"predecessor-version":[{"id":39801,"href":"https:\/\/www.labunie.com.pl\/index.php?rest_route=\/wp\/v2\/pages\/39359\/revisions\/39801"}],"wp:attachment":[{"href":"https:\/\/www.labunie.com.pl\/index.php?rest_route=%2Fwp%2Fv2%2Fmedia&parent=39359"}],"curies":[{"name":"wp","href":"https:\/\/api.w.org\/{rel}","templated":true}]}}