{"id":39349,"date":"2025-02-03T11:05:44","date_gmt":"2025-02-03T10:05:44","guid":{"rendered":"https:\/\/www.labunie.com.pl\/?page_id=39349"},"modified":"2025-03-17T14:05:46","modified_gmt":"2025-03-17T13:05:46","slug":"poprawa-infrastruktury-oswietlenia-ulicznego-na-terenie-gminy-labunie","status":"publish","type":"page","link":"https:\/\/www.labunie.com.pl\/?page_id=39349","title":{"rendered":"Poprawa infrastruktury o\u015bwietlenia ulicznego na terenie gminy \u0141abunie"},"content":{"rendered":"\n<p style=\"text-align: justify;\">Inwestycja obejmuje budow\u0119 nowej sieci elektroenergetycznej o\u015bwietleniowej z infrastruktur\u0105 oraz przebudow\u0119 istniej\u0105cej infrastruktury o\u015bwietleniowej, z przewodami, s\u0142upami, \u017ar\u00f3d\u0142ami o\u015bwietlenia oraz sterowaniem. Obszar inwestycji obejmuje miejscowo\u015bci: \u0141abunie &#8211; ul. Parkowa 220 m, ul. Ko\u015bcielna 1400 m, ul. Zamojska 760 m, ul. Ogrodowa 160 m, ul. Polna 240 m, ul. G\u00f3rna 1020 m; \u0141abu\u0144ki Pierwsze 320 m; Barchacz\u00f3w droga powiatowa 1550 m, drogi gminne 860 m.<\/p>\n<table style=\"width: 100%;\" width=\"100%\">\n<tbody>\n<tr>\n<td style=\"width: 66.8965%;\" width=\"71\">\n<p><strong>Data zawarcia umowy:<\/strong> 27.04.2023<\/p>\n<p><strong>Warto\u015b\u0107 zadania:<\/strong> 1.563.367,75<\/p>\n<p><strong>Warto\u015b\u0107 dofinansowania<\/strong>: 1.407.030,97<\/p>\n<\/td>\n<td style=\"width: 31.7241%;\" width=\"83\">\n<p>\u00a0<\/p>\n<\/td>\n<\/tr>\n<\/tbody>\n<\/table>\n\n\n\n<div style=\"height:29px\" aria-hidden=\"true\" class=\"wp-block-spacer\"><\/div>\n\n\n\n<figure class=\"wp-block-image size-large\"><img loading=\"lazy\" decoding=\"async\" width=\"1024\" height=\"671\" src=\"https:\/\/www.labunie.com.pl\/wp-content\/uploads\/2025\/03\/3-1-1024x671.png\" alt=\"\" class=\"wp-image-39823\" srcset=\"https:\/\/www.labunie.com.pl\/wp-content\/uploads\/2025\/03\/3-1-1024x671.png 1024w, https:\/\/www.labunie.com.pl\/wp-content\/uploads\/2025\/03\/3-1-300x196.png 300w, https:\/\/www.labunie.com.pl\/wp-content\/uploads\/2025\/03\/3-1-768x503.png 768w, https:\/\/www.labunie.com.pl\/wp-content\/uploads\/2025\/03\/3-1.png 1420w\" sizes=\"auto, (max-width: 1024px) 100vw, 1024px\" \/><\/figure>\n","protected":false},"excerpt":{"rendered":"<p>Inwestycja obejmuje budow\u0119 nowej sieci elektroenergetycznej o\u015bwietleniowej z infrastruktur\u0105 oraz przebudow\u0119 istniej\u0105cej infrastruktury o\u015bwietleniowej, z przewodami, s\u0142upami, \u017ar\u00f3d\u0142ami o\u015bwietlenia oraz sterowaniem. Obszar inwestycji obejmuje miejscowo\u015bci: \u0141abunie &#8211; ul. Parkowa 220 m, ul. Ko\u015bcielna 1400 m, ul. Zamojska 760 m, ul. Ogrodowa 160 m, ul. Polna 240 m, ul. G\u00f3rna 1020 m; \u0141abu\u0144ki Pierwsze 320 m; [&hellip;]<\/p>\n","protected":false},"author":11,"featured_media":0,"parent":0,"menu_order":0,"comment_status":"closed","ping_status":"closed","template":"","meta":{"footnotes":""},"class_list":["post-39349","page","type-page","status-publish","hentry","clearfix"],"_links":{"self":[{"href":"https:\/\/www.labunie.com.pl\/index.php?rest_route=\/wp\/v2\/pages\/39349","targetHints":{"allow":["GET"]}}],"collection":[{"href":"https:\/\/www.labunie.com.pl\/index.php?rest_route=\/wp\/v2\/pages"}],"about":[{"href":"https:\/\/www.labunie.com.pl\/index.php?rest_route=\/wp\/v2\/types\/page"}],"author":[{"embeddable":true,"href":"https:\/\/www.labunie.com.pl\/index.php?rest_route=\/wp\/v2\/users\/11"}],"replies":[{"embeddable":true,"href":"https:\/\/www.labunie.com.pl\/index.php?rest_route=%2Fwp%2Fv2%2Fcomments&post=39349"}],"version-history":[{"count":3,"href":"https:\/\/www.labunie.com.pl\/index.php?rest_route=\/wp\/v2\/pages\/39349\/revisions"}],"predecessor-version":[{"id":39824,"href":"https:\/\/www.labunie.com.pl\/index.php?rest_route=\/wp\/v2\/pages\/39349\/revisions\/39824"}],"wp:attachment":[{"href":"https:\/\/www.labunie.com.pl\/index.php?rest_route=%2Fwp%2Fv2%2Fmedia&parent=39349"}],"curies":[{"name":"wp","href":"https:\/\/api.w.org\/{rel}","templated":true}]}}