{"id":37333,"date":"2024-08-06T07:46:13","date_gmt":"2024-08-06T05:46:13","guid":{"rendered":"https:\/\/www.labunie.com.pl\/?page_id=37333"},"modified":"2024-08-06T07:52:46","modified_gmt":"2024-08-06T05:52:46","slug":"cyberbezpieczna-gmina-labunie","status":"publish","type":"page","link":"https:\/\/www.labunie.com.pl\/?page_id=37333","title":{"rendered":"Cyberbezpieczna Gmina \u0141abunie"},"content":{"rendered":"\n<figure class=\"wp-block-image size-large\"><img loading=\"lazy\" decoding=\"async\" width=\"934\" height=\"127\" src=\"https:\/\/www.labunie.com.pl\/wp-content\/uploads\/2024\/08\/ferc_rp_dof-ue.png\" alt=\"\" class=\"wp-image-37335\" srcset=\"https:\/\/www.labunie.com.pl\/wp-content\/uploads\/2024\/08\/ferc_rp_dof-ue.png 934w, https:\/\/www.labunie.com.pl\/wp-content\/uploads\/2024\/08\/ferc_rp_dof-ue-300x41.png 300w, https:\/\/www.labunie.com.pl\/wp-content\/uploads\/2024\/08\/ferc_rp_dof-ue-768x104.png 768w\" sizes=\"auto, (max-width: 934px) 100vw, 934px\" \/><\/figure>\n\n\n\n<h2 class=\"has-text-align-center wp-block-heading\">Gmina \u0141abunie pozyska\u0142a \u015brodki z Unii Europejskiej na realizacj\u0119 projektu<br>pn. \u201eCyberbezpieczna Gmina \u0141abunie\u201d.<\/h2>\n\n\n\n<p>Realizacja projektu stanowi \u015bwiadome i odpowiedzialne podej\u015bcie do dzia\u0142a\u0144 zwi\u0105zanych z cyfryzacj\u0105, zgodnie z celami Funduszy Europejskich na Rozw\u00f3j Cyfrowy.<\/p>\n\n\n\n<p>G\u0142\u00f3wnym celem projektu jest zwi\u0119kszenie poziomu bezpiecze\u0144stwa informacji poprzez wzmocnienie odporno\u015bci oraz zdolno\u015bci do skutecznego zapobiegania i reagowania na incydenty w systemach informacyjnych, poprzez wdro\u017cenie Centralnego Systemu Bezpiecze\u0144stwa, zakup sprz\u0119tu IT oraz przeprowadzeniu szkole\u0144 kadry pracowniczej i kadry kierowniczej Urz\u0119du.<\/p>\n\n\n\n<p>Z projektu korzysta\u0107 b\u0119d\u0105 pracownicy Urz\u0119du Gminy \u0141abunie co przyczyni si\u0119 do zwi\u0119kszenia poziomu bezpiecze\u0144stwa cyfrowego Gminy oraz jej mieszka\u0144c\u00f3w.<\/p>\n\n\n\n<p>Ca\u0142kowity koszt projektu: <strong>559\u00a0281,00 z\u0142<\/strong><\/p>\n\n\n\n<p>Wysoko\u015b\u0107 wk\u0142adu z Funduszy Europejskich: <strong>454\u00a0700 ,00 z\u0142<\/strong><\/p>\n","protected":false},"excerpt":{"rendered":"<p>Gmina \u0141abunie pozyska\u0142a \u015brodki z Unii Europejskiej na realizacj\u0119 projektupn. \u201eCyberbezpieczna Gmina \u0141abunie\u201d. Realizacja projektu stanowi \u015bwiadome i odpowiedzialne podej\u015bcie do dzia\u0142a\u0144 zwi\u0105zanych z cyfryzacj\u0105, zgodnie z celami Funduszy Europejskich na Rozw\u00f3j Cyfrowy. G\u0142\u00f3wnym celem projektu jest zwi\u0119kszenie poziomu bezpiecze\u0144stwa informacji poprzez wzmocnienie odporno\u015bci oraz zdolno\u015bci do skutecznego zapobiegania i reagowania na incydenty w systemach [&hellip;]<\/p>\n","protected":false},"author":7,"featured_media":0,"parent":0,"menu_order":0,"comment_status":"closed","ping_status":"closed","template":"","meta":{"footnotes":""},"class_list":["post-37333","page","type-page","status-publish","hentry","clearfix"],"_links":{"self":[{"href":"https:\/\/www.labunie.com.pl\/index.php?rest_route=\/wp\/v2\/pages\/37333","targetHints":{"allow":["GET"]}}],"collection":[{"href":"https:\/\/www.labunie.com.pl\/index.php?rest_route=\/wp\/v2\/pages"}],"about":[{"href":"https:\/\/www.labunie.com.pl\/index.php?rest_route=\/wp\/v2\/types\/page"}],"author":[{"embeddable":true,"href":"https:\/\/www.labunie.com.pl\/index.php?rest_route=\/wp\/v2\/users\/7"}],"replies":[{"embeddable":true,"href":"https:\/\/www.labunie.com.pl\/index.php?rest_route=%2Fwp%2Fv2%2Fcomments&post=37333"}],"version-history":[{"count":3,"href":"https:\/\/www.labunie.com.pl\/index.php?rest_route=\/wp\/v2\/pages\/37333\/revisions"}],"predecessor-version":[{"id":39334,"href":"https:\/\/www.labunie.com.pl\/index.php?rest_route=\/wp\/v2\/pages\/37333\/revisions\/39334"}],"wp:attachment":[{"href":"https:\/\/www.labunie.com.pl\/index.php?rest_route=%2Fwp%2Fv2%2Fmedia&parent=37333"}],"curies":[{"name":"wp","href":"https:\/\/api.w.org\/{rel}","templated":true}]}}