{"id":36746,"date":"2024-06-12T07:52:10","date_gmt":"2024-06-12T05:52:10","guid":{"rendered":"https:\/\/www.labunie.com.pl\/?page_id=36746"},"modified":"2024-09-19T10:07:47","modified_gmt":"2024-09-19T08:07:47","slug":"sposoby-zapobiegania-zanieczyszczeniu-powietrza","status":"publish","type":"page","link":"https:\/\/www.labunie.com.pl\/?page_id=36746","title":{"rendered":"Sposoby zapobiegania zanieczyszczeniu powietrza"},"content":{"rendered":"\n<p><strong>\u0179r\u00f3d\u0142ami zanieczyszczenia powietrza <\/strong>s\u0105 przede wszystkim: transport, spalanie paliw kopalnych (w\u0119giel, ropa naftowa i gaz ziemny), energetyka, przemys\u0142, rolnictwo. W niewielkim procencie do ich powstawania przyczyniaj\u0105 si\u0119 tak\u017ce wybuchy wulkan\u00f3w, burze piaskowe czy inne \u017ar\u00f3d\u0142a niewynikaj\u0105ce z dzia\u0142alno\u015bci cz\u0142owieka. Emitowane s\u0105 g\u0142\u00f3wnie nast\u0119puj\u0105ce substancje : tlenek w\u0119gla, tlenki azotu, w\u0119glowodory, tlenki siarki i py\u0142y. Niekorzystnymi zjawiskami spowodowanymi przez zanieczyszczenia atmosfery s\u0105: efekt cieplarniany, dziura ozonowa, kwa\u015bne deszcze i smog. G\u0142\u00f3wnym \u017ar\u00f3d\u0142em emisji py\u0142u drobnego do atmosfery w Polsce, wed\u0142ug danych Krajowego O\u015brodka Bilansowania i Zarz\u0105dzania Emisjami (KOBiZE), s\u0105 procesy spalania paliw w sektorze komunalno-bytowym w tym w gospodarstwach domowych, zwi\u0105zane z ogrzewaniem budynk\u00f3w z wykorzystaniem paliw sta\u0142ych.<\/p>\n\n\n\n<div style=\"height:20px\" aria-hidden=\"true\" class=\"wp-block-spacer\"><\/div>\n\n\n\n<p><strong>Ochrona powietrza mo\u017ce by\u0107 realizowana przez podejmowanie dzia\u0142a\u0144 takich jak:<\/strong><\/p>\n\n\n\n<ul class=\"wp-block-list\"><li><strong>Instalowanie wydajnych filtr\u00f3w kominowych<\/strong>. Nawet w przypadku starszych technologii urz\u0105dzenia takie zatrzymuj\u0105 znaczn\u0105 cz\u0119\u015b\u0107 zanieczyszcze\u0144, w przypadku nowszych technologii filtry zazwyczaj s\u0105 montowane seryjnie.<\/li><li><strong>Wdra\u017canie nowych, czystszych technologii przemys\u0142owych<\/strong>. W praktyce nowsze technologie s\u0105 czystsze (mniejsza emisja gaz\u00f3w\/py\u0142\u00f3w) oraz mniej energoch\u0142onne. Cze\u015b\u0107 szkodliwych substancji stosowanych w przemy\u015ble zast\u0119powana jest przez inne, bezpieczniejsze (np. zamienniki freon\u00f3w).<\/li><li><strong>Modyfikacji istniej\u0105cych technologii i wi\u0119ksza hermetyzacja produkcji<\/strong>. W praktyce oznacza to np. odsiarczanie w\u0119gla przed jego spaleniem, czy te\u017c dba\u0142o\u015b\u0107 o odizolowanie produkcji od \u015brodowiska. W przypadku ogrzewania dom\u00f3w korzystna jest zmiana paliwa na mniej emisyjne (np. gaz ziemny zamiast w\u0119gla) oraz ocieplanie budynk\u00f3w.<\/li><li><strong>Inwestowanie w ekologiczne \u015brodki transportu i modyfikacja ju\u017c istniej\u0105cych<\/strong>. Oznacza to nowsze nieemisyjne, lub nisko emisyjne samochody wyposa\u017cone w lepsze katalizatory, modyfikowane paliwa (np. bezo\u0142owiowe), rozbudow\u0119 transportu elektrycznego (np. szynobusy, trolejbusy). Wa\u017cna jest tak\u017ce promocja transportu rowerowego, czy wodnego oraz wdra\u017canie nowych technologii w transporcie lotniczym.<\/li><li><strong>Budowanie izolacyjnych pas\u00f3w zieleni wok\u00f3\u0142 zak\u0142ad\u00f3w przemys\u0142owych<\/strong>. Ziele\u0144 zatrzymuje pewn\u0105 ilo\u015b\u0107 zanieczyszcze\u0144 gazowych, szczeg\u00f3lnie py\u0142\u00f3w.<\/li><li><strong>Wprowadzanie odnawialnych \u017ar\u00f3de\u0142 energii m. in. takich jak<\/strong>:<ul><li>energia s\u0142oneczna (kolektory, panele s\u0142oneczne)<\/li><li>energia wodna (elektronie wodne, p\u0142ywowe)<\/li><li>energia wiatrowa (turbiny wiatrowe)<\/li><\/ul><\/li><li><strong>Eliminowaniu ci\u0119\u017ckiego transportu w miastach<\/strong> (budowa obwodnic);<\/li><li><strong>Ograniczanie ruchu samochodowego i przestawanie komunikacji na pojazdy elektryczne.<\/strong><\/li><li><strong>Tworzenie stref dla pieszych w centrach miast i osiedli.<\/strong><\/li><li><strong>Korzystanie z miejskiej komunikacji lub roweru.<\/strong><\/li><\/ul>\n\n\n\n<div style=\"height:20px\" aria-hidden=\"true\" class=\"wp-block-spacer\"><\/div>\n\n\n\n<h1 class=\"wp-block-heading\"><strong>Co mieszkaniec mo\u017ce zrobi\u0107 dla lepszej jako\u015bci powietrza ?<\/strong><\/h1>\n\n\n\n<div style=\"height:20px\" aria-hidden=\"true\" class=\"wp-block-spacer\"><\/div>\n\n\n\n<p><strong>Wcale nie tak ma\u0142o jak si\u0119 wydaje, poni\u017cej lista tego co mo\u017cna robi\u0107 lub czego nie robi\u0107 na co dzie\u0144:<\/strong><\/p>\n\n\n\n<ul class=\"wp-block-list\"><li>Niezw\u0142ocznie wymie\u0144 posiadany kocio\u0142 CO na paliwo sta\u0142e je\u017celi jest on bezklasowy lub klasy 1 i 2, na kocio\u0142 z certyfikatem ekoprojekt, kocio\u0142 na gaz ziemny lub pellet, piec akumulacyjny na pr\u0105d lub pomp\u0119 ciep\u0142a. Mo\u017cna tak\u017ce wymieni\u0107 na kocio\u0142 klasy 5 kt\u00f3ry mo\u017cna eksploatowa\u0107 wy\u0142\u0105cznie do dnia 31. 12. 2029 r.<\/li><li>Nie spalaj \u015bmieci w piecu!!!<\/li><li>Nie przegrzewaj swojego domu. Obni\u017cenie temperatury zaledwie o 1\u00b0C mo\u017ce obni\u017cy\u0107 rachunek za energi\u0119 a\u017c o 7%<\/li><li>Je\u017celi masz do pokonania niewielk\u0105 odleg\u0142o\u015b\u0107, id\u017a piechot\u0105 lub rowerem;<\/li><li>Nie stosuj aerozoli z freonem.<\/li><li>Oszcz\u0119dzaj energi\u0119 eklektyczn\u0105 w domu, w pracy, poprzez:<ul><li>wkr\u0119canie energooszcz\u0119dnych \u017car\u00f3wek,<\/li><li>niepozostawianie telewizora i innych urz\u0105dze\u0144, wie\u017cy czy komputera w trybie czuwania (stand-by) \u2013 w takim trybie \u015bwiate\u0142ko pozostaje w\u0142\u0105czone. W trybie czuwania telewizor zu\u017cywa \u015brednio 45% energii. Gdyby wszyscy Europejczycy unikali trybu \u201estand-by\u201d, oszcz\u0119dno\u015bci energii wystarczy\u0142yby do zaopatrzenia w energi\u0119 elektryczn\u0105 kraju wielko\u015bci Belgii,<\/li><li>niepozostawianie \u0142adowarki do telefonu kom\u00f3rkowego w gniazdku po sko\u0144czeniu \u0142adowania, gdy\u017c \u0142adowarka nadal zu\u017cywa pr\u0105d, nawet je\u017celi telefon nie jest pod\u0142\u0105czony,<\/li><li>je\u015bli kupujesz lub Twoi rodzice kupuj\u0105 nowe urz\u0105dzenie elektryczne, na przyk\u0142ad lod\u00f3wk\u0119 lub pralk\u0119, sprawd\u017a w ramach wsp\u00f3lnotowego oznakowania efektywno\u015bci energetycznej, kt\u00f3re powinno posiada\u0107 ka\u017cde urz\u0105dzenie. Klasy efektywno\u015bci energetycznej przyporz\u0105dkowane s\u0105 skali z\u0142o\u017conej z liter od A do G, gdzie klasa A umieszczana na zielonym pasku oznacza urz\u0105dzenie najbardziej efektywne, a klas\u0105 G umieszczana na czerwonym pasku najmniej efektywne. Od grudnia 2010 roku na lod\u00f3wkach, pralkach, zmywarkach i telewizorach wprowadzono dodatkowo trzy nowe klasy A+, A++ oraz A+++ charakteryzuj\u0105ce urz\u0105dzenia najbardziej efektywne energetycznie.<\/li><\/ul><\/li><\/ul>\n\n\n\n<div style=\"height:50px\" aria-hidden=\"true\" class=\"wp-block-spacer\"><\/div>\n\n\n\n<div class=\"wp-block-file\"><a href=\"https:\/\/www.labunie.com.pl\/wp-content\/uploads\/2024\/06\/uchwala-antysmogowa.pdf\">Uchwa\u0142a Nr XXIII\/388\/2021 Sejmiku Wojew\u00f3dztwa Lubelskiego z dnia 19 lutego 2021 r. w sprawie wprowadzenia na obszarze wojew\u00f3dztwa lubelskiego ogranicze\u0144 i zakaz\u00f3w w zakresie eksploatacji instalacji, w kt\u00f3rych nast\u0119puje spalanie paliw<\/a><a href=\"https:\/\/www.labunie.com.pl\/wp-content\/uploads\/2024\/06\/uchwala-antysmogowa.pdf\" class=\"wp-block-file__button\" download>Pobierz<\/a><\/div>\n\n\n\n<div class=\"wp-block-file\"><a href=\"https:\/\/www.labunie.com.pl\/wp-content\/uploads\/2024\/06\/UCHWALA-NR-XVII-291-2020-program-ochrony-powietrza.pdf\">Uchwa\u0142a Nr XVII\/291\/2020 Sejmiku Wojew\u00f3dztwa Lubelskiego z dnia 27 lipca 2020 r. w sprawie przyj\u0119cia \u201eProgramu ochrony powietrza dla strefy lubelskiej ze wzgl\u0119du na przekroczenia poziomu dopuszczalnego py\u0142u zawieszonego PM10 i PM2,5 oraz docelowego benzo(a)pirenu\u201d<\/a><a href=\"https:\/\/www.labunie.com.pl\/wp-content\/uploads\/2024\/06\/UCHWALA-NR-XVII-291-2020-program-ochrony-powietrza.pdf\" class=\"wp-block-file__button\" download>Pobierz<\/a><\/div>\n\n\n\n<div style=\"height:50px\" aria-hidden=\"true\" class=\"wp-block-spacer\"><\/div>\n\n\n\n<div class=\"wp-block-file\"><a href=\"https:\/\/www.labunie.com.pl\/wp-content\/uploads\/2024\/09\/zapobieganie-zanieczyszczeniu-powietrza.pdf\">ulotka informacyjna<\/a><a href=\"https:\/\/www.labunie.com.pl\/wp-content\/uploads\/2024\/09\/zapobieganie-zanieczyszczeniu-powietrza.pdf\" class=\"wp-block-file__button\" download>Pobierz<\/a><\/div>\n","protected":false},"excerpt":{"rendered":"<p>\u0179r\u00f3d\u0142ami zanieczyszczenia powietrza s\u0105 przede wszystkim: transport, spalanie paliw kopalnych (w\u0119giel, ropa naftowa i gaz ziemny), energetyka, przemys\u0142, rolnictwo. W niewielkim procencie do ich powstawania przyczyniaj\u0105 si\u0119 tak\u017ce wybuchy wulkan\u00f3w, burze piaskowe czy inne \u017ar\u00f3d\u0142a niewynikaj\u0105ce z dzia\u0142alno\u015bci cz\u0142owieka. Emitowane s\u0105 g\u0142\u00f3wnie nast\u0119puj\u0105ce substancje : tlenek w\u0119gla, tlenki azotu, w\u0119glowodory, tlenki siarki i py\u0142y. Niekorzystnymi [&hellip;]<\/p>\n","protected":false},"author":7,"featured_media":0,"parent":0,"menu_order":0,"comment_status":"closed","ping_status":"closed","template":"","meta":{"footnotes":""},"class_list":["post-36746","page","type-page","status-publish","hentry","clearfix"],"_links":{"self":[{"href":"https:\/\/www.labunie.com.pl\/index.php?rest_route=\/wp\/v2\/pages\/36746","targetHints":{"allow":["GET"]}}],"collection":[{"href":"https:\/\/www.labunie.com.pl\/index.php?rest_route=\/wp\/v2\/pages"}],"about":[{"href":"https:\/\/www.labunie.com.pl\/index.php?rest_route=\/wp\/v2\/types\/page"}],"author":[{"embeddable":true,"href":"https:\/\/www.labunie.com.pl\/index.php?rest_route=\/wp\/v2\/users\/7"}],"replies":[{"embeddable":true,"href":"https:\/\/www.labunie.com.pl\/index.php?rest_route=%2Fwp%2Fv2%2Fcomments&post=36746"}],"version-history":[{"count":5,"href":"https:\/\/www.labunie.com.pl\/index.php?rest_route=\/wp\/v2\/pages\/36746\/revisions"}],"predecessor-version":[{"id":37901,"href":"https:\/\/www.labunie.com.pl\/index.php?rest_route=\/wp\/v2\/pages\/36746\/revisions\/37901"}],"wp:attachment":[{"href":"https:\/\/www.labunie.com.pl\/index.php?rest_route=%2Fwp%2Fv2%2Fmedia&parent=36746"}],"curies":[{"name":"wp","href":"https:\/\/api.w.org\/{rel}","templated":true}]}}