{"id":36474,"date":"2024-05-08T13:03:16","date_gmt":"2024-05-08T11:03:16","guid":{"rendered":"https:\/\/www.labunie.com.pl\/?page_id=36474"},"modified":"2025-06-17T08:53:52","modified_gmt":"2025-06-17T06:53:52","slug":"wykaz-firm-posiadajacych-zezwolenie-wojta-na-oproznianie-szamb","status":"publish","type":"page","link":"https:\/\/www.labunie.com.pl\/?page_id=36474","title":{"rendered":"Wykaz firm posiadaj\u0105cych zezwolenie w\u00f3jta na opr\u00f3\u017cnianie szamb"},"content":{"rendered":"\n<div style=\"height:50px\" aria-hidden=\"true\" class=\"wp-block-spacer\"><\/div>\n\n\n\n<div class=\"wp-block-image\"><figure class=\"aligncenter size-full\"><img loading=\"lazy\" decoding=\"async\" width=\"1000\" height=\"951\" src=\"https:\/\/www.labunie.com.pl\/wp-content\/uploads\/2025\/06\/wykaz_20260617.png\" alt=\"\" class=\"wp-image-40685\" srcset=\"https:\/\/www.labunie.com.pl\/wp-content\/uploads\/2025\/06\/wykaz_20260617.png 1000w, https:\/\/www.labunie.com.pl\/wp-content\/uploads\/2025\/06\/wykaz_20260617-300x285.png 300w, https:\/\/www.labunie.com.pl\/wp-content\/uploads\/2025\/06\/wykaz_20260617-768x730.png 768w\" sizes=\"auto, (max-width: 1000px) 100vw, 1000px\" \/><\/figure><\/div>\n","protected":false},"excerpt":{"rendered":"","protected":false},"author":7,"featured_media":33286,"parent":0,"menu_order":0,"comment_status":"closed","ping_status":"closed","template":"","meta":{"footnotes":""},"class_list":["post-36474","page","type-page","status-publish","has-post-thumbnail","hentry","clearfix"],"_links":{"self":[{"href":"https:\/\/www.labunie.com.pl\/index.php?rest_route=\/wp\/v2\/pages\/36474","targetHints":{"allow":["GET"]}}],"collection":[{"href":"https:\/\/www.labunie.com.pl\/index.php?rest_route=\/wp\/v2\/pages"}],"about":[{"href":"https:\/\/www.labunie.com.pl\/index.php?rest_route=\/wp\/v2\/types\/page"}],"author":[{"embeddable":true,"href":"https:\/\/www.labunie.com.pl\/index.php?rest_route=\/wp\/v2\/users\/7"}],"replies":[{"embeddable":true,"href":"https:\/\/www.labunie.com.pl\/index.php?rest_route=%2Fwp%2Fv2%2Fcomments&post=36474"}],"version-history":[{"count":5,"href":"https:\/\/www.labunie.com.pl\/index.php?rest_route=\/wp\/v2\/pages\/36474\/revisions"}],"predecessor-version":[{"id":40686,"href":"https:\/\/www.labunie.com.pl\/index.php?rest_route=\/wp\/v2\/pages\/36474\/revisions\/40686"}],"wp:featuredmedia":[{"embeddable":true,"href":"https:\/\/www.labunie.com.pl\/index.php?rest_route=\/wp\/v2\/media\/33286"}],"wp:attachment":[{"href":"https:\/\/www.labunie.com.pl\/index.php?rest_route=%2Fwp%2Fv2%2Fmedia&parent=36474"}],"curies":[{"name":"wp","href":"https:\/\/api.w.org\/{rel}","templated":true}]}}