{"id":31918,"date":"2023-06-26T10:40:51","date_gmt":"2023-06-26T08:40:51","guid":{"rendered":"https:\/\/www.labunie.com.pl\/?page_id=31918"},"modified":"2023-06-26T10:48:24","modified_gmt":"2023-06-26T08:48:24","slug":"przebudowa-drogi-gminnej-w-miejscowosci-labunki-pierwsze","status":"publish","type":"page","link":"https:\/\/www.labunie.com.pl\/?page_id=31918","title":{"rendered":"Przebudowa drogi gminnej  w miejscowo\u015bci \u0141abu\u0144ki Pierwsze"},"content":{"rendered":"\n<div class=\"wp-block-image\"><figure class=\"aligncenter size-large is-resized\"><img loading=\"lazy\" decoding=\"async\" src=\"https:\/\/www.labunie.com.pl\/wp-content\/uploads\/2021\/11\/rfrd_znaki-1024x341.png\" alt=\"\" class=\"wp-image-23867\" width=\"512\" height=\"171\" srcset=\"https:\/\/www.labunie.com.pl\/wp-content\/uploads\/2021\/11\/rfrd_znaki-1024x341.png 1024w, https:\/\/www.labunie.com.pl\/wp-content\/uploads\/2021\/11\/rfrd_znaki-300x100.png 300w, https:\/\/www.labunie.com.pl\/wp-content\/uploads\/2021\/11\/rfrd_znaki-768x256.png 768w, https:\/\/www.labunie.com.pl\/wp-content\/uploads\/2021\/11\/rfrd_znaki-1536x511.png 1536w, https:\/\/www.labunie.com.pl\/wp-content\/uploads\/2021\/11\/rfrd_znaki.png 1751w\" sizes=\"auto, (max-width: 512px) 100vw, 512px\" \/><\/figure><\/div>\n\n\n\n<p><strong>Gmina \u0141abunie pozyska\u0142a \u015brodki z Rz\u0105dowego Funduszu Rozwoju Dr\u00f3g na wykonanie Przebudowy drogi gminnej nr 110886L w miejscowo\u015bci \u0141abu\u0144ki Pierwsze.<\/strong><\/p>\n\n\n\n<div style=\"height:20px\" aria-hidden=\"true\" class=\"wp-block-spacer\"><\/div>\n\n\n\n<p>W ramach zadania zostanie wykonane:<\/p>\n\n\n\n<ul class=\"wp-block-list\"><li>lokalne poszerzenie jezdni,<\/li><li>warstwa nawierzchni profiluj\u0105co-wyr\u00f3wnawcza z betonu asfaltowego,<\/li><li>warstwa \u015bcieralna z betonu asfaltowego,<\/li><li>odtworzenie poboczy obustronne materia\u0142em z kruszywa \u0142amanego niezwi\u0105zanego,<\/li><li>prze\u0142o\u017cenia nawierzchni istniej\u0105cych zjazd\u00f3w w celu dostosowania wysoko\u015bciowego do nawierzchni jezdni.<\/li><\/ul>\n\n\n\n<div style=\"height:20px\" aria-hidden=\"true\" class=\"wp-block-spacer\"><\/div>\n\n\n\n<p>Ca\u0142kowita warto\u015b\u0107 inwestycji: <strong>824&nbsp;503,36 z\u0142.<\/strong><\/p>\n\n\n\n<p>Dofinansowanie: <strong>412&nbsp;251,68 z\u0142.<\/strong><\/p>\n\n\n\n<div style=\"height:20px\" aria-hidden=\"true\" class=\"wp-block-spacer\"><\/div>\n\n\n\n<p>Wykonawc\u0105 rob\u00f3t b\u0119dzie: Przedsi\u0119biorstwo Rob\u00f3t Drogowych Sp\u00f3\u0142ka z o. o. w Zamo\u015bciu, wy\u0142onione w przeprowadzonym post\u0119powaniu przetargowym.<\/p>\n\n\n\n<p>Termin zako\u0144czenia rob\u00f3t: <strong>5 pa\u017adziernika 2023 r.<\/strong><\/p>\n\n\n\n<div style=\"height:50px\" aria-hidden=\"true\" class=\"wp-block-spacer\"><\/div>\n\n\n\n<div class=\"wp-block-image\"><figure class=\"aligncenter size-full\"><img loading=\"lazy\" decoding=\"async\" width=\"2000\" height=\"1333\" src=\"https:\/\/www.labunie.com.pl\/wp-content\/uploads\/2023\/06\/przebudowa_lab_pier_001.jpg\" alt=\"\" class=\"wp-image-31923\" srcset=\"https:\/\/www.labunie.com.pl\/wp-content\/uploads\/2023\/06\/przebudowa_lab_pier_001.jpg 2000w, https:\/\/www.labunie.com.pl\/wp-content\/uploads\/2023\/06\/przebudowa_lab_pier_001-300x200.jpg 300w, https:\/\/www.labunie.com.pl\/wp-content\/uploads\/2023\/06\/przebudowa_lab_pier_001-1024x682.jpg 1024w, https:\/\/www.labunie.com.pl\/wp-content\/uploads\/2023\/06\/przebudowa_lab_pier_001-768x512.jpg 768w, https:\/\/www.labunie.com.pl\/wp-content\/uploads\/2023\/06\/przebudowa_lab_pier_001-1536x1024.jpg 1536w\" sizes=\"auto, (max-width: 2000px) 100vw, 2000px\" \/><\/figure><\/div>\n\n\n\n<figure class=\"wp-block-gallery columns-2 is-cropped wp-block-gallery-1 is-layout-flex wp-block-gallery-is-layout-flex\"><ul class=\"blocks-gallery-grid\"><li class=\"blocks-gallery-item\"><figure><a href=\"https:\/\/www.labunie.com.pl\/wp-content\/uploads\/2023\/06\/przebudowa_lab_pier_002.jpg\" data-rel=\"lightbox-gallery-lmuRJz1Q\" data-rl_title=\"\" data-rl_caption=\"\" title=\"\"><img loading=\"lazy\" decoding=\"async\" width=\"1024\" height=\"682\" src=\"https:\/\/www.labunie.com.pl\/wp-content\/uploads\/2023\/06\/przebudowa_lab_pier_002-1024x682.jpg\" alt=\"\" data-id=\"31921\" data-full-url=\"https:\/\/www.labunie.com.pl\/wp-content\/uploads\/2023\/06\/przebudowa_lab_pier_002.jpg\" data-link=\"https:\/\/www.labunie.com.pl\/?attachment_id=31921\" class=\"wp-image-31921\" srcset=\"https:\/\/www.labunie.com.pl\/wp-content\/uploads\/2023\/06\/przebudowa_lab_pier_002-1024x682.jpg 1024w, https:\/\/www.labunie.com.pl\/wp-content\/uploads\/2023\/06\/przebudowa_lab_pier_002-300x200.jpg 300w, https:\/\/www.labunie.com.pl\/wp-content\/uploads\/2023\/06\/przebudowa_lab_pier_002-768x511.jpg 768w, https:\/\/www.labunie.com.pl\/wp-content\/uploads\/2023\/06\/przebudowa_lab_pier_002-1536x1023.jpg 1536w, https:\/\/www.labunie.com.pl\/wp-content\/uploads\/2023\/06\/przebudowa_lab_pier_002.jpg 2000w\" sizes=\"auto, (max-width: 1024px) 100vw, 1024px\" \/><\/a><\/figure><\/li><li class=\"blocks-gallery-item\"><figure><a href=\"https:\/\/www.labunie.com.pl\/wp-content\/uploads\/2023\/06\/przebudowa_lab_pier_003.jpg\" data-rel=\"lightbox-gallery-lmuRJz1Q\" data-rl_title=\"\" data-rl_caption=\"\" title=\"\"><img loading=\"lazy\" decoding=\"async\" width=\"1024\" height=\"682\" src=\"https:\/\/www.labunie.com.pl\/wp-content\/uploads\/2023\/06\/przebudowa_lab_pier_003-1024x682.jpg\" alt=\"\" data-id=\"31922\" data-full-url=\"https:\/\/www.labunie.com.pl\/wp-content\/uploads\/2023\/06\/przebudowa_lab_pier_003.jpg\" data-link=\"https:\/\/www.labunie.com.pl\/?attachment_id=31922\" class=\"wp-image-31922\" srcset=\"https:\/\/www.labunie.com.pl\/wp-content\/uploads\/2023\/06\/przebudowa_lab_pier_003-1024x682.jpg 1024w, https:\/\/www.labunie.com.pl\/wp-content\/uploads\/2023\/06\/przebudowa_lab_pier_003-300x200.jpg 300w, https:\/\/www.labunie.com.pl\/wp-content\/uploads\/2023\/06\/przebudowa_lab_pier_003-768x511.jpg 768w, https:\/\/www.labunie.com.pl\/wp-content\/uploads\/2023\/06\/przebudowa_lab_pier_003-1536x1023.jpg 1536w, https:\/\/www.labunie.com.pl\/wp-content\/uploads\/2023\/06\/przebudowa_lab_pier_003.jpg 2000w\" sizes=\"auto, (max-width: 1024px) 100vw, 1024px\" \/><\/a><\/figure><\/li><\/ul><\/figure>\n","protected":false},"excerpt":{"rendered":"<p>Gmina \u0141abunie pozyska\u0142a \u015brodki z Rz\u0105dowego Funduszu Rozwoju Dr\u00f3g na wykonanie Przebudowy drogi gminnej nr 110886L w miejscowo\u015bci \u0141abu\u0144ki Pierwsze. W ramach zadania zostanie wykonane: lokalne poszerzenie jezdni, warstwa nawierzchni profiluj\u0105co-wyr\u00f3wnawcza z betonu asfaltowego, warstwa \u015bcieralna z betonu asfaltowego, odtworzenie poboczy obustronne materia\u0142em z kruszywa \u0142amanego niezwi\u0105zanego, prze\u0142o\u017cenia nawierzchni istniej\u0105cych zjazd\u00f3w w celu dostosowania wysoko\u015bciowego [&hellip;]<\/p>\n","protected":false},"author":7,"featured_media":0,"parent":19872,"menu_order":0,"comment_status":"closed","ping_status":"closed","template":"","meta":{"footnotes":""},"class_list":["post-31918","page","type-page","status-publish","hentry","clearfix"],"_links":{"self":[{"href":"https:\/\/www.labunie.com.pl\/index.php?rest_route=\/wp\/v2\/pages\/31918","targetHints":{"allow":["GET"]}}],"collection":[{"href":"https:\/\/www.labunie.com.pl\/index.php?rest_route=\/wp\/v2\/pages"}],"about":[{"href":"https:\/\/www.labunie.com.pl\/index.php?rest_route=\/wp\/v2\/types\/page"}],"author":[{"embeddable":true,"href":"https:\/\/www.labunie.com.pl\/index.php?rest_route=\/wp\/v2\/users\/7"}],"replies":[{"embeddable":true,"href":"https:\/\/www.labunie.com.pl\/index.php?rest_route=%2Fwp%2Fv2%2Fcomments&post=31918"}],"version-history":[{"count":5,"href":"https:\/\/www.labunie.com.pl\/index.php?rest_route=\/wp\/v2\/pages\/31918\/revisions"}],"predecessor-version":[{"id":31936,"href":"https:\/\/www.labunie.com.pl\/index.php?rest_route=\/wp\/v2\/pages\/31918\/revisions\/31936"}],"up":[{"embeddable":true,"href":"https:\/\/www.labunie.com.pl\/index.php?rest_route=\/wp\/v2\/pages\/19872"}],"wp:attachment":[{"href":"https:\/\/www.labunie.com.pl\/index.php?rest_route=%2Fwp%2Fv2%2Fmedia&parent=31918"}],"curies":[{"name":"wp","href":"https:\/\/api.w.org\/{rel}","templated":true}]}}