{"id":31278,"date":"2023-06-01T12:23:02","date_gmt":"2023-06-01T10:23:02","guid":{"rendered":"https:\/\/www.labunie.com.pl\/?page_id=31278"},"modified":"2024-06-10T12:01:30","modified_gmt":"2024-06-10T10:01:30","slug":"centrum-uslug-wspolnych-dokumenty","status":"publish","type":"page","link":"https:\/\/www.labunie.com.pl\/?page_id=31278","title":{"rendered":"Centrum Us\u0142ug Wsp\u00f3lnych &#8211; dokumenty"},"content":{"rendered":"\n<h2 class=\"wp-block-heading\">Stypendia W\u00f3jta Gminy \u0141abunie<\/h2>\n\n\n\n<div class=\"wp-block-file\"><a href=\"https:\/\/www.labunie.com.pl\/wp-content\/uploads\/2023\/06\/Uchwala-nr-XI.88.2020.pdf\">Uchwa\u0142a Nr XI\/88\/2020 Rady Gminy \u0141abunie z dnia 19 lutego 2020r. w sprawie szczeg\u00f3\u0142owych warunk\u00f3w udzielania pomocy w formie stypendi\u00f3w W\u00f3jta Gminy \u0141abunie dla uzdolnionych uczni\u00f3w szk\u00f3\u0142 podstawowych prowadzonych przez Gmin\u0119 \u0141abunie<\/a><a href=\"https:\/\/www.labunie.com.pl\/wp-content\/uploads\/2023\/06\/Uchwala-nr-XI.88.2020.pdf\" class=\"wp-block-file__button\" download>Pobierz<\/a><\/div>\n\n\n\n<div class=\"wp-block-file\"><a href=\"https:\/\/www.labunie.com.pl\/wp-content\/uploads\/2023\/06\/Zalacznik_do_uchwaly_XI.88.2020.pdf\">Za\u0142\u0105cznik do Uchwa\u0142y Nr XI\/88\/2020 Rady Gminy \u0141abunie z dnia 19 lutego 2020r. &#8211; Szczeg\u00f3\u0142owe warunki udzielania pomocy w formie stypendi\u00f3w W\u00f3jta Gminy \u0141abunie dla uzdolnionych uczni\u00f3w szk\u00f3\u0142 podstawowych prowadzonych przez Gmin\u0119 \u0141abunie<\/a><a href=\"https:\/\/www.labunie.com.pl\/wp-content\/uploads\/2023\/06\/Zalacznik_do_uchwaly_XI.88.2020.pdf\" class=\"wp-block-file__button\" download>Pobierz<\/a><\/div>\n\n\n\n<div class=\"wp-block-file\"><a href=\"https:\/\/www.labunie.com.pl\/wp-content\/uploads\/2023\/06\/WNIOSEK-O-STYPENDIUM.pdf\">Wniosek o przyznanie stypendium w ramach Lokalnego Programu Wspierania Edukacji Uzdolnionych Dzieci i M\u0142odzie\u017cy w Gminie \u0141abunie<\/a><a href=\"https:\/\/www.labunie.com.pl\/wp-content\/uploads\/2023\/06\/WNIOSEK-O-STYPENDIUM.pdf\" class=\"wp-block-file__button\" download>Pobierz<\/a><\/div>\n\n\n\n<div class=\"wp-block-file\"><a href=\"https:\/\/www.labunie.com.pl\/wp-content\/uploads\/2023\/06\/Wniosek-stypendium-Wojta.docx\">Wniosek o przyznanie stypendium w ramach Lokalnego Programu Wspierania Edukacji Uzdolnionych Dzieci i M\u0142odzie\u017cy w Gminie \u0141abunie<\/a><a href=\"https:\/\/www.labunie.com.pl\/wp-content\/uploads\/2023\/06\/Wniosek-stypendium-Wojta.docx\" class=\"wp-block-file__button\" download>Pobierz<\/a><\/div>\n\n\n\n<div class=\"wp-block-file\"><a href=\"https:\/\/www.labunie.com.pl\/wp-content\/uploads\/2023\/06\/Zalacznik-do-wniosku.docx\">Za\u0142\u0105cznik do wniosku<\/a><a href=\"https:\/\/www.labunie.com.pl\/wp-content\/uploads\/2023\/06\/Zalacznik-do-wniosku.docx\" class=\"wp-block-file__button\" download>Pobierz<\/a><\/div>\n\n\n\n<div class=\"wp-block-file\"><a href=\"https:\/\/www.labunie.com.pl\/wp-content\/uploads\/2023\/06\/Zgoda-na-przetwarzanie-danych-osobowych-stypendium-wojta.docx\">Zgoda na przetwarzanie danych-osobowych<\/a><a href=\"https:\/\/www.labunie.com.pl\/wp-content\/uploads\/2023\/06\/Zgoda-na-przetwarzanie-danych-osobowych-stypendium-wojta.docx\" class=\"wp-block-file__button\" download>Pobierz<\/a><\/div>\n\n\n\n<div style=\"height:50px\" aria-hidden=\"true\" class=\"wp-block-spacer\"><\/div>\n\n\n\n<h2 class=\"wp-block-heading\"><strong>Post\u0119powanie egzaminacyjne na stopie\u0144 awansu nauczyciela mianowanego<\/strong><\/h2>\n\n\n\n<div class=\"wp-block-file\"><a href=\"https:\/\/www.labunie.com.pl\/wp-content\/uploads\/2024\/06\/Postepowanie-egzaminacyjne-na-stopien-nauczyciela-mianowanego.docx\">Zasady post\u0119powania egzaminacyjnego na nauczyciela mianowanego<\/a><a href=\"https:\/\/www.labunie.com.pl\/wp-content\/uploads\/2024\/06\/Postepowanie-egzaminacyjne-na-stopien-nauczyciela-mianowanego.docx\" class=\"wp-block-file__button\" download>Pobierz<\/a><\/div>\n\n\n\n<div class=\"wp-block-file\"><a href=\"https:\/\/www.labunie.com.pl\/wp-content\/uploads\/2024\/06\/wnosek-o-podjecie-postepowania-egzaminacyjnego-na-nauczyciela-mianowanego.doc\">Wniosek o podj\u0119cie post\u0119powania egzaminacyjnego na stopie\u0144 nauczyciela mianowanego<\/a><a href=\"https:\/\/www.labunie.com.pl\/wp-content\/uploads\/2024\/06\/wnosek-o-podjecie-postepowania-egzaminacyjnego-na-nauczyciela-mianowanego.doc\" class=\"wp-block-file__button\" download>Pobierz<\/a><\/div>\n\n\n\n<div class=\"wp-block-file\"><a href=\"https:\/\/www.labunie.com.pl\/wp-content\/uploads\/2023\/06\/Zalacznik-nr-2-KLAUZULA-INFORMACYJNA-postepowanie-egzaminacyjne-na-stopien-nauczyciela-mianowanego.docx\">Klauzula informacyjna<\/a><a href=\"https:\/\/www.labunie.com.pl\/wp-content\/uploads\/2023\/06\/Zalacznik-nr-2-KLAUZULA-INFORMACYJNA-postepowanie-egzaminacyjne-na-stopien-nauczyciela-mianowanego.docx\" class=\"wp-block-file__button\" download>Pobierz<\/a><\/div>\n\n\n\n<div style=\"height:50px\" aria-hidden=\"true\" class=\"wp-block-spacer\"><\/div>\n\n\n\n<h2 class=\"wp-block-heading\">Zwrot koszt\u00f3w dowozu dzieci niepe\u0142nosprawnych<\/h2>\n\n\n\n<div class=\"wp-block-file\"><a href=\"https:\/\/www.labunie.com.pl\/wp-content\/uploads\/2023\/08\/Zarzadzenie-w-sprawie-zasad-dowozu.pdf\">Zarz\u0105dzenie W\u00f3jta Gminy \u0141abunie nr 32\/2023  w sprawie okre\u015blenia zasad dowozu dzieci, m\u0142odzie\u017cy i uczni\u00f3w niepe\u0142nosprawnych oraz zwrotu rodzicom koszt\u00f3w przewozu dzieci, m\u0142odzie\u017cy i uczni\u00f3w oraz rodzic\u00f3w do i z przedszkola, szko\u0142y lub o\u015brodka rewalidacyjno-wychowawczego<\/a><a href=\"https:\/\/www.labunie.com.pl\/wp-content\/uploads\/2023\/08\/Zarzadzenie-w-sprawie-zasad-dowozu.pdf\" class=\"wp-block-file__button\" download>Pobierz<\/a><\/div>\n\n\n\n<div class=\"wp-block-file\"><a href=\"https:\/\/www.labunie.com.pl\/wp-content\/uploads\/2023\/08\/Zalacznik-do-Zarzadzenia-nr-32.pdf\">Za\u0142\u0105cznik do Zarz\u0105dzenia nr 32\/2023 &#8211; Zasady dowozu dzieci, m\u0142odzie\u017cy i uczni\u00f3w niepe\u0142nosprawnych oraz zwrotu rodzicom koszt\u00f3w przewozu dzieci, m\u0142odzie\u017cy i uczni\u00f3w oraz ich rodzic\u00f3w\/opiekun\u00f3w prawnych do i z przedszkola, szko\u0142y lub o\u015brodka rewalidacyjno-wychowawczego<\/a><a href=\"https:\/\/www.labunie.com.pl\/wp-content\/uploads\/2023\/08\/Zalacznik-do-Zarzadzenia-nr-32.pdf\" class=\"wp-block-file__button\" download>Pobierz<\/a><\/div>\n\n\n\n<div class=\"wp-block-file\"><a href=\"https:\/\/www.labunie.com.pl\/wp-content\/uploads\/2023\/08\/wniosek-o-transport-zbiorowy-2023.docx\">Wniosek o transport zbiorowy <\/a><a href=\"https:\/\/www.labunie.com.pl\/wp-content\/uploads\/2023\/08\/wniosek-o-transport-zbiorowy-2023.docx\" class=\"wp-block-file__button\" download>Pobierz<\/a><\/div>\n\n\n\n<div class=\"wp-block-file\"><a href=\"https:\/\/www.labunie.com.pl\/wp-content\/uploads\/2023\/08\/zwrot-kosztow-dowoz-indywidualny.docx\">Zwrot koszt\u00f3w &#8211; dow\u00f3z indywidualny<\/a><a href=\"https:\/\/www.labunie.com.pl\/wp-content\/uploads\/2023\/08\/zwrot-kosztow-dowoz-indywidualny.docx\" class=\"wp-block-file__button\" download>Pobierz<\/a><\/div>\n\n\n\n<div style=\"height:50px\" aria-hidden=\"true\" class=\"wp-block-spacer\"><\/div>\n\n\n\n<h2 class=\"wp-block-heading\">Dofinansowanie koszt\u00f3w kszta\u0142cenia m\u0142odocianych pracownik\u00f3w<\/h2>\n\n\n\n<div class=\"wp-block-file\"><a href=\"https:\/\/www.labunie.com.pl\/wp-content\/uploads\/2023\/09\/informacja-dla-pracodawcow.docx\">Informacja dla pracodawc\u00f3w<\/a><a href=\"https:\/\/www.labunie.com.pl\/wp-content\/uploads\/2023\/09\/informacja-dla-pracodawcow.docx\" class=\"wp-block-file__button\" download>Pobierz<\/a><\/div>\n\n\n\n<div class=\"wp-block-file\"><a href=\"https:\/\/www.labunie.com.pl\/wp-content\/uploads\/2023\/09\/komunikat-gus-wskaznik.pdf\">Komunikat Prezesa G\u0142\u00f3wnego Urz\u0119du Statystycznego z dnia 13 stycznia 2023 r. w sprawie \u015bredniorocznego wska\u017anika cen towar\u00f3w i us\u0142ug konsumpcyjnych og\u00f3\u0142em w 2022 r.<\/a><a href=\"https:\/\/www.labunie.com.pl\/wp-content\/uploads\/2023\/09\/komunikat-gus-wskaznik.pdf\" class=\"wp-block-file__button\" download>Pobierz<\/a><\/div>\n\n\n\n<h4 class=\"wp-block-heading\">Wykaz zawod\u00f3w, za kt\u00f3re mo\u017ce by\u0107 dokonywana refundacja wynagrodze\u0144 i sk\u0142adek na ubezpieczenia spo\u0142eczne m\u0142odocianych pracownik\u00f3w zatrudnionych na podstawie umowy o prac\u0119 w celu przygotowania zawodowego<\/h4>\n\n\n\n<div class=\"wp-block-file\"><a href=\"https:\/\/www.labunie.com.pl\/wp-content\/uploads\/2023\/09\/wykaz-zawodow-refundowanych-obowiazujacy-od-01092019-r.pdf\">Wykaz zawod\u00f3w refundowanych obowi\u0105zuj\u0105cy od 1 wrze\u015bnia 2019 r.<\/a><a href=\"https:\/\/www.labunie.com.pl\/wp-content\/uploads\/2023\/09\/wykaz-zawodow-refundowanych-obowiazujacy-od-01092019-r.pdf\" class=\"wp-block-file__button\" download>Pobierz<\/a><\/div>\n\n\n\n<div class=\"wp-block-file\"><a href=\"https:\/\/www.labunie.com.pl\/wp-content\/uploads\/2023\/09\/wykaz-zawodow-refundowanych-obowiazujacy-od-01092020-r.pdf\">Wykaz zawod\u00f3w refundowanych obowi\u0105zuj\u0105cy od 1 wrze\u015bnia 2020 r.<\/a><a href=\"https:\/\/www.labunie.com.pl\/wp-content\/uploads\/2023\/09\/wykaz-zawodow-refundowanych-obowiazujacy-od-01092020-r.pdf\" class=\"wp-block-file__button\" download>Pobierz<\/a><\/div>\n\n\n\n<div class=\"wp-block-file\"><a href=\"https:\/\/www.labunie.com.pl\/wp-content\/uploads\/2023\/09\/wykaz-zawodow-refundowanych-obowiazujacy-od-01092021-r.pdf\">Wykaz zawod\u00f3w refundowanych obowi\u0105zuj\u0105cy od 1 wrze\u015bnia 2021 r.<\/a><a href=\"https:\/\/www.labunie.com.pl\/wp-content\/uploads\/2023\/09\/wykaz-zawodow-refundowanych-obowiazujacy-od-01092021-r.pdf\" class=\"wp-block-file__button\" download>Pobierz<\/a><\/div>\n\n\n\n<div class=\"wp-block-file\"><a href=\"https:\/\/www.labunie.com.pl\/wp-content\/uploads\/2023\/09\/wykaz-zawodow-refundowanych-obowiazujacy-od-01092022-r.pdf\">Wykaz zawod\u00f3w refundowanych obowi\u0105zuj\u0105cy od 1 wrze\u015bnia 2022 r.<\/a><a href=\"https:\/\/www.labunie.com.pl\/wp-content\/uploads\/2023\/09\/wykaz-zawodow-refundowanych-obowiazujacy-od-01092022-r.pdf\" class=\"wp-block-file__button\" download>Pobierz<\/a><\/div>\n\n\n\n<h4 class=\"wp-block-heading\">Prognoza zawod\u00f3w<\/h4>\n\n\n\n<div class=\"wp-block-file\"><a href=\"https:\/\/www.labunie.com.pl\/wp-content\/uploads\/2023\/09\/prognoza-2019.pdf\">Prognoza zapotrzebowania na pracownik\u00f3w w zawodach szkolnictwa bran\u017cowego na krajowym i wojew\u00f3dzkim rynku pracy w 2019 r.<\/a><a href=\"https:\/\/www.labunie.com.pl\/wp-content\/uploads\/2023\/09\/prognoza-2019.pdf\" class=\"wp-block-file__button\" download>Pobierz<\/a><\/div>\n\n\n\n<div class=\"wp-block-file\"><a href=\"https:\/\/www.labunie.com.pl\/wp-content\/uploads\/2023\/09\/prognoza-2020.pdf\">Prognoza zapotrzebowania na pracownik\u00f3w w zawodach szkolnictwa bran\u017cowego na krajowym i wojew\u00f3dzkim rynku pracy w 2020 r.<\/a><a href=\"https:\/\/www.labunie.com.pl\/wp-content\/uploads\/2023\/09\/prognoza-2020.pdf\" class=\"wp-block-file__button\" download>Pobierz<\/a><\/div>\n\n\n\n<div class=\"wp-block-file\"><a href=\"https:\/\/www.labunie.com.pl\/wp-content\/uploads\/2023\/09\/prognoza-2021.pdf\">Prognoza zapotrzebowania na pracownik\u00f3w w zawodach szkolnictwa bran\u017cowego na krajowym i wojew\u00f3dzkim rynku pracy w 2021 r.<\/a><a href=\"https:\/\/www.labunie.com.pl\/wp-content\/uploads\/2023\/09\/prognoza-2021.pdf\" class=\"wp-block-file__button\" download>Pobierz<\/a><\/div>\n\n\n\n<div class=\"wp-block-file\"><a href=\"https:\/\/www.labunie.com.pl\/wp-content\/uploads\/2023\/09\/prognoza-2022.pdf\">Prognoza zapotrzebowania na pracownik\u00f3w w zawodach szkolnictwa bran\u017cowego na krajowym i wojew\u00f3dzkim rynku pracy w 2022 r.<\/a><a href=\"https:\/\/www.labunie.com.pl\/wp-content\/uploads\/2023\/09\/prognoza-2022.pdf\" class=\"wp-block-file__button\" download>Pobierz<\/a><\/div>\n\n\n\n<h4 class=\"wp-block-heading\">Za\u0142\u0105czniki do pobrania<\/h4>\n\n\n\n<div class=\"wp-block-file\"><a href=\"https:\/\/www.labunie.com.pl\/wp-content\/uploads\/2023\/09\/Formularz-informacji-przedstawianych-przy-ubieganiu-sie-o-pomoc-de-minimis.pdf\">Formularz informacji przedstawianych przy ubieganiu si\u0119 o pomoc de minimis<\/a><a href=\"https:\/\/www.labunie.com.pl\/wp-content\/uploads\/2023\/09\/Formularz-informacji-przedstawianych-przy-ubieganiu-sie-o-pomoc-de-minimis.pdf\" class=\"wp-block-file__button\" download>Pobierz<\/a><\/div>\n\n\n\n<div class=\"wp-block-file\"><a href=\"https:\/\/www.labunie.com.pl\/wp-content\/uploads\/2023\/09\/Lista-wykluczen-w-ramach-pomocy-de-minimis.pdf\">Lista wyklucze\u0144 w ramach pomocy de minimis<\/a><a href=\"https:\/\/www.labunie.com.pl\/wp-content\/uploads\/2023\/09\/Lista-wykluczen-w-ramach-pomocy-de-minimis.pdf\" class=\"wp-block-file__button\" download>Pobierz<\/a><\/div>\n\n\n\n<div class=\"wp-block-file\"><a href=\"https:\/\/www.labunie.com.pl\/wp-content\/uploads\/2023\/09\/oswiadczenie-o-pomocy-de-minimis.doc\">O\u015bwiadczenie o pomocy de minimis<\/a><a href=\"https:\/\/www.labunie.com.pl\/wp-content\/uploads\/2023\/09\/oswiadczenie-o-pomocy-de-minimis.doc\" class=\"wp-block-file__button\" download>Pobierz<\/a><\/div>\n\n\n\n<div class=\"wp-block-file\"><a href=\"https:\/\/www.labunie.com.pl\/wp-content\/uploads\/2023\/09\/oswiadczenie-o-zrzeczeniu-sie-prawa-do-wniesienia-odwolania.doc\">O\u015bwiadczenie o zrzeczeniu si\u0119 prawa do wniesienia odwo\u0142ania<\/a><a href=\"https:\/\/www.labunie.com.pl\/wp-content\/uploads\/2023\/09\/oswiadczenie-o-zrzeczeniu-sie-prawa-do-wniesienia-odwolania.doc\" class=\"wp-block-file__button\" download>Pobierz<\/a><\/div>\n\n\n\n<div class=\"wp-block-file\"><a href=\"https:\/\/www.labunie.com.pl\/wp-content\/uploads\/2023\/09\/oswiadczenie-rzemieslnik.doc\">O\u015bwiadczenie rzemie\u015blnik<\/a><a href=\"https:\/\/www.labunie.com.pl\/wp-content\/uploads\/2023\/09\/oswiadczenie-rzemieslnik.doc\" class=\"wp-block-file__button\" download>Pobierz<\/a><\/div>\n\n\n\n<div class=\"wp-block-file\"><a href=\"https:\/\/www.labunie.com.pl\/wp-content\/uploads\/2023\/09\/wniosek-o-dofinansowanie-kosztow-ksztalcenia-mlodocianego-pracownika.doc\">Wniosek o dofinansowanie koszt\u00f3w kszta\u0142cenia m\u0142odocianego pracownika<\/a><a href=\"https:\/\/www.labunie.com.pl\/wp-content\/uploads\/2023\/09\/wniosek-o-dofinansowanie-kosztow-ksztalcenia-mlodocianego-pracownika.doc\" class=\"wp-block-file__button\" download>Pobierz<\/a><\/div>\n\n\n\n<div class=\"wp-block-file\"><a href=\"https:\/\/www.labunie.com.pl\/wp-content\/uploads\/2023\/09\/zawiadomienie-o-zawarciu-umowy-z-mlodocianym-pracownikiem.doc\">Zawiadomienie o zawarciu umowy z m\u0142odocianym pracownikiem<\/a><a href=\"https:\/\/www.labunie.com.pl\/wp-content\/uploads\/2023\/09\/zawiadomienie-o-zawarciu-umowy-z-mlodocianym-pracownikiem.doc\" class=\"wp-block-file__button\" download>Pobierz<\/a><\/div>\n","protected":false},"excerpt":{"rendered":"<p>Stypendia W\u00f3jta Gminy \u0141abunie Post\u0119powanie egzaminacyjne na stopie\u0144 awansu nauczyciela mianowanego Zwrot koszt\u00f3w dowozu dzieci niepe\u0142nosprawnych Dofinansowanie koszt\u00f3w kszta\u0142cenia m\u0142odocianych pracownik\u00f3w Wykaz zawod\u00f3w, za kt\u00f3re mo\u017ce by\u0107 dokonywana refundacja wynagrodze\u0144 i sk\u0142adek na ubezpieczenia spo\u0142eczne m\u0142odocianych pracownik\u00f3w zatrudnionych na podstawie umowy o prac\u0119 w celu przygotowania zawodowego Prognoza zawod\u00f3w Za\u0142\u0105czniki do pobrania<\/p>\n","protected":false},"author":7,"featured_media":0,"parent":0,"menu_order":0,"comment_status":"closed","ping_status":"closed","template":"","meta":{"footnotes":""},"class_list":["post-31278","page","type-page","status-publish","hentry","clearfix"],"_links":{"self":[{"href":"https:\/\/www.labunie.com.pl\/index.php?rest_route=\/wp\/v2\/pages\/31278","targetHints":{"allow":["GET"]}}],"collection":[{"href":"https:\/\/www.labunie.com.pl\/index.php?rest_route=\/wp\/v2\/pages"}],"about":[{"href":"https:\/\/www.labunie.com.pl\/index.php?rest_route=\/wp\/v2\/types\/page"}],"author":[{"embeddable":true,"href":"https:\/\/www.labunie.com.pl\/index.php?rest_route=\/wp\/v2\/users\/7"}],"replies":[{"embeddable":true,"href":"https:\/\/www.labunie.com.pl\/index.php?rest_route=%2Fwp%2Fv2%2Fcomments&post=31278"}],"version-history":[{"count":5,"href":"https:\/\/www.labunie.com.pl\/index.php?rest_route=\/wp\/v2\/pages\/31278\/revisions"}],"predecessor-version":[{"id":36686,"href":"https:\/\/www.labunie.com.pl\/index.php?rest_route=\/wp\/v2\/pages\/31278\/revisions\/36686"}],"wp:attachment":[{"href":"https:\/\/www.labunie.com.pl\/index.php?rest_route=%2Fwp%2Fv2%2Fmedia&parent=31278"}],"curies":[{"name":"wp","href":"https:\/\/api.w.org\/{rel}","templated":true}]}}