{"id":31208,"date":"2023-05-30T10:15:37","date_gmt":"2023-05-30T08:15:37","guid":{"rendered":"https:\/\/www.labunie.com.pl\/?page_id=31208"},"modified":"2023-05-30T11:48:56","modified_gmt":"2023-05-30T09:48:56","slug":"zakup-ubran-specjalnych-dla-jednostek-osp-w-gminie-labunie","status":"publish","type":"page","link":"https:\/\/www.labunie.com.pl\/?page_id=31208","title":{"rendered":"Zakup ubra\u0144 specjalnych dla jednostek OSP w Gminie \u0141abunie"},"content":{"rendered":"\n<div class=\"wp-block-image\"><figure class=\"aligncenter size-full\"><img loading=\"lazy\" decoding=\"async\" width=\"1000\" height=\"707\" src=\"https:\/\/www.labunie.com.pl\/wp-content\/uploads\/2023\/05\/ubrania_spec_osp.png\" alt=\"\" class=\"wp-image-31209\" srcset=\"https:\/\/www.labunie.com.pl\/wp-content\/uploads\/2023\/05\/ubrania_spec_osp.png 1000w, https:\/\/www.labunie.com.pl\/wp-content\/uploads\/2023\/05\/ubrania_spec_osp-300x212.png 300w, https:\/\/www.labunie.com.pl\/wp-content\/uploads\/2023\/05\/ubrania_spec_osp-768x543.png 768w\" sizes=\"auto, (max-width: 1000px) 100vw, 1000px\" \/><\/figure><\/div>\n\n\n\n<figure class=\"wp-block-embed is-type-wp-embed is-provider-urzad-gminy-labunie wp-block-embed-urzad-gminy-labunie\"><div class=\"wp-block-embed__wrapper\">\n<blockquote class=\"wp-embedded-content\" data-secret=\"NSWspXfdwo\"><a href=\"https:\/\/www.labunie.com.pl\/?p=30616\">Nowa odzie\u017c ochronna dla stra\u017cak\u00f3w z gminy \u0141abunie<\/a><\/blockquote><iframe loading=\"lazy\" class=\"wp-embedded-content\" sandbox=\"allow-scripts\" security=\"restricted\" style=\"position: absolute; clip: rect(1px, 1px, 1px, 1px);\" title=\"&#8222;Nowa odzie\u017c ochronna dla stra\u017cak\u00f3w z gminy \u0141abunie&#8221; &#8212; Urz\u0105d Gminy \u0141abunie\" src=\"https:\/\/www.labunie.com.pl\/?p=30616&#038;embed=true#?secret=NSWspXfdwo\" data-secret=\"NSWspXfdwo\" width=\"600\" height=\"338\" frameborder=\"0\" marginwidth=\"0\" marginheight=\"0\" scrolling=\"no\"><\/iframe>\n<\/div><\/figure>\n","protected":false},"excerpt":{"rendered":"","protected":false},"author":7,"featured_media":0,"parent":0,"menu_order":0,"comment_status":"closed","ping_status":"closed","template":"","meta":{"footnotes":""},"class_list":["post-31208","page","type-page","status-publish","hentry","clearfix"],"_links":{"self":[{"href":"https:\/\/www.labunie.com.pl\/index.php?rest_route=\/wp\/v2\/pages\/31208","targetHints":{"allow":["GET"]}}],"collection":[{"href":"https:\/\/www.labunie.com.pl\/index.php?rest_route=\/wp\/v2\/pages"}],"about":[{"href":"https:\/\/www.labunie.com.pl\/index.php?rest_route=\/wp\/v2\/types\/page"}],"author":[{"embeddable":true,"href":"https:\/\/www.labunie.com.pl\/index.php?rest_route=\/wp\/v2\/users\/7"}],"replies":[{"embeddable":true,"href":"https:\/\/www.labunie.com.pl\/index.php?rest_route=%2Fwp%2Fv2%2Fcomments&post=31208"}],"version-history":[{"count":2,"href":"https:\/\/www.labunie.com.pl\/index.php?rest_route=\/wp\/v2\/pages\/31208\/revisions"}],"predecessor-version":[{"id":31251,"href":"https:\/\/www.labunie.com.pl\/index.php?rest_route=\/wp\/v2\/pages\/31208\/revisions\/31251"}],"wp:attachment":[{"href":"https:\/\/www.labunie.com.pl\/index.php?rest_route=%2Fwp%2Fv2%2Fmedia&parent=31208"}],"curies":[{"name":"wp","href":"https:\/\/api.w.org\/{rel}","templated":true}]}}