{"id":2825,"date":"2016-02-05T12:00:11","date_gmt":"2016-02-05T11:00:11","guid":{"rendered":"https:\/\/www.labunie.com.pl\/?page_id=2825"},"modified":"2024-07-23T08:05:01","modified_gmt":"2024-07-23T06:05:01","slug":"formularze-podatki","status":"publish","type":"page","link":"https:\/\/www.labunie.com.pl\/?page_id=2825","title":{"rendered":"Podatki"},"content":{"rendered":"\n<div class=\"wp-block-file\"><a href=\"https:\/\/www.labunie.com.pl\/wp-content\/uploads\/2020\/04\/Wniosek-do-za\u015bwiad.-o-niezaleganiu-w-podatkach.pdf\">Wniosek o wydanie za\u015bwiadczenia o niezaleganiu w podatkach<\/a><a href=\"https:\/\/www.labunie.com.pl\/wp-content\/uploads\/2020\/04\/Wniosek-do-za\u015bwiad.-o-niezaleganiu-w-podatkach.pdf\" class=\"wp-block-file__button\" download>Pobierz<\/a><\/div>\n\n\n\n<div style=\"height:30px\" aria-hidden=\"true\" class=\"wp-block-spacer\"><\/div>\n\n\n\n<div class=\"wp-block-file\"><a href=\"https:\/\/www.labunie.com.pl\/wp-content\/uploads\/2020\/04\/wniosek-do-za\u015bwiad.o-stanie-maj\u0105tkowym.pdf\">Wniosek o wydanie za\u015bwiadczenia o stanie maj\u0105tkowym<\/a><a href=\"https:\/\/www.labunie.com.pl\/wp-content\/uploads\/2020\/04\/wniosek-do-za\u015bwiad.o-stanie-maj\u0105tkowym.pdf\" class=\"wp-block-file__button\" download>Pobierz<\/a><\/div>\n\n\n\n<div style=\"height:30px\" aria-hidden=\"true\" class=\"wp-block-spacer\"><\/div>\n\n\n\n<div class=\"wp-block-file\"><a href=\"https:\/\/www.labunie.com.pl\/wp-content\/uploads\/2020\/04\/wniosek-o-ulg\u0119-z-tytu\u0142u-nabycia-grunt\u00f3w.pdf\">Wniosek o zastosowanie ulgi z tytu\u0142u nabycia grunt\u00f3w<\/a><a href=\"https:\/\/www.labunie.com.pl\/wp-content\/uploads\/2020\/04\/wniosek-o-ulg\u0119-z-tytu\u0142u-nabycia-grunt\u00f3w.pdf\" class=\"wp-block-file__button\" download>Pobierz<\/a><\/div>\n\n\n\n<div style=\"height:30px\" aria-hidden=\"true\" class=\"wp-block-spacer\"><\/div>\n\n\n\n<div class=\"wp-block-file\"><a href=\"https:\/\/www.labunie.com.pl\/wp-content\/uploads\/2020\/04\/formularz_informacja_o_wnioskowanej_pomocy_de_minimis_w_rolnictwie_i_rybolowstwie-przedstawiany-wraz-z-wnioskiem-o-ulg\u0119-z-tyt.-nabycia-grunt\u00f3w.pdf\">Formularz informacji o wnioskowanej pomocy <em>de minimis <\/em>w rolnictwie i rybo\u0142\u00f3wstwie przedstawiany wraz z wnioskiem o ulg\u0119 z tytu\u0142u nabycia grunt\u00f3w<\/a><a href=\"https:\/\/www.labunie.com.pl\/wp-content\/uploads\/2020\/04\/formularz_informacja_o_wnioskowanej_pomocy_de_minimis_w_rolnictwie_i_rybolowstwie-przedstawiany-wraz-z-wnioskiem-o-ulg\u0119-z-tyt.-nabycia-grunt\u00f3w.pdf\" class=\"wp-block-file__button\" download>Pobierz<\/a><\/div>\n\n\n\n<div style=\"height:30px\" aria-hidden=\"true\" class=\"wp-block-spacer\"><\/div>\n\n\n\n<div class=\"wp-block-file\"><a href=\"https:\/\/www.labunie.com.pl\/wp-content\/uploads\/2022\/08\/Wniosek-o-wydanie-zaswiadczenia-potwierdzajacego-prace-w-gospodarstwie-rolnym.pdf\">Wniosek o wydanie za\u015bwiadczenia potwierdzaj\u0105cego prace w gospodarstwie rolnym<\/a><a href=\"https:\/\/www.labunie.com.pl\/wp-content\/uploads\/2022\/08\/Wniosek-o-wydanie-zaswiadczenia-potwierdzajacego-prace-w-gospodarstwie-rolnym.pdf\" class=\"wp-block-file__button\" download>Pobierz<\/a><\/div>\n\n\n\n<div style=\"height:50px\" aria-hidden=\"true\" class=\"wp-block-spacer\"><\/div>\n\n\n\n<div class=\"wp-block-file\"><a href=\"https:\/\/www.labunie.com.pl\/wp-content\/uploads\/2024\/07\/Wniosek_detal_jednoraz..doc\">Wniosek o wydanie jednorazowego zezwolenia na sprzeda\u017c detaliczn\u0105 napoj\u00f3w alkoholowych.<\/a><a href=\"https:\/\/www.labunie.com.pl\/wp-content\/uploads\/2024\/07\/Wniosek_detal_jednoraz..doc\" class=\"wp-block-file__button\" download>Pobierz<\/a><\/div>\n\n\n\n<div style=\"height:50px\" aria-hidden=\"true\" class=\"wp-block-spacer\"><\/div>\n\n\n\n<p class=\"has-cyan-bluish-gray-background-color has-background has-medium-font-size\"><strong>Podatek od nieruchomo\u015bci<\/strong><\/p>\n\n\n\n<p><a href=\"https:\/\/www.labunie.com.pl\/strefa-mieszkanca\/formularze\/formularze-podatki\/podatek-od-nieruchomosci-osob-prawnych-01\/\">Podatek od nieruchomo\u015bci os\u00f3b prawnych<\/a><\/p>\n\n\n\n<p><a href=\"https:\/\/www.labunie.com.pl\/strefa-mieszkanca\/formularze\/formularze-podatki\/podatek-od-nieruchomosci-osob-prawnych-02\/\">Podatek od nieruchomo\u015bci os\u00f3b fizycznych<\/a><\/p>\n\n\n\n<div style=\"height:50px\" aria-hidden=\"true\" class=\"wp-block-spacer\"><\/div>\n\n\n\n<p class=\"has-luminous-vivid-orange-background-color has-background has-medium-font-size\"><strong>Podatek rolny<\/strong><\/p>\n\n\n\n<p><a href=\"https:\/\/www.labunie.com.pl\/strefa-mieszkanca\/formularze\/formularze-podatki\/podatek-od-nieruchomosci-osob-prawnych-03\/\">Podatek rolny od os\u00f3b prawnych<\/a><\/p>\n\n\n\n<p><a href=\"https:\/\/www.labunie.com.pl\/strefa-mieszkanca\/formularze\/formularze-podatki\/podatek-od-nieruchomosci-osob-prawnych-04\/\">Podatek rolny od os\u00f3b fizycznych<\/a><\/p>\n\n\n\n<div style=\"height:50px\" aria-hidden=\"true\" class=\"wp-block-spacer\"><\/div>\n\n\n\n<p class=\"has-vivid-green-cyan-background-color has-background has-medium-font-size\"><strong>Podatek le\u015bny<\/strong><\/p>\n\n\n\n<p><a href=\"https:\/\/www.labunie.com.pl\/strefa-mieszkanca\/formularze\/formularze-podatki\/podatek-od-nieruchomosci-osob-prawnych-05\/\">Podatek le\u015bny od os\u00f3b prawnych<\/a><\/p>\n\n\n\n<p><a href=\"https:\/\/www.labunie.com.pl\/strefa-mieszkanca\/formularze\/formularze-podatki\/podatek-od-nieruchomosci-osob-prawnych-06\/\">Podatek le\u015bny od os\u00f3b fizycznych<\/a><\/p>\n\n\n\n<div style=\"height:50px\" aria-hidden=\"true\" class=\"wp-block-spacer\"><\/div>\n\n\n\n<p class=\"has-vivid-cyan-blue-background-color has-text-color has-background has-medium-font-size\" style=\"color:#f5f5f5\"><strong><a href=\"https:\/\/www.labunie.com.pl\/strefa-mieszkanca\/formularze\/formularze-podatki\/podatek-od-nieruchomosci-osob-prawnych-07\/\"><span style=\"color:#efefef\" class=\"tadv-color\">Podatek od \u015brodk\u00f3w transportowych<\/span><\/a><\/strong><\/p>\n\n\n\n<div style=\"height:50px\" aria-hidden=\"true\" class=\"wp-block-spacer\"><\/div>\n\n\n\n<p class=\"has-pale-cyan-blue-background-color has-text-color has-background has-medium-font-size\" style=\"color:#f5f5f5\"><strong><a href=\"https:\/\/www.gov.pl\/web\/rolnictwo\/zwrot-podatku-akcyzowego\/\">Zwrot podatku akcyzowego <\/a><\/strong><\/p>\n","protected":false},"excerpt":{"rendered":"<p>Podatek od nieruchomo\u015bci Podatek od nieruchomo\u015bci os\u00f3b prawnych Podatek od nieruchomo\u015bci os\u00f3b fizycznych Podatek rolny Podatek rolny od os\u00f3b prawnych Podatek rolny od os\u00f3b fizycznych Podatek le\u015bny Podatek le\u015bny od os\u00f3b prawnych Podatek le\u015bny od os\u00f3b fizycznych Podatek od \u015brodk\u00f3w transportowych Zwrot podatku akcyzowego<\/p>\n","protected":false},"author":9,"featured_media":0,"parent":553,"menu_order":6,"comment_status":"closed","ping_status":"closed","template":"","meta":{"footnotes":""},"class_list":["post-2825","page","type-page","status-publish","hentry","clearfix"],"_links":{"self":[{"href":"https:\/\/www.labunie.com.pl\/index.php?rest_route=\/wp\/v2\/pages\/2825","targetHints":{"allow":["GET"]}}],"collection":[{"href":"https:\/\/www.labunie.com.pl\/index.php?rest_route=\/wp\/v2\/pages"}],"about":[{"href":"https:\/\/www.labunie.com.pl\/index.php?rest_route=\/wp\/v2\/types\/page"}],"author":[{"embeddable":true,"href":"https:\/\/www.labunie.com.pl\/index.php?rest_route=\/wp\/v2\/users\/9"}],"replies":[{"embeddable":true,"href":"https:\/\/www.labunie.com.pl\/index.php?rest_route=%2Fwp%2Fv2%2Fcomments&post=2825"}],"version-history":[{"count":5,"href":"https:\/\/www.labunie.com.pl\/index.php?rest_route=\/wp\/v2\/pages\/2825\/revisions"}],"predecessor-version":[{"id":37265,"href":"https:\/\/www.labunie.com.pl\/index.php?rest_route=\/wp\/v2\/pages\/2825\/revisions\/37265"}],"up":[{"embeddable":true,"href":"https:\/\/www.labunie.com.pl\/index.php?rest_route=\/wp\/v2\/pages\/553"}],"wp:attachment":[{"href":"https:\/\/www.labunie.com.pl\/index.php?rest_route=%2Fwp%2Fv2%2Fmedia&parent=2825"}],"curies":[{"name":"wp","href":"https:\/\/api.w.org\/{rel}","templated":true}]}}