{"id":2822,"date":"2016-02-05T09:03:13","date_gmt":"2016-02-05T08:03:13","guid":{"rendered":"https:\/\/www.labunie.com.pl\/?page_id=2822"},"modified":"2024-05-08T11:01:05","modified_gmt":"2024-05-08T09:01:05","slug":"formularze-ochrona-seodowiska-i-uslugi-komunalne","status":"publish","type":"page","link":"https:\/\/www.labunie.com.pl\/?page_id=2822","title":{"rendered":"Ochrona \u015brodowiska i us\u0142ugi komunalne"},"content":{"rendered":"\n<div class=\"wp-block-file\"><a href=\"https:\/\/www.labunie.com.pl\/wp-content\/uploads\/2022\/02\/deklaracja_2022.pdf\">Deklaracja o wysoko\u015bci op\u0142aty za gospodarowanie odpadami komunalnymi<\/a><a href=\"https:\/\/www.labunie.com.pl\/wp-content\/uploads\/2022\/02\/deklaracja_2022.pdf\" class=\"wp-block-file__button\" download>Pobierz<\/a><\/div>\n\n\n\n<div style=\"height:50px\" aria-hidden=\"true\" class=\"wp-block-spacer\"><\/div>\n\n\n\n<div class=\"wp-block-file\"><a href=\"https:\/\/www.labunie.com.pl\/wp-content\/uploads\/2022\/10\/deklaracja_a_v.1.5_-_28.09.2022.pdf\">Deklaracja dotycz\u0105ca \u017ar\u00f3de\u0142 ciep\u0142a i \u017ar\u00f3de\u0142 spalania paliw. Formularz A \u2013 budynki i lokale mieszkalne (v. 1.5)<\/a><a href=\"https:\/\/www.labunie.com.pl\/wp-content\/uploads\/2022\/10\/deklaracja_a_v.1.5_-_28.09.2022.pdf\" class=\"wp-block-file__button\" download>Pobierz<\/a><\/div>\n\n\n\n<div class=\"wp-block-file\"><a href=\"https:\/\/www.labunie.com.pl\/wp-content\/uploads\/2022\/10\/deklaracja_b_v.1.5_-_28.09.2022.pdf\">Deklaracja dotycz\u0105ca \u017ar\u00f3de\u0142 ciep\u0142a i \u017ar\u00f3de\u0142 spalania paliw. Formularz B \u2013 budynki i lokale mieszkalne (v. 1.5)<\/a><a href=\"https:\/\/www.labunie.com.pl\/wp-content\/uploads\/2022\/10\/deklaracja_b_v.1.5_-_28.09.2022.pdf\" class=\"wp-block-file__button\" download>Pobierz<\/a><\/div>\n\n\n\n<div style=\"height:50px\" aria-hidden=\"true\" class=\"wp-block-spacer\"><\/div>\n\n\n\n<div class=\"wp-block-file\"><a href=\"https:\/\/www.labunie.com.pl\/wp-content\/uploads\/2020\/03\/Wniosek-o-zawarcie-umowy-w-zakresie-odprowadzania-\u015bciek\u00f3w.pdf\">Wniosek o zawarcie umowy w zakresie odprowadzania \u015bciek\u00f3w<\/a><a href=\"https:\/\/www.labunie.com.pl\/wp-content\/uploads\/2020\/03\/Wniosek-o-zawarcie-umowy-w-zakresie-odprowadzania-\u015bciek\u00f3w.pdf\" class=\"wp-block-file__button\" download>Pobierz<\/a><\/div>\n\n\n\n<div class=\"wp-block-file\"><a href=\"https:\/\/www.labunie.com.pl\/wp-content\/uploads\/2023\/10\/zgloszenie-szamba-do-ewidencji-gminnej.pdf\">Formularz zg\u0142oszenia do gminnej ewidencji zbiornik\u00f3w bezodp\u0142ywowych (szamb) lub przydomowych oczyszczalni \u015bciek\u00f3w<\/a><a href=\"https:\/\/www.labunie.com.pl\/wp-content\/uploads\/2023\/10\/zgloszenie-szamba-do-ewidencji-gminnej.pdf\" class=\"wp-block-file__button\" download>Pobierz<\/a><\/div>\n\n\n\n<div class=\"wp-block-file\"><a href=\"https:\/\/www.labunie.com.pl\/wp-content\/uploads\/2020\/03\/Wniosek-o-wydanie-warunk\u00f3w-technicznych-do-zaprojektowania-przy\u0142\u0105cza.pdf\">Wniosek o wydanie warunk\u00f3w technicznych do zaprojektowania przy\u0142\u0105cza<\/a><a href=\"https:\/\/www.labunie.com.pl\/wp-content\/uploads\/2020\/03\/Wniosek-o-wydanie-warunk\u00f3w-technicznych-do-zaprojektowania-przy\u0142\u0105cza.pdf\" class=\"wp-block-file__button\" download>Pobierz<\/a><\/div>\n\n\n\n<div class=\"wp-block-file\"><a href=\"https:\/\/www.labunie.com.pl\/wp-content\/uploads\/2020\/03\/Protok\u00f3\u0142-technicznego-odbioru-przy\u0142\u0105cza-kanalizacyjnego.pdf\">Protok\u00f3\u0142 technicznego odbioru przy\u0142\u0105cza kanalizacyjnego<\/a><a href=\"https:\/\/www.labunie.com.pl\/wp-content\/uploads\/2020\/03\/Protok\u00f3\u0142-technicznego-odbioru-przy\u0142\u0105cza-kanalizacyjnego.pdf\" class=\"wp-block-file__button\" download>Pobierz<\/a><\/div>\n\n\n\n<div style=\"height:50px\" aria-hidden=\"true\" class=\"wp-block-spacer\"><\/div>\n\n\n\n<div class=\"wp-block-file\"><a href=\"https:\/\/www.labunie.com.pl\/wp-content\/uploads\/2023\/03\/0zgloszenie-oczyszczalnia-przydomowa1.pdf\">Zg\u0142oszenie eksploatacji przydomowej oczyszczalni \u015bciek\u00f3w <\/a><a href=\"https:\/\/www.labunie.com.pl\/wp-content\/uploads\/2023\/03\/0zgloszenie-oczyszczalnia-przydomowa1.pdf\" class=\"wp-block-file__button\" download>Pobierz<\/a><\/div>\n\n\n\n<div style=\"height:50px\" aria-hidden=\"true\" class=\"wp-block-spacer\"><\/div>\n\n\n\n<div class=\"wp-block-file\"><a href=\"https:\/\/www.labunie.com.pl\/wp-content\/uploads\/2023\/02\/Zgloszenie-zamiaru-wycinki-drzew-2023.doc\">Zg\u0142oszenie zamiaru wycinki drzew<\/a><a href=\"https:\/\/www.labunie.com.pl\/wp-content\/uploads\/2023\/02\/Zgloszenie-zamiaru-wycinki-drzew-2023.doc\" class=\"wp-block-file__button\" download>Pobierz<\/a><\/div>\n\n\n\n<div style=\"height:50px\" aria-hidden=\"true\" class=\"wp-block-spacer\"><\/div>\n\n\n\n<div class=\"wp-block-file\"><a href=\"https:\/\/www.labunie.com.pl\/wp-content\/uploads\/2017\/05\/O\u015bwiadczenie-straty-w-rolnictwie.pdf\">O\u015bwiadczenie &#8211; straty w rolnictwie<\/a><a href=\"https:\/\/www.labunie.com.pl\/wp-content\/uploads\/2017\/05\/O\u015bwiadczenie-straty-w-rolnictwie.pdf\" class=\"wp-block-file__button\" download>Pobierz<\/a><\/div>\n\n\n\n<div style=\"height:50px\" aria-hidden=\"true\" class=\"wp-block-spacer\"><\/div>\n\n\n\n<div class=\"wp-block-file\"><a href=\"https:\/\/www.labunie.com.pl\/wp-content\/uploads\/2023\/04\/regulamin-przyznawania-dofinansowania-na-usuwanie-eternitu-05.2021.pdf\">Regulamin dofinansowania na usuwanie eternitu<\/a><a href=\"https:\/\/www.labunie.com.pl\/wp-content\/uploads\/2023\/04\/regulamin-przyznawania-dofinansowania-na-usuwanie-eternitu-05.2021.pdf\" class=\"wp-block-file__button\" download>Pobierz<\/a><\/div>\n\n\n\n<div class=\"wp-block-file\"><a href=\"https:\/\/www.labunie.com.pl\/wp-content\/uploads\/2023\/04\/Wniosek-o-dofinansowanie-usuniecia-eternitu-2023.pdf\">Wniosek o dofinansowanie na usuni\u0119cie eternitu<\/a><a href=\"https:\/\/www.labunie.com.pl\/wp-content\/uploads\/2023\/04\/Wniosek-o-dofinansowanie-usuniecia-eternitu-2023.pdf\" class=\"wp-block-file__button\" download>Pobierz<\/a><\/div>\n\n\n\n<div style=\"height:50px\" aria-hidden=\"true\" class=\"wp-block-spacer\"><\/div>\n\n\n\n<div class=\"wp-block-file\"><a href=\"https:\/\/www.labunie.com.pl\/wp-content\/uploads\/2024\/05\/Wniosek-o-udzielenie-zezwolenia-w-zakresie-oprozniania-zbiornikow-bezodplywowych-lub-osadnikow.doc\">Wniosek o udzielenie zezwolenia w zakresie opr\u00f3\u017cniania zbiornik\u00f3w bezodp\u0142ywowych lub osadnik\u00f3w<\/a><a href=\"https:\/\/www.labunie.com.pl\/wp-content\/uploads\/2024\/05\/Wniosek-o-udzielenie-zezwolenia-w-zakresie-oprozniania-zbiornikow-bezodplywowych-lub-osadnikow.doc\" class=\"wp-block-file__button\" download>Pobierz<\/a><\/div>\n","protected":false},"excerpt":{"rendered":"","protected":false},"author":9,"featured_media":0,"parent":553,"menu_order":3,"comment_status":"closed","ping_status":"closed","template":"","meta":{"footnotes":""},"class_list":["post-2822","page","type-page","status-publish","hentry","clearfix"],"_links":{"self":[{"href":"https:\/\/www.labunie.com.pl\/index.php?rest_route=\/wp\/v2\/pages\/2822","targetHints":{"allow":["GET"]}}],"collection":[{"href":"https:\/\/www.labunie.com.pl\/index.php?rest_route=\/wp\/v2\/pages"}],"about":[{"href":"https:\/\/www.labunie.com.pl\/index.php?rest_route=\/wp\/v2\/types\/page"}],"author":[{"embeddable":true,"href":"https:\/\/www.labunie.com.pl\/index.php?rest_route=\/wp\/v2\/users\/9"}],"replies":[{"embeddable":true,"href":"https:\/\/www.labunie.com.pl\/index.php?rest_route=%2Fwp%2Fv2%2Fcomments&post=2822"}],"version-history":[{"count":5,"href":"https:\/\/www.labunie.com.pl\/index.php?rest_route=\/wp\/v2\/pages\/2822\/revisions"}],"predecessor-version":[{"id":36472,"href":"https:\/\/www.labunie.com.pl\/index.php?rest_route=\/wp\/v2\/pages\/2822\/revisions\/36472"}],"up":[{"embeddable":true,"href":"https:\/\/www.labunie.com.pl\/index.php?rest_route=\/wp\/v2\/pages\/553"}],"wp:attachment":[{"href":"https:\/\/www.labunie.com.pl\/index.php?rest_route=%2Fwp%2Fv2%2Fmedia&parent=2822"}],"curies":[{"name":"wp","href":"https:\/\/api.w.org\/{rel}","templated":true}]}}