{"id":2821,"date":"2016-07-06T12:11:13","date_gmt":"2016-07-06T10:11:13","guid":{"rendered":"https:\/\/www.labunie.com.pl\/?page_id=2821"},"modified":"2025-02-05T09:00:25","modified_gmt":"2025-02-05T08:00:25","slug":"formularze-ewidencja-ludnosci","status":"publish","type":"page","link":"https:\/\/www.labunie.com.pl\/?page_id=2821","title":{"rendered":"Sprawy obywatelskie"},"content":{"rendered":"\n<div class=\"wp-block-file\"><a href=\"https:\/\/www.labunie.com.pl\/wp-content\/uploads\/2025\/01\/wniosek-o-wydanie-odpisu-z-ASC.pdf\">Wniosek o wydanie odpisu z aktu stanu cywilnego<\/a><a href=\"https:\/\/www.labunie.com.pl\/wp-content\/uploads\/2025\/01\/wniosek-o-wydanie-odpisu-z-ASC.pdf\" class=\"wp-block-file__button\" download>Pobierz<\/a><\/div>\n\n\n\n<p>Istnieje r\u00f3wnie\u017c mo\u017cliwo\u015b\u0107 pobrania odpisu aktu stanu cywilnego w wersji elektronicznej bezpo\u015brednio z Systemu Rejestr\u00f3w Pa\u0144stwowych (SRP), a nast\u0119pnie automatyczne przesy\u0142anie go na skrzynk\u0119 wnioskodawcy &#8211; szczeg\u00f3\u0142y us\u0142ugi: <a href=\"https:\/\/www.labunie.com.pl\/wp-content\/uploads\/2020\/05\/Odpis-ASC.png\" data-rel=\"lightbox-gallery-vHe12TaS\" data-rl_title=\"\" data-rl_caption=\"\" title=\"\"><strong>TUTAJ<\/strong><\/a><\/p>\n\n\n\n<div style=\"height:20px\" aria-hidden=\"true\" class=\"wp-block-spacer\"><\/div>\n\n\n\n<div class=\"wp-block-file\"><a href=\"https:\/\/www.labunie.com.pl\/wp-content\/uploads\/2020\/03\/Wniosek_wydanie_tlumaczenia.pdf\">Wniosek o wydanie wieloj\u0119zycznego standardowego formularza \u2013 t\u0142umaczenie pomocnicze<\/a><a href=\"https:\/\/www.labunie.com.pl\/wp-content\/uploads\/2020\/03\/Wniosek_wydanie_tlumaczenia.pdf\" class=\"wp-block-file__button\" download>Pobierz<\/a><\/div>\n\n\n\n<div style=\"height:20px\" aria-hidden=\"true\" class=\"wp-block-spacer\"><\/div>\n\n\n\n<div class=\"wp-block-file\"><a href=\"https:\/\/www.labunie.com.pl\/wp-content\/uploads\/2020\/12\/zgloszenie-pobytu-stalego-2020.pdf\">Zg\u0142oszenie pobytu sta\u0142ego<\/a><a href=\"https:\/\/www.labunie.com.pl\/wp-content\/uploads\/2020\/12\/zgloszenie-pobytu-stalego-2020.pdf\" class=\"wp-block-file__button\" download>Pobierz<\/a><\/div>\n\n\n\n<div class=\"wp-block-file\"><a href=\"https:\/\/www.labunie.com.pl\/wp-content\/uploads\/2020\/12\/zgloszenie-pobytu-czasowego-2020.pdf\">Zg\u0142oszenie pobytu czasowego<\/a><a href=\"https:\/\/www.labunie.com.pl\/wp-content\/uploads\/2020\/12\/zgloszenie-pobytu-czasowego-2020.pdf\" class=\"wp-block-file__button\" download>Pobierz<\/a><\/div>\n\n\n\n<div class=\"wp-block-file\"><a href=\"https:\/\/www.labunie.com.pl\/wp-content\/uploads\/2020\/03\/Wniosek_wydanie_zaswiadczenia_o_zameldowaniu.pdf\">Wniosek o wydanie za\u015bwiadczenia z akt ewidencji ludno\u015bci<\/a><a href=\"https:\/\/www.labunie.com.pl\/wp-content\/uploads\/2020\/03\/Wniosek_wydanie_zaswiadczenia_o_zameldowaniu.pdf\" class=\"wp-block-file__button\" download>Pobierz<\/a><\/div>\n\n\n\n<div style=\"height:20px\" aria-hidden=\"true\" class=\"wp-block-spacer\"><\/div>\n\n\n\n<div class=\"wp-block-file\"><a href=\"https:\/\/www.labunie.com.pl\/wp-content\/uploads\/2022\/09\/Wniosek-o-udostepnienie-danych-jednostkowych-z-rejestru-mieszkancow-oraz-rejestru-PESEL-ug.pdf\">Wniosek o udost\u0119pnienie danych jednostkowych z rejestru mieszka\u0144c\u00f3w oraz rejestru PESEL<\/a><a href=\"https:\/\/www.labunie.com.pl\/wp-content\/uploads\/2022\/09\/Wniosek-o-udostepnienie-danych-jednostkowych-z-rejestru-mieszkancow-oraz-rejestru-PESEL-ug.pdf\" class=\"wp-block-file__button\" download>Pobierz<\/a><\/div>\n\n\n\n<div class=\"wp-block-file\"><a href=\"https:\/\/www.labunie.com.pl\/wp-content\/uploads\/2016\/02\/wniosek-o-udost\u0119pnienie-danych-z-dowodu.pdf\">Wniosek o udost\u0119pnienie danych w trybie jednostkowym z rejestru dowod\u00f3w osobistych<\/a><a href=\"https:\/\/www.labunie.com.pl\/wp-content\/uploads\/2016\/02\/wniosek-o-udost\u0119pnienie-danych-z-dowodu.pdf\" class=\"wp-block-file__button\" download>Pobierz<\/a><\/div>\n","protected":false},"excerpt":{"rendered":"<p>Istnieje r\u00f3wnie\u017c mo\u017cliwo\u015b\u0107 pobrania odpisu aktu stanu cywilnego w wersji elektronicznej bezpo\u015brednio z Systemu Rejestr\u00f3w Pa\u0144stwowych (SRP), a nast\u0119pnie automatyczne przesy\u0142anie go na skrzynk\u0119 wnioskodawcy &#8211; szczeg\u00f3\u0142y us\u0142ugi: TUTAJ<\/p>\n","protected":false},"author":9,"featured_media":0,"parent":553,"menu_order":2,"comment_status":"closed","ping_status":"closed","template":"","meta":{"footnotes":""},"class_list":["post-2821","page","type-page","status-publish","hentry","clearfix"],"_links":{"self":[{"href":"https:\/\/www.labunie.com.pl\/index.php?rest_route=\/wp\/v2\/pages\/2821","targetHints":{"allow":["GET"]}}],"collection":[{"href":"https:\/\/www.labunie.com.pl\/index.php?rest_route=\/wp\/v2\/pages"}],"about":[{"href":"https:\/\/www.labunie.com.pl\/index.php?rest_route=\/wp\/v2\/types\/page"}],"author":[{"embeddable":true,"href":"https:\/\/www.labunie.com.pl\/index.php?rest_route=\/wp\/v2\/users\/9"}],"replies":[{"embeddable":true,"href":"https:\/\/www.labunie.com.pl\/index.php?rest_route=%2Fwp%2Fv2%2Fcomments&post=2821"}],"version-history":[{"count":5,"href":"https:\/\/www.labunie.com.pl\/index.php?rest_route=\/wp\/v2\/pages\/2821\/revisions"}],"predecessor-version":[{"id":39450,"href":"https:\/\/www.labunie.com.pl\/index.php?rest_route=\/wp\/v2\/pages\/2821\/revisions\/39450"}],"up":[{"embeddable":true,"href":"https:\/\/www.labunie.com.pl\/index.php?rest_route=\/wp\/v2\/pages\/553"}],"wp:attachment":[{"href":"https:\/\/www.labunie.com.pl\/index.php?rest_route=%2Fwp%2Fv2%2Fmedia&parent=2821"}],"curies":[{"name":"wp","href":"https:\/\/api.w.org\/{rel}","templated":true}]}}