{"id":28108,"date":"2022-10-26T12:16:28","date_gmt":"2022-10-26T10:16:28","guid":{"rendered":"https:\/\/www.labunie.com.pl\/?page_id=28108"},"modified":"2026-01-12T14:31:19","modified_gmt":"2026-01-12T13:31:19","slug":"punkt-konsultacyjny-rzadowego-programu-priorytetowego-czyste-powietrze","status":"publish","type":"page","link":"https:\/\/www.labunie.com.pl\/?page_id=28108","title":{"rendered":"Punkt Konsultacyjny Rz\u0105dowego Programu Priorytetowego &#8220;Czyste Powietrze&#8221;"},"content":{"rendered":"\n<div style=\"height:50px\" aria-hidden=\"true\" class=\"wp-block-spacer\"><\/div>\n\n\n\n<figure class=\"wp-block-image size-large\"><img loading=\"lazy\" decoding=\"async\" width=\"1000\" height=\"150\" src=\"https:\/\/www.labunie.com.pl\/wp-content\/uploads\/2025\/04\/fe-rp-ue-kpo.png\" alt=\"\" class=\"wp-image-39999\" srcset=\"https:\/\/www.labunie.com.pl\/wp-content\/uploads\/2025\/04\/fe-rp-ue-kpo.png 1000w, https:\/\/www.labunie.com.pl\/wp-content\/uploads\/2025\/04\/fe-rp-ue-kpo-300x45.png 300w, https:\/\/www.labunie.com.pl\/wp-content\/uploads\/2025\/04\/fe-rp-ue-kpo-768x115.png 768w\" sizes=\"auto, (max-width: 1000px) 100vw, 1000px\" \/><\/figure>\n\n\n\n<div style=\"height:50px\" aria-hidden=\"true\" class=\"wp-block-spacer\"><\/div>\n\n\n\n<p><strong>W budynku wielofunkcyjnym w cz\u0119\u015bci wydzielonej Gminnego O\u015brodka Pomocy Spo\u0142ecznej przy ul. Orzechowej 10 w \u0141abuniach funkcjonuje Punkt Konsultacyjno-Informacyjny Programu Priorytetowego &#8220;Czyste Powietrze&#8221; gdzie jest mo\u017cliwo\u015b\u0107 z\u0142o\u017cenia wniosku o dofinansowanie w ramach Programu Priorytetowego &#8220;Czyste Powietrze&#8221;.<\/strong><\/p>\n\n\n\n<p><strong>Punkt jest czynny dla Pa\u0144stwa w poniedzia\u0142ki i wtorki w godzinach 7:00 \u2013 11:00 oraz \u015brody i czwartki w godzinach 11:00 \u2013 15:00. tel. tel. 84 611 30 08<\/strong><\/p>\n\n\n\n<div style=\"height:20px\" aria-hidden=\"true\" class=\"wp-block-spacer\"><\/div>\n\n\n\n<h2 class=\"wp-block-heading\">CEL PROGRAMU:<\/h2>\n\n\n\n<p>Poprawa jako\u015bci powietrza oraz zmniejszenie emisji gaz\u00f3w cieplarnianych poprzez wymian\u0119 \u017ar\u00f3de\u0142 ciep\u0142a i popraw\u0119 efektywno\u015bci energetycznej budynk\u00f3w mieszkalnych jednorodzinnych.<\/p>\n\n\n\n<div style=\"height:20px\" aria-hidden=\"true\" class=\"wp-block-spacer\"><\/div>\n\n\n\n<h2 class=\"wp-block-heading\">DLA KOGO?<\/h2>\n\n\n\n<p>Dla w\u0142a\u015bcicieli lub wsp\u00f3\u0142w\u0142a\u015bcicieli jednorodzinnych budynk\u00f3w mieszkalnych lub wydzielonych w budynkach jednorodzinnych lokali mieszkalnych z wyodr\u0119bnion\u0105 ksi\u0119g\u0105 wieczyst\u0105.<\/p>\n\n\n\n<p>Program obejmuje 3 grupy beneficjent\u00f3w:<\/p>\n\n\n\n<ol class=\"wp-block-list\">\n<li>uprawnionych do podstawowego poziomu dofinansowania z rocznym dochodem wnioskodawcy <strong>do 135.000,00 z\u0142<\/strong><\/li>\n\n\n\n<li>uprawnionych do podwy\u017cszonego poziomu dofinansowania z dochodem na osob\u0119 w gospodarstwie domowym:\n<ul class=\"wp-block-list\">\n<li>gospodarstwa jednoosobowe doch\u00f3d <strong>do 3.150,00 z\u0142 <\/strong><\/li>\n\n\n\n<li>gospodarstwa wieloosobowe doch\u00f3d <strong>do 2.250,00 z\u0142<\/strong><\/li>\n<\/ul>\n<\/li>\n\n\n\n<li>uprawnionych do najwy\u017cszego poziomu dofinansowania z dochodem na osob\u0119 w gospodarstwie domowym\n<ul class=\"wp-block-list\">\n<li>gospodarstwa jednoosobowe doch\u00f3d<strong> do 1.800,00 z\u0142 <\/strong><\/li>\n\n\n\n<li>gospodarstwa wieloosobowe doch\u00f3d <strong>do 1.300,00 z\u0142<\/strong>.<\/li>\n<\/ul>\n<\/li>\n<\/ol>\n\n\n\n<p class=\"has-text-align-center\"><strong>Beneficjent, kt\u00f3ry jest w zwi\u0105zku ma\u0142\u017ce\u0144skim w rozumieniu programu nie prowadzi jednoosobowego gospodarstwa domowego. Pozostawanie w zwi\u0105zku ma\u0142\u017ce\u0144skim bez prawomocnie orzeczonej separacji, oznacza zawsze prowadzenie wsp\u00f3lnego gospodarstwa domowego przez ma\u0142\u017conk\u00f3w<\/strong>.<\/p>\n\n\n\n<p>Wraz z rozpocz\u0119ciem naboru beneficjenci b\u0119d\u0105 korzysta\u0107 z og\u00f3lnopolskiego system operator\u00f3w. Operatorzy b\u0119d\u0105 bezp\u0142atnie wspiera\u0107 beneficjenta krok po kroku, od podj\u0119cia decyzji o dofinansowaniu, przez realizacj\u0119 przedsi\u0119wzi\u0119cia a\u017c do jego zako\u0144czenia i rozliczenia.<\/p>\n\n\n\n<p>Najwy\u017cszy poziom dofinansowania jest dost\u0119pny tylko przy wsparciu operatora. Podobna sytuacja dotyczy dotacji z prefinansowaniem. W przypadku poziomu podwy\u017cszonego jest to opcja do wyboru.<\/p>\n\n\n\n<div style=\"height:20px\" aria-hidden=\"true\" class=\"wp-block-spacer\"><\/div>\n\n\n\n<h2 class=\"wp-block-heading\">NA CO?<\/h2>\n\n\n\n<p>Dofinansowanie wymiany starych i nieefektywnych \u017ar\u00f3de\u0142 ciep\u0142a na paliwo sta\u0142e na nowoczesne \u017ar\u00f3d\u0142a ciep\u0142a spe\u0142niaj\u0105ce najwy\u017csze normy, modernizacj\u0119 instalacji c.o.\/c.w.u. oraz przeprowadzenie niezb\u0119dnych prac termomodernizacyjnych jak ocieplenie budynku, wymian\u0119 okien i drzwi, zakup rekuperacji, czyli wentylacji mechanicznej z odzyskiem ciep\u0142a, audyt energetyczny, \u015bwiadectwo charakterystyki energetycznej.<\/p>\n\n\n\n<div style=\"height:20px\" aria-hidden=\"true\" class=\"wp-block-spacer\"><\/div>\n\n\n\n<h2 class=\"wp-block-heading\">ZAKRES DZIA\u0141ANIA PUNKTU KONSULTACYJNEGO:<\/h2>\n\n\n\n<ul class=\"wp-block-list\">\n<li>udzielenie informacji o programie.<\/li>\n\n\n\n<li>wsparcie w przygotowaniu wniosk\u00f3w o dofinansowanie<\/li>\n\n\n\n<li>wsparcie w rozliczeniu przyznanego dofinansowania, w tym przy poprawnym wype\u0142nieniu wniosku o p\u0142atno\u015b\u0107 oraz kompletowaniu wymaganych za\u0142\u0105cznik\u00f3w,<\/li>\n\n\n\n<li>przekazywanie do WFO\u015aiGW wniosk\u00f3w o dofinansowanie oraz wniosk\u00f3w o p\u0142atno\u015b\u0107, sk\u0142adanych przez beneficjent\u00f3w w gminie.<\/li>\n<\/ul>\n\n\n\n<p>Wnioski przesy\u0142ane b\u0119d\u0105 do <strong>Wojew\u00f3dzkiego Funduszu Ochrony \u015arodowiska i Gospodarki Wodnej w Lublinie<\/strong>, gdzie nast\u0119puje ich ocena merytoryczna.<\/p>\n\n\n\n<div style=\"height:20px\" aria-hidden=\"true\" class=\"wp-block-spacer\"><\/div>\n\n\n\n<p><strong>Z terenu Gminy \u0141abunie do WFO\u015aiGW w Lublinie z\u0142o\u017cono:<\/strong><\/p>\n\n\n\n<ul class=\"wp-block-list\">\n<li><strong>wniosk\u00f3w o dofinansowanie: 323<\/strong><\/li>\n\n\n\n<li><strong>zrealizowano przedsi\u0119wzi\u0119\u0107: 179<\/strong><\/li>\n<\/ul>\n\n\n\n<p><strong>Kwota wyp\u0142aconych dotacji: <strong>6.821.397,02<\/strong><\/strong> <strong>z\u0142<\/strong><\/p>\n\n\n\n<p><strong>Dane na dzie\u0144 31. 12. 2025 r.<\/strong><\/p>\n\n\n\n<p>Szczeg\u00f3\u0142owe informacje na temat Programu \u201eCzyste Powietrze\u201d mo\u017cna znale\u017a\u0107 na stronie internetowej Wojew\u00f3dzkiego Funduszu Ochrony \u015brodowiska i Gospodarki Wodnej w Lublinie:<\/p>\n\n\n\n<div style=\"height:20px\" aria-hidden=\"true\" class=\"wp-block-spacer\"><\/div>\n\n\n\n<h2 class=\"wp-block-heading\">PRZYDATNE LINKI:<\/h2>\n\n\n\n<ul class=\"wp-block-list\">\n<li><a href=\"https:\/\/www.wfos.lublin.pl\/czyste-powietrze.html\" target=\"_blank\" rel=\"noreferrer noopener\">https:\/\/www.wfos.lublin.pl\/czyste-powietrze.html<\/a><\/li>\n\n\n\n<li><a href=\"http:\/\/czystepowietrze.gov.pl\" target=\"_blank\" rel=\"noreferrer noopener\">http:\/\/czystepowietrze.gov.pl<\/a><\/li>\n\n\n\n<li><strong>Kalkulator grubo\u015bci izolacji:<\/strong> <a href=\"https:\/\/kalkulatorczystepowietrze.kape.gov.pl\/\" target=\"_blank\" rel=\"noreferrer noopener\">https:\/\/kalkulatorczystepowietrze.kape.gov.pl\/<\/a><\/li>\n\n\n\n<li><strong>Podr\u0119cznik nowego Programu &#8220;Czyste Powietrze&#8221;<\/strong>: <a href=\"https:\/\/czystepowietrze.gov.pl\/do-pobrania\/poradniki-dla-beneficjenta\/podrecznik-nowego-programu-czyste-powietrze-obowiazujacego-od-31-marca-2025-r\/podrecznik_nowego_programu_czyste_powietrze__cz._1_i_2.pdf\" target=\"_blank\" rel=\"noreferrer noopener\">https:\/\/czystepowietrze.gov.pl\/do-pobrania\/poradniki-dla-beneficjenta\/podrecznik-nowego-programu-czyste-powietrze-obowiazujacego-od-31-marca-2025-r\/podrecznik_nowego_programu_czyste_powietrze__cz._1_i_2.pdf<\/a><\/li>\n<\/ul>\n\n\n\n<div style=\"height:20px\" aria-hidden=\"true\" class=\"wp-block-spacer\"><\/div>\n\n\n\n<p>Mamy nadziej\u0119, \u017ce funkcjonowanie punktu zach\u0119ci Mieszka\u0144c\u00f3w do skorzystania z dofinansowania m.in. do wymiany kot\u0142\u00f3w, przeprowadzenia prac termomodernizacyjnych, a w efekcie do poprawy jako\u015bci powietrza na terenie Gminy \u0141abunie.<\/p>\n\n\n\n<div style=\"height:50px\" aria-hidden=\"true\" class=\"wp-block-spacer\"><\/div>\n\n\n\n<p class=\"has-text-align-center\"><strong>Zach\u0119camy do korzystania z punktu!!!<\/strong><\/p>\n\n\n\n<div style=\"height:50px\" aria-hidden=\"true\" class=\"wp-block-spacer\"><\/div>\n\n\n\n<figure class=\"wp-block-image size-large\"><img loading=\"lazy\" decoding=\"async\" width=\"1000\" height=\"150\" src=\"https:\/\/www.labunie.com.pl\/wp-content\/uploads\/2025\/04\/nfos-ue.png\" alt=\"\" class=\"wp-image-40000\" srcset=\"https:\/\/www.labunie.com.pl\/wp-content\/uploads\/2025\/04\/nfos-ue.png 1000w, https:\/\/www.labunie.com.pl\/wp-content\/uploads\/2025\/04\/nfos-ue-300x45.png 300w, https:\/\/www.labunie.com.pl\/wp-content\/uploads\/2025\/04\/nfos-ue-768x115.png 768w\" sizes=\"auto, (max-width: 1000px) 100vw, 1000px\" \/><\/figure>\n","protected":false},"excerpt":{"rendered":"<p>W budynku wielofunkcyjnym w cz\u0119\u015bci wydzielonej Gminnego O\u015brodka Pomocy Spo\u0142ecznej przy ul. Orzechowej 10 w \u0141abuniach funkcjonuje Punkt Konsultacyjno-Informacyjny Programu Priorytetowego &#8220;Czyste Powietrze&#8221; gdzie jest mo\u017cliwo\u015b\u0107 z\u0142o\u017cenia wniosku o dofinansowanie w ramach Programu Priorytetowego &#8220;Czyste Powietrze&#8221;. Punkt jest czynny dla Pa\u0144stwa w poniedzia\u0142ki i wtorki w godzinach 7:00 \u2013 11:00 oraz \u015brody i czwartki w [&hellip;]<\/p>\n","protected":false},"author":7,"featured_media":24038,"parent":0,"menu_order":0,"comment_status":"closed","ping_status":"closed","template":"","meta":{"footnotes":""},"class_list":["post-28108","page","type-page","status-publish","has-post-thumbnail","hentry","clearfix"],"_links":{"self":[{"href":"https:\/\/www.labunie.com.pl\/index.php?rest_route=\/wp\/v2\/pages\/28108","targetHints":{"allow":["GET"]}}],"collection":[{"href":"https:\/\/www.labunie.com.pl\/index.php?rest_route=\/wp\/v2\/pages"}],"about":[{"href":"https:\/\/www.labunie.com.pl\/index.php?rest_route=\/wp\/v2\/types\/page"}],"author":[{"embeddable":true,"href":"https:\/\/www.labunie.com.pl\/index.php?rest_route=\/wp\/v2\/users\/7"}],"replies":[{"embeddable":true,"href":"https:\/\/www.labunie.com.pl\/index.php?rest_route=%2Fwp%2Fv2%2Fcomments&post=28108"}],"version-history":[{"count":6,"href":"https:\/\/www.labunie.com.pl\/index.php?rest_route=\/wp\/v2\/pages\/28108\/revisions"}],"predecessor-version":[{"id":42533,"href":"https:\/\/www.labunie.com.pl\/index.php?rest_route=\/wp\/v2\/pages\/28108\/revisions\/42533"}],"wp:featuredmedia":[{"embeddable":true,"href":"https:\/\/www.labunie.com.pl\/index.php?rest_route=\/wp\/v2\/media\/24038"}],"wp:attachment":[{"href":"https:\/\/www.labunie.com.pl\/index.php?rest_route=%2Fwp%2Fv2%2Fmedia&parent=28108"}],"curies":[{"name":"wp","href":"https:\/\/api.w.org\/{rel}","templated":true}]}}