{"id":27284,"date":"2022-08-19T12:52:00","date_gmt":"2022-08-19T10:52:00","guid":{"rendered":"https:\/\/www.labunie.com.pl\/?page_id=27284"},"modified":"2023-06-26T10:43:33","modified_gmt":"2023-06-26T08:43:33","slug":"przebudowa-drogi-gminnej-nr-110904l-w-miejscowosci-ruszow-ii-etap-na-odcinku-914-mb","status":"publish","type":"page","link":"https:\/\/www.labunie.com.pl\/?page_id=27284","title":{"rendered":"Przebudowa drogi gminnej Nr 110904L w miejscowo\u015bci Rusz\u00f3w \u2013 II etap na odcinku 914 mb."},"content":{"rendered":"\n<div class=\"wp-block-image\"><figure class=\"aligncenter size-large is-resized\"><img loading=\"lazy\" decoding=\"async\" src=\"https:\/\/www.labunie.com.pl\/wp-content\/uploads\/2021\/11\/rfrd_znaki-1024x341.png\" alt=\"\" class=\"wp-image-23867\" width=\"512\" height=\"171\" srcset=\"https:\/\/www.labunie.com.pl\/wp-content\/uploads\/2021\/11\/rfrd_znaki-1024x341.png 1024w, https:\/\/www.labunie.com.pl\/wp-content\/uploads\/2021\/11\/rfrd_znaki-300x100.png 300w, https:\/\/www.labunie.com.pl\/wp-content\/uploads\/2021\/11\/rfrd_znaki-768x256.png 768w, https:\/\/www.labunie.com.pl\/wp-content\/uploads\/2021\/11\/rfrd_znaki-1536x511.png 1536w, https:\/\/www.labunie.com.pl\/wp-content\/uploads\/2021\/11\/rfrd_znaki.png 1751w\" sizes=\"auto, (max-width: 512px) 100vw, 512px\" \/><\/figure><\/div>\n\n\n\n<div style=\"height:40px\" aria-hidden=\"true\" class=\"wp-block-spacer\"><\/div>\n\n\n\n<p><strong>Gmina \u0141abunie pozyska\u0142a \u015brodki z Rz\u0105dowego Funduszu Rozwoju Dr\u00f3g na wykonanie przebudowy drogi gminnej nr 110904L w miejscowo\u015bci Rusz\u00f3w &#8211; II etap na odcinku 914 mb. w wysoko\u015bci 406&nbsp;318,07 z\u0142.<\/strong><\/p>\n\n\n\n<p>W ramach realizacji zadania wykonane zostan\u0105 lokalne poszerzenia celem uzyskania nominalnej szeroko\u015bci jezdni, dwie warstwy nawierzchni z betonu asfaltowego, odtworzenie oraz utwardzenie poboczy kruszywem kamiennym.<\/p>\n\n\n\n<p>Koszt kwalifikowany zadania: <strong>812&nbsp;636,15 z\u0142.<\/strong><\/p>\n\n\n\n<p>W\u00f3jt Gminy \u0141abunie podpisa\u0142 umow\u0119 z Przedsi\u0119biorstwem Rob\u00f3t Drogowo- Mostowych Sp\u00f3\u0142ka z o.o. w Tomaszowie Lubelskim, kt\u00f3re jako Wykonawca rob\u00f3t zosta\u0142o wy\u0142onione w przeprowadzonym post\u0119powaniu przetargowym.<\/p>\n\n\n\n<p>Prace budowlane rozpoczn\u0105 si\u0119 w najbli\u017cszym czasie.<\/p>\n\n\n\n<p>Przewidywany termin zako\u0144czenia rob\u00f3t: <strong>30 pa\u017adziernika 2022 r.<\/strong><\/p>\n\n\n\n<div style=\"height:40px\" aria-hidden=\"true\" class=\"wp-block-spacer\"><\/div>\n\n\n\n<figure class=\"wp-block-gallery columns-1 is-cropped wp-block-gallery-1 is-layout-flex wp-block-gallery-is-layout-flex\"><ul class=\"blocks-gallery-grid\"><li class=\"blocks-gallery-item\"><figure><a href=\"https:\/\/www.labunie.com.pl\/wp-content\/uploads\/2022\/08\/droga_Ruszow_110904_II_etap.png\" data-rel=\"lightbox-gallery-Te2a94Tc\" data-rl_title=\"\" data-rl_caption=\"\" title=\"\"><img loading=\"lazy\" decoding=\"async\" width=\"1000\" height=\"667\" src=\"https:\/\/www.labunie.com.pl\/wp-content\/uploads\/2022\/08\/droga_Ruszow_110904_II_etap.png\" alt=\"\" data-id=\"27286\" data-link=\"https:\/\/www.labunie.com.pl\/?attachment_id=27286\" class=\"wp-image-27286\" srcset=\"https:\/\/www.labunie.com.pl\/wp-content\/uploads\/2022\/08\/droga_Ruszow_110904_II_etap.png 1000w, https:\/\/www.labunie.com.pl\/wp-content\/uploads\/2022\/08\/droga_Ruszow_110904_II_etap-300x200.png 300w, https:\/\/www.labunie.com.pl\/wp-content\/uploads\/2022\/08\/droga_Ruszow_110904_II_etap-768x512.png 768w\" sizes=\"auto, (max-width: 1000px) 100vw, 1000px\" \/><\/a><\/figure><\/li><li class=\"blocks-gallery-item\"><figure><a href=\"https:\/\/www.labunie.com.pl\/wp-content\/uploads\/2022\/08\/IMG_4469a.jpg\" data-rel=\"lightbox-gallery-Te2a94Tc\" data-rl_title=\"\" data-rl_caption=\"\" title=\"\"><img loading=\"lazy\" decoding=\"async\" width=\"1024\" height=\"682\" src=\"https:\/\/www.labunie.com.pl\/wp-content\/uploads\/2022\/08\/IMG_4469a-1024x682.jpg\" alt=\"\" data-id=\"27410\" data-full-url=\"https:\/\/www.labunie.com.pl\/wp-content\/uploads\/2022\/08\/IMG_4469a.jpg\" data-link=\"https:\/\/www.labunie.com.pl\/?attachment_id=27410\" class=\"wp-image-27410\" srcset=\"https:\/\/www.labunie.com.pl\/wp-content\/uploads\/2022\/08\/IMG_4469a-1024x682.jpg 1024w, https:\/\/www.labunie.com.pl\/wp-content\/uploads\/2022\/08\/IMG_4469a-300x200.jpg 300w, https:\/\/www.labunie.com.pl\/wp-content\/uploads\/2022\/08\/IMG_4469a-768x511.jpg 768w, https:\/\/www.labunie.com.pl\/wp-content\/uploads\/2022\/08\/IMG_4469a-1536x1023.jpg 1536w, https:\/\/www.labunie.com.pl\/wp-content\/uploads\/2022\/08\/IMG_4469a.jpg 2000w\" sizes=\"auto, (max-width: 1024px) 100vw, 1024px\" \/><\/a><\/figure><\/li><\/ul><\/figure>\n","protected":false},"excerpt":{"rendered":"<p>Gmina \u0141abunie pozyska\u0142a \u015brodki z Rz\u0105dowego Funduszu Rozwoju Dr\u00f3g na wykonanie przebudowy drogi gminnej nr 110904L w miejscowo\u015bci Rusz\u00f3w &#8211; II etap na odcinku 914 mb. w wysoko\u015bci 406&nbsp;318,07 z\u0142. W ramach realizacji zadania wykonane zostan\u0105 lokalne poszerzenia celem uzyskania nominalnej szeroko\u015bci jezdni, dwie warstwy nawierzchni z betonu asfaltowego, odtworzenie oraz utwardzenie poboczy kruszywem kamiennym. [&hellip;]<\/p>\n","protected":false},"author":7,"featured_media":0,"parent":19872,"menu_order":0,"comment_status":"closed","ping_status":"closed","template":"","meta":{"footnotes":""},"class_list":["post-27284","page","type-page","status-publish","hentry","clearfix"],"_links":{"self":[{"href":"https:\/\/www.labunie.com.pl\/index.php?rest_route=\/wp\/v2\/pages\/27284","targetHints":{"allow":["GET"]}}],"collection":[{"href":"https:\/\/www.labunie.com.pl\/index.php?rest_route=\/wp\/v2\/pages"}],"about":[{"href":"https:\/\/www.labunie.com.pl\/index.php?rest_route=\/wp\/v2\/types\/page"}],"author":[{"embeddable":true,"href":"https:\/\/www.labunie.com.pl\/index.php?rest_route=\/wp\/v2\/users\/7"}],"replies":[{"embeddable":true,"href":"https:\/\/www.labunie.com.pl\/index.php?rest_route=%2Fwp%2Fv2%2Fcomments&post=27284"}],"version-history":[{"count":3,"href":"https:\/\/www.labunie.com.pl\/index.php?rest_route=\/wp\/v2\/pages\/27284\/revisions"}],"predecessor-version":[{"id":27412,"href":"https:\/\/www.labunie.com.pl\/index.php?rest_route=\/wp\/v2\/pages\/27284\/revisions\/27412"}],"up":[{"embeddable":true,"href":"https:\/\/www.labunie.com.pl\/index.php?rest_route=\/wp\/v2\/pages\/19872"}],"wp:attachment":[{"href":"https:\/\/www.labunie.com.pl\/index.php?rest_route=%2Fwp%2Fv2%2Fmedia&parent=27284"}],"curies":[{"name":"wp","href":"https:\/\/api.w.org\/{rel}","templated":true}]}}