{"id":26819,"date":"2022-07-25T14:00:08","date_gmt":"2022-07-25T12:00:08","guid":{"rendered":"https:\/\/www.labunie.com.pl\/?page_id=26819"},"modified":"2023-06-26T10:43:56","modified_gmt":"2023-06-26T08:43:56","slug":"remont-drogi-gminnej-nr-110884l-w-miejscowosci-labunki-drugie","status":"publish","type":"page","link":"https:\/\/www.labunie.com.pl\/?page_id=26819","title":{"rendered":"Remont drogi gminnej nr 110884L w miejscowo\u015bci \u0141abu\u0144ki Drugie"},"content":{"rendered":"\n<div style=\"height:40px\" aria-hidden=\"true\" class=\"wp-block-spacer\"><\/div>\n\n\n\n<div class=\"wp-block-image\"><figure class=\"aligncenter size-large is-resized\"><img loading=\"lazy\" decoding=\"async\" src=\"https:\/\/www.labunie.com.pl\/wp-content\/uploads\/2021\/11\/rfrd_znaki-1024x341.png\" alt=\"\" class=\"wp-image-23867\" width=\"272\" height=\"91\" srcset=\"https:\/\/www.labunie.com.pl\/wp-content\/uploads\/2021\/11\/rfrd_znaki-1024x341.png 1024w, https:\/\/www.labunie.com.pl\/wp-content\/uploads\/2021\/11\/rfrd_znaki-300x100.png 300w, https:\/\/www.labunie.com.pl\/wp-content\/uploads\/2021\/11\/rfrd_znaki-768x256.png 768w, https:\/\/www.labunie.com.pl\/wp-content\/uploads\/2021\/11\/rfrd_znaki-1536x511.png 1536w, https:\/\/www.labunie.com.pl\/wp-content\/uploads\/2021\/11\/rfrd_znaki.png 1751w\" sizes=\"auto, (max-width: 272px) 100vw, 272px\" \/><\/figure><\/div>\n\n\n\n<div style=\"height:40px\" aria-hidden=\"true\" class=\"wp-block-spacer\"><\/div>\n\n\n\n<p>Gmina \u0141abunie pozyska\u0142a \u015brodki z Rz\u0105dowego Funduszu Rozwoju Dr\u00f3g na wykonanie Remontu drogi gminnej nr 110884L w miejscowo\u015bci \u0141abu\u0144ki Drugie na odcinku od km. 0+006,5 do km. 1+317,27 w wysoko\u015bci&nbsp; <strong>254&nbsp;716,69 z\u0142.<\/strong><\/p>\n\n\n\n<p>W ramach realizacji zadania wykonane zostan\u0105 dwie warstwy nawierzchni z betonu asfaltowego, odtworzenie poboczy z kruszywa \u0142amanego, dostosowanie wysoko\u015bciowe zjazd\u00f3w i peron\u00f3w autobusowych oraz oczyszczenie row\u00f3w z namu\u0142u.<\/p>\n\n\n\n<p>Wykonane zostanie tak\u017ce nowe oznakowanie odcinka drogi.<\/p>\n\n\n\n<p>Koszt kwalifikowany zadania: <strong>715&nbsp;696,02 z\u0142.<\/strong><\/p>\n\n\n\n<p>W\u00f3jt Gminy \u0141abunie podpisa\u0142 umow\u0119 z Przedsi\u0119biorstwem Rob\u00f3t Drogowo- Mostowych Sp\u00f3\u0142ka z o.o. w Tomaszowie Lubelskim, kt\u00f3re jako Wykonawca rob\u00f3t zosta\u0142o wy\u0142onione w przeprowadzonym post\u0119powaniu przetargowym.<\/p>\n\n\n\n<p>Prace budowlane rozpoczn\u0105 si\u0119 w najbli\u017cszym czasie.<\/p>\n\n\n\n<p>Przewidywany termin zako\u0144czenia rob\u00f3t: <strong>30 wrze\u015bnia 2022 r.<\/strong><\/p>\n\n\n\n<div style=\"height:40px\" aria-hidden=\"true\" class=\"wp-block-spacer\"><\/div>\n\n\n\n<div class=\"wp-block-image\"><figure class=\"aligncenter size-full\"><img loading=\"lazy\" decoding=\"async\" width=\"2000\" height=\"1332\" src=\"https:\/\/www.labunie.com.pl\/wp-content\/uploads\/2022\/08\/IMG_4475a.jpg\" alt=\"\" class=\"wp-image-27407\" srcset=\"https:\/\/www.labunie.com.pl\/wp-content\/uploads\/2022\/08\/IMG_4475a.jpg 2000w, https:\/\/www.labunie.com.pl\/wp-content\/uploads\/2022\/08\/IMG_4475a-300x200.jpg 300w, https:\/\/www.labunie.com.pl\/wp-content\/uploads\/2022\/08\/IMG_4475a-1024x682.jpg 1024w, https:\/\/www.labunie.com.pl\/wp-content\/uploads\/2022\/08\/IMG_4475a-768x511.jpg 768w, https:\/\/www.labunie.com.pl\/wp-content\/uploads\/2022\/08\/IMG_4475a-1536x1023.jpg 1536w\" sizes=\"auto, (max-width: 2000px) 100vw, 2000px\" \/><\/figure><\/div>\n","protected":false},"excerpt":{"rendered":"<p>Gmina \u0141abunie pozyska\u0142a \u015brodki z Rz\u0105dowego Funduszu Rozwoju Dr\u00f3g na wykonanie Remontu drogi gminnej nr 110884L w miejscowo\u015bci \u0141abu\u0144ki Drugie na odcinku od km. 0+006,5 do km. 1+317,27 w wysoko\u015bci&nbsp; 254&nbsp;716,69 z\u0142. W ramach realizacji zadania wykonane zostan\u0105 dwie warstwy nawierzchni z betonu asfaltowego, odtworzenie poboczy z kruszywa \u0142amanego, dostosowanie wysoko\u015bciowe zjazd\u00f3w i peron\u00f3w autobusowych [&hellip;]<\/p>\n","protected":false},"author":7,"featured_media":0,"parent":19872,"menu_order":0,"comment_status":"closed","ping_status":"closed","template":"","meta":{"footnotes":""},"class_list":["post-26819","page","type-page","status-publish","hentry","clearfix"],"_links":{"self":[{"href":"https:\/\/www.labunie.com.pl\/index.php?rest_route=\/wp\/v2\/pages\/26819","targetHints":{"allow":["GET"]}}],"collection":[{"href":"https:\/\/www.labunie.com.pl\/index.php?rest_route=\/wp\/v2\/pages"}],"about":[{"href":"https:\/\/www.labunie.com.pl\/index.php?rest_route=\/wp\/v2\/types\/page"}],"author":[{"embeddable":true,"href":"https:\/\/www.labunie.com.pl\/index.php?rest_route=\/wp\/v2\/users\/7"}],"replies":[{"embeddable":true,"href":"https:\/\/www.labunie.com.pl\/index.php?rest_route=%2Fwp%2Fv2%2Fcomments&post=26819"}],"version-history":[{"count":5,"href":"https:\/\/www.labunie.com.pl\/index.php?rest_route=\/wp\/v2\/pages\/26819\/revisions"}],"predecessor-version":[{"id":27408,"href":"https:\/\/www.labunie.com.pl\/index.php?rest_route=\/wp\/v2\/pages\/26819\/revisions\/27408"}],"up":[{"embeddable":true,"href":"https:\/\/www.labunie.com.pl\/index.php?rest_route=\/wp\/v2\/pages\/19872"}],"wp:attachment":[{"href":"https:\/\/www.labunie.com.pl\/index.php?rest_route=%2Fwp%2Fv2%2Fmedia&parent=26819"}],"curies":[{"name":"wp","href":"https:\/\/api.w.org\/{rel}","templated":true}]}}