{"id":26120,"date":"2022-05-31T14:56:00","date_gmt":"2022-05-31T12:56:00","guid":{"rendered":"https:\/\/www.labunie.com.pl\/?page_id=26120"},"modified":"2025-06-25T10:03:51","modified_gmt":"2025-06-25T08:03:51","slug":"raporty-o-stanie-gminy","status":"publish","type":"page","link":"https:\/\/www.labunie.com.pl\/?page_id=26120","title":{"rendered":"Raporty o stanie gminy"},"content":{"rendered":"\n<div style=\"height:40px\" aria-hidden=\"true\" class=\"wp-block-spacer\"><\/div>\n\n\n\n<p><strong>Na podstawie art. 28aa ustawy z dnia 8 marca 1990 r. o samorz\u0105dzie gminnym, W\u00f3jt co roku do dnia 31 maja przedstawia radzie gminy raport o stanie gminy.<\/strong><\/p>\n\n\n\n<!--more-->\n\n\n\n<div style=\"height:40px\" aria-hidden=\"true\" class=\"wp-block-spacer\"><\/div>\n\n\n\n<p>Raport obejmuje podsumowanie dzia\u0142alno\u015bci w\u00f3jta, w szczeg\u00f3lno\u015bci realizacj\u0119 polityk, program\u00f3w, strategii i uchwa\u0142 rady gminy.<\/p>\n\n\n\n<div style=\"height:40px\" aria-hidden=\"true\" class=\"wp-block-spacer\"><\/div>\n\n\n\n<div class=\"wp-block-file\"><a href=\"https:\/\/www.labunie.com.pl\/wp-content\/uploads\/2019\/06\/Raport-o-stanie-gminy-za-2018-rok.pdf\">Raport o stanie gminy za 2018 rok<\/a><a href=\"https:\/\/www.labunie.com.pl\/wp-content\/uploads\/2019\/06\/Raport-o-stanie-gminy-za-2018-rok.pdf\" class=\"wp-block-file__button\" download>Pobierz<\/a><\/div>\n\n\n\n<div style=\"height:20px\" aria-hidden=\"true\" class=\"wp-block-spacer\"><\/div>\n\n\n\n<div class=\"wp-block-file\"><a href=\"https:\/\/www.labunie.com.pl\/wp-content\/uploads\/2020\/05\/raport-o-stanie-gminy-za-2019.pdf\">Raport o stanie gminy za 2019 rok<\/a><a href=\"https:\/\/www.labunie.com.pl\/wp-content\/uploads\/2020\/05\/raport-o-stanie-gminy-za-2019.pdf\" class=\"wp-block-file__button\" download>Pobierz<\/a><\/div>\n\n\n\n<div style=\"height:20px\" aria-hidden=\"true\" class=\"wp-block-spacer\"><\/div>\n\n\n\n<div class=\"wp-block-file\"><a href=\"https:\/\/www.labunie.com.pl\/wp-content\/uploads\/2021\/05\/Raport-o-stanie-Gminy-Labunie-za-2020-rok.pdf\">Raport o stanie gminy za 2020 rok<\/a><a href=\"https:\/\/www.labunie.com.pl\/wp-content\/uploads\/2021\/05\/Raport-o-stanie-Gminy-Labunie-za-2020-rok.pdf\" class=\"wp-block-file__button\" download>Pobierz<\/a><\/div>\n\n\n\n<div style=\"height:20px\" aria-hidden=\"true\" class=\"wp-block-spacer\"><\/div>\n\n\n\n<div class=\"wp-block-file\"><a href=\"https:\/\/www.labunie.com.pl\/wp-content\/uploads\/2022\/06\/raport-2021-0p.pdf\">Raport o stanie gminy za 2021 rok<\/a><a href=\"https:\/\/www.labunie.com.pl\/wp-content\/uploads\/2022\/06\/raport-2021-0p.pdf\" class=\"wp-block-file__button\" download>Pobierz<\/a><\/div>\n\n\n\n<div style=\"height:20px\" aria-hidden=\"true\" class=\"wp-block-spacer\"><\/div>\n\n\n\n<div class=\"wp-block-file\"><a href=\"https:\/\/www.labunie.com.pl\/wp-content\/uploads\/2023\/05\/raport-za-2022.pdf\">Raport o stanie gminy za 2022 rok<\/a><a href=\"https:\/\/www.labunie.com.pl\/wp-content\/uploads\/2023\/05\/raport-za-2022.pdf\" class=\"wp-block-file__button\" download>Pobierz<\/a><\/div>\n\n\n\n<div style=\"height:20px\" aria-hidden=\"true\" class=\"wp-block-spacer\"><\/div>\n\n\n\n<div class=\"wp-block-file\"><a href=\"https:\/\/www.labunie.com.pl\/wp-content\/uploads\/2024\/05\/Raport-o-stanie-gminy-2023.pdf\">Raport o stanie gminy za 2023 rok<\/a><a href=\"https:\/\/www.labunie.com.pl\/wp-content\/uploads\/2024\/05\/Raport-o-stanie-gminy-2023.pdf\" class=\"wp-block-file__button\" download>Pobierz<\/a><\/div>\n\n\n\n<div style=\"height:20px\" aria-hidden=\"true\" class=\"wp-block-spacer\"><\/div>\n\n\n\n<div class=\"wp-block-file\"><a href=\"https:\/\/www.labunie.com.pl\/wp-content\/uploads\/2025\/05\/Raport-o-stanie-gminy-2024.pdf\">Raport o stanie gminy za 2024 rok<\/a><a href=\"https:\/\/www.labunie.com.pl\/wp-content\/uploads\/2025\/05\/Raport-o-stanie-gminy-2024.pdf\" class=\"wp-block-file__button\" download>Pobierz<\/a><\/div>\n","protected":false},"excerpt":{"rendered":"<p>Na podstawie art. 28aa ustawy z dnia 8 marca 1990 r. o samorz\u0105dzie gminnym, W\u00f3jt co roku do dnia 31 maja przedstawia radzie gminy raport o stanie gminy.<\/p>\n","protected":false},"author":7,"featured_media":26121,"parent":374,"menu_order":0,"comment_status":"closed","ping_status":"closed","template":"","meta":{"footnotes":""},"class_list":["post-26120","page","type-page","status-publish","has-post-thumbnail","hentry","clearfix"],"_links":{"self":[{"href":"https:\/\/www.labunie.com.pl\/index.php?rest_route=\/wp\/v2\/pages\/26120","targetHints":{"allow":["GET"]}}],"collection":[{"href":"https:\/\/www.labunie.com.pl\/index.php?rest_route=\/wp\/v2\/pages"}],"about":[{"href":"https:\/\/www.labunie.com.pl\/index.php?rest_route=\/wp\/v2\/types\/page"}],"author":[{"embeddable":true,"href":"https:\/\/www.labunie.com.pl\/index.php?rest_route=\/wp\/v2\/users\/7"}],"replies":[{"embeddable":true,"href":"https:\/\/www.labunie.com.pl\/index.php?rest_route=%2Fwp%2Fv2%2Fcomments&post=26120"}],"version-history":[{"count":5,"href":"https:\/\/www.labunie.com.pl\/index.php?rest_route=\/wp\/v2\/pages\/26120\/revisions"}],"predecessor-version":[{"id":40740,"href":"https:\/\/www.labunie.com.pl\/index.php?rest_route=\/wp\/v2\/pages\/26120\/revisions\/40740"}],"up":[{"embeddable":true,"href":"https:\/\/www.labunie.com.pl\/index.php?rest_route=\/wp\/v2\/pages\/374"}],"wp:featuredmedia":[{"embeddable":true,"href":"https:\/\/www.labunie.com.pl\/index.php?rest_route=\/wp\/v2\/media\/26121"}],"wp:attachment":[{"href":"https:\/\/www.labunie.com.pl\/index.php?rest_route=%2Fwp%2Fv2%2Fmedia&parent=26120"}],"curies":[{"name":"wp","href":"https:\/\/api.w.org\/{rel}","templated":true}]}}