{"id":20248,"date":"2021-02-05T13:47:41","date_gmt":"2021-02-05T12:47:41","guid":{"rendered":"https:\/\/www.labunie.com.pl\/?page_id=20248"},"modified":"2023-05-30T11:37:21","modified_gmt":"2023-05-30T09:37:21","slug":"przebudowa-drogi-gminnej-nr-110906l-ul-gorna-w-miejscowosci-labunie","status":"publish","type":"page","link":"https:\/\/www.labunie.com.pl\/?page_id=20248","title":{"rendered":"Przebudowa drogi gminnej Nr 110906L (ul. G\u00f3rna) w miejscowo\u015bci \u0141abunie"},"content":{"rendered":"\n<figure class=\"wp-block-image size-large\"><img loading=\"lazy\" decoding=\"async\" width=\"1024\" height=\"724\" src=\"https:\/\/www.labunie.com.pl\/wp-content\/uploads\/2021\/02\/DPR_Tablica_RFIL-gorna-1024x724.png\" alt=\"\" class=\"wp-image-20251\" srcset=\"https:\/\/www.labunie.com.pl\/wp-content\/uploads\/2021\/02\/DPR_Tablica_RFIL-gorna-1024x724.png 1024w, https:\/\/www.labunie.com.pl\/wp-content\/uploads\/2021\/02\/DPR_Tablica_RFIL-gorna-300x212.png 300w, https:\/\/www.labunie.com.pl\/wp-content\/uploads\/2021\/02\/DPR_Tablica_RFIL-gorna-768x543.png 768w, https:\/\/www.labunie.com.pl\/wp-content\/uploads\/2021\/02\/DPR_Tablica_RFIL-gorna-1536x1085.png 1536w, https:\/\/www.labunie.com.pl\/wp-content\/uploads\/2021\/02\/DPR_Tablica_RFIL-gorna-2048x1447.png 2048w\" sizes=\"auto, (max-width: 1024px) 100vw, 1024px\" \/><\/figure>\n\n\n\n<figure class=\"wp-block-embed is-type-wp-embed is-provider-urzad-gminy-labunie wp-block-embed-urzad-gminy-labunie\"><div class=\"wp-block-embed__wrapper\">\n<blockquote class=\"wp-embedded-content\" data-secret=\"nPf6pBwV1i\"><a href=\"https:\/\/www.labunie.com.pl\/?page_id=19878\">Przebudowa drogi gminnej Nr 110906L od km. 0+409 do km. 1+400 w miejscowo\u015bci \u0141abunie<\/a><\/blockquote><iframe loading=\"lazy\" class=\"wp-embedded-content\" sandbox=\"allow-scripts\" security=\"restricted\" style=\"position: absolute; clip: rect(1px, 1px, 1px, 1px);\" title=\"&#8222;Przebudowa drogi gminnej Nr 110906L od km. 0+409 do km. 1+400 w miejscowo\u015bci \u0141abunie&#8221; &#8212; Urz\u0105d Gminy \u0141abunie\" src=\"https:\/\/www.labunie.com.pl\/?page_id=19878&#038;embed=true#?secret=nPf6pBwV1i\" data-secret=\"nPf6pBwV1i\" width=\"600\" height=\"338\" frameborder=\"0\" marginwidth=\"0\" marginheight=\"0\" scrolling=\"no\"><\/iframe>\n<\/div><\/figure>\n","protected":false},"excerpt":{"rendered":"","protected":false},"author":7,"featured_media":0,"parent":0,"menu_order":1,"comment_status":"closed","ping_status":"closed","template":"","meta":{"footnotes":""},"class_list":["post-20248","page","type-page","status-publish","hentry","clearfix"],"_links":{"self":[{"href":"https:\/\/www.labunie.com.pl\/index.php?rest_route=\/wp\/v2\/pages\/20248","targetHints":{"allow":["GET"]}}],"collection":[{"href":"https:\/\/www.labunie.com.pl\/index.php?rest_route=\/wp\/v2\/pages"}],"about":[{"href":"https:\/\/www.labunie.com.pl\/index.php?rest_route=\/wp\/v2\/types\/page"}],"author":[{"embeddable":true,"href":"https:\/\/www.labunie.com.pl\/index.php?rest_route=\/wp\/v2\/users\/7"}],"replies":[{"embeddable":true,"href":"https:\/\/www.labunie.com.pl\/index.php?rest_route=%2Fwp%2Fv2%2Fcomments&post=20248"}],"version-history":[{"count":2,"href":"https:\/\/www.labunie.com.pl\/index.php?rest_route=\/wp\/v2\/pages\/20248\/revisions"}],"predecessor-version":[{"id":31246,"href":"https:\/\/www.labunie.com.pl\/index.php?rest_route=\/wp\/v2\/pages\/20248\/revisions\/31246"}],"wp:attachment":[{"href":"https:\/\/www.labunie.com.pl\/index.php?rest_route=%2Fwp%2Fv2%2Fmedia&parent=20248"}],"curies":[{"name":"wp","href":"https:\/\/api.w.org\/{rel}","templated":true}]}}