{"id":19890,"date":"2020-12-29T08:51:13","date_gmt":"2020-12-29T07:51:13","guid":{"rendered":"https:\/\/www.labunie.com.pl\/?page_id=19890"},"modified":"2023-06-26T10:44:24","modified_gmt":"2023-06-26T08:44:24","slug":"przebudowa-nawierzchni-drogi-gminnej-nr-110904l-w-miejscowosci-ruszow-od-km-0578-do-km-1577","status":"publish","type":"page","link":"https:\/\/www.labunie.com.pl\/?page_id=19890","title":{"rendered":"Przebudowa nawierzchni drogi gminnej Nr 110904L w miejscowo\u015bci Rusz\u00f3w od km. 0+578 do km. 1+577"},"content":{"rendered":"\n<div class=\"wp-block-image\"><figure class=\"aligncenter size-large\"><img loading=\"lazy\" decoding=\"async\" width=\"300\" height=\"181\" src=\"https:\/\/www.labunie.com.pl\/wp-content\/uploads\/2020\/10\/fds.png\" alt=\"\" class=\"wp-image-19870\"\/><\/figure><\/div>\n\n\n\n<div style=\"height:20px\" aria-hidden=\"true\" class=\"wp-block-spacer\"><\/div>\n\n\n\n<p>Przebudowa nawierzchni drogi gminnej Nr 11004L w miejscowo\u015bci Rusz\u00f3w od km. 0+578 do km. 1+577 realizowana by\u0142a przy wsparciu dofinansowania ze \u015brodk\u00f3w Funduszu Dr\u00f3g Samorz\u0105dowych.<\/p>\n\n\n\n<p> W ramach zadania wykonano:<\/p>\n\n\n\n<ul class=\"wp-block-list\"><li>lokalne poszerzenia celem uzyskania nominalnej szeroko\u015bci jezdni,<\/li><li>wyr\u00f3wnanie podbudowy i lokalne wzmocnienie warstw\u0105 przeciwsp\u0119kaniow\u0105 poprzez zastosowanie siatki szklanej z geow\u0142\u00f3knin\u0105, <\/li><li>nawierzchni\u0119 z mieszanki mineralno-bitumicznej asfaltowej o szeroko\u015bci 5 m. na odcinku 999 mb.<\/li><li>profilowanie i utwardzenie poboczy obustronne materia\u0142em kamiennym<\/li><li>odtworzenie i renowacj\u0119 row\u00f3w przydro\u017cnych wraz z oczyszczeniem istniej\u0105cych przepust\u00f3w. <\/li><\/ul>\n\n\n\n<p> Ca\u0142kowita warto\u015b\u0107 inwestycji: 373 774,85 z\u0142.<br> Dofinansowanie: 224 264,00 z\u0142.<br> Wk\u0142ad w\u0142asny: 149 510,85 z\u0142.<\/p>\n\n\n\n<p>Wykonawc\u0105 rob\u00f3t by\u0142o: Przedsi\u0119biorstwo Wielobran\u017cowe \u201eSADEX\u201d z Kolonii Sitno.<\/p>\n\n\n\n<div style=\"height:20px\" aria-hidden=\"true\" class=\"wp-block-spacer\"><\/div>\n\n\n\n<figure class=\"wp-block-gallery columns-2 wp-block-gallery-1 is-layout-flex wp-block-gallery-is-layout-flex\"><ul class=\"blocks-gallery-grid\"><li class=\"blocks-gallery-item\"><figure><a href=\"https:\/\/www.labunie.com.pl\/wp-content\/uploads\/2020\/12\/FDS_Rusz\u00f3w_001.jpg\" data-rel=\"lightbox-gallery-07mdKWMI\" data-rl_title=\"\" data-rl_caption=\"\" title=\"\"><img loading=\"lazy\" decoding=\"async\" width=\"1024\" height=\"768\" src=\"https:\/\/www.labunie.com.pl\/wp-content\/uploads\/2020\/12\/FDS_Rusz\u00f3w_001-1024x768.jpg\" alt=\"\" data-id=\"19891\" data-full-url=\"https:\/\/www.labunie.com.pl\/wp-content\/uploads\/2020\/12\/FDS_Rusz\u00f3w_001.jpg\" data-link=\"https:\/\/www.labunie.com.pl\/?attachment_id=19891\" class=\"wp-image-19891\" srcset=\"https:\/\/www.labunie.com.pl\/wp-content\/uploads\/2020\/12\/FDS_Rusz\u00f3w_001-1024x768.jpg 1024w, https:\/\/www.labunie.com.pl\/wp-content\/uploads\/2020\/12\/FDS_Rusz\u00f3w_001-300x225.jpg 300w, https:\/\/www.labunie.com.pl\/wp-content\/uploads\/2020\/12\/FDS_Rusz\u00f3w_001-768x576.jpg 768w, https:\/\/www.labunie.com.pl\/wp-content\/uploads\/2020\/12\/FDS_Rusz\u00f3w_001-1536x1152.jpg 1536w, https:\/\/www.labunie.com.pl\/wp-content\/uploads\/2020\/12\/FDS_Rusz\u00f3w_001.jpg 2000w\" sizes=\"auto, (max-width: 1024px) 100vw, 1024px\" \/><\/a><\/figure><\/li><li class=\"blocks-gallery-item\"><figure><a href=\"https:\/\/www.labunie.com.pl\/wp-content\/uploads\/2020\/12\/FDS_Rusz\u00f3w_002.jpg\" data-rel=\"lightbox-gallery-07mdKWMI\" data-rl_title=\"\" data-rl_caption=\"\" title=\"\"><img loading=\"lazy\" decoding=\"async\" width=\"1024\" height=\"768\" src=\"https:\/\/www.labunie.com.pl\/wp-content\/uploads\/2020\/12\/FDS_Rusz\u00f3w_002-1024x768.jpg\" alt=\"\" data-id=\"19892\" data-full-url=\"https:\/\/www.labunie.com.pl\/wp-content\/uploads\/2020\/12\/FDS_Rusz\u00f3w_002.jpg\" data-link=\"https:\/\/www.labunie.com.pl\/?attachment_id=19892\" class=\"wp-image-19892\" srcset=\"https:\/\/www.labunie.com.pl\/wp-content\/uploads\/2020\/12\/FDS_Rusz\u00f3w_002-1024x768.jpg 1024w, https:\/\/www.labunie.com.pl\/wp-content\/uploads\/2020\/12\/FDS_Rusz\u00f3w_002-300x225.jpg 300w, https:\/\/www.labunie.com.pl\/wp-content\/uploads\/2020\/12\/FDS_Rusz\u00f3w_002-768x576.jpg 768w, https:\/\/www.labunie.com.pl\/wp-content\/uploads\/2020\/12\/FDS_Rusz\u00f3w_002-1536x1152.jpg 1536w, https:\/\/www.labunie.com.pl\/wp-content\/uploads\/2020\/12\/FDS_Rusz\u00f3w_002.jpg 2000w\" sizes=\"auto, (max-width: 1024px) 100vw, 1024px\" \/><\/a><\/figure><\/li><li class=\"blocks-gallery-item\"><figure><a href=\"https:\/\/www.labunie.com.pl\/wp-content\/uploads\/2020\/12\/FDS_Rusz\u00f3w_003.jpg\" data-rel=\"lightbox-gallery-07mdKWMI\" data-rl_title=\"\" data-rl_caption=\"\" title=\"\"><img loading=\"lazy\" decoding=\"async\" width=\"1024\" height=\"768\" src=\"https:\/\/www.labunie.com.pl\/wp-content\/uploads\/2020\/12\/FDS_Rusz\u00f3w_003-1024x768.jpg\" alt=\"\" data-id=\"19893\" data-full-url=\"https:\/\/www.labunie.com.pl\/wp-content\/uploads\/2020\/12\/FDS_Rusz\u00f3w_003.jpg\" data-link=\"https:\/\/www.labunie.com.pl\/?attachment_id=19893\" class=\"wp-image-19893\" srcset=\"https:\/\/www.labunie.com.pl\/wp-content\/uploads\/2020\/12\/FDS_Rusz\u00f3w_003-1024x768.jpg 1024w, https:\/\/www.labunie.com.pl\/wp-content\/uploads\/2020\/12\/FDS_Rusz\u00f3w_003-300x225.jpg 300w, https:\/\/www.labunie.com.pl\/wp-content\/uploads\/2020\/12\/FDS_Rusz\u00f3w_003-768x576.jpg 768w, https:\/\/www.labunie.com.pl\/wp-content\/uploads\/2020\/12\/FDS_Rusz\u00f3w_003-1536x1152.jpg 1536w, https:\/\/www.labunie.com.pl\/wp-content\/uploads\/2020\/12\/FDS_Rusz\u00f3w_003.jpg 2000w\" sizes=\"auto, (max-width: 1024px) 100vw, 1024px\" \/><\/a><\/figure><\/li><li class=\"blocks-gallery-item\"><figure><a href=\"https:\/\/www.labunie.com.pl\/wp-content\/uploads\/2020\/12\/FDS_Rusz\u00f3w_004.jpg\" data-rel=\"lightbox-gallery-07mdKWMI\" data-rl_title=\"\" data-rl_caption=\"\" title=\"\"><img loading=\"lazy\" decoding=\"async\" width=\"1024\" height=\"768\" src=\"https:\/\/www.labunie.com.pl\/wp-content\/uploads\/2020\/12\/FDS_Rusz\u00f3w_004-1024x768.jpg\" alt=\"\" data-id=\"19895\" data-full-url=\"https:\/\/www.labunie.com.pl\/wp-content\/uploads\/2020\/12\/FDS_Rusz\u00f3w_004.jpg\" data-link=\"https:\/\/www.labunie.com.pl\/?attachment_id=19895\" class=\"wp-image-19895\" srcset=\"https:\/\/www.labunie.com.pl\/wp-content\/uploads\/2020\/12\/FDS_Rusz\u00f3w_004-1024x768.jpg 1024w, https:\/\/www.labunie.com.pl\/wp-content\/uploads\/2020\/12\/FDS_Rusz\u00f3w_004-300x225.jpg 300w, https:\/\/www.labunie.com.pl\/wp-content\/uploads\/2020\/12\/FDS_Rusz\u00f3w_004-768x576.jpg 768w, https:\/\/www.labunie.com.pl\/wp-content\/uploads\/2020\/12\/FDS_Rusz\u00f3w_004-1536x1152.jpg 1536w, https:\/\/www.labunie.com.pl\/wp-content\/uploads\/2020\/12\/FDS_Rusz\u00f3w_004.jpg 2000w\" sizes=\"auto, (max-width: 1024px) 100vw, 1024px\" \/><\/a><\/figure><\/li><li class=\"blocks-gallery-item\"><figure><a href=\"https:\/\/www.labunie.com.pl\/wp-content\/uploads\/2020\/12\/FDS_Rusz\u00f3w_005.jpg\" data-rel=\"lightbox-gallery-07mdKWMI\" data-rl_title=\"\" data-rl_caption=\"\" title=\"\"><img loading=\"lazy\" decoding=\"async\" width=\"1024\" height=\"768\" src=\"https:\/\/www.labunie.com.pl\/wp-content\/uploads\/2020\/12\/FDS_Rusz\u00f3w_005-1024x768.jpg\" alt=\"\" data-id=\"19896\" data-full-url=\"https:\/\/www.labunie.com.pl\/wp-content\/uploads\/2020\/12\/FDS_Rusz\u00f3w_005.jpg\" data-link=\"https:\/\/www.labunie.com.pl\/?attachment_id=19896\" class=\"wp-image-19896\" srcset=\"https:\/\/www.labunie.com.pl\/wp-content\/uploads\/2020\/12\/FDS_Rusz\u00f3w_005-1024x768.jpg 1024w, https:\/\/www.labunie.com.pl\/wp-content\/uploads\/2020\/12\/FDS_Rusz\u00f3w_005-300x225.jpg 300w, https:\/\/www.labunie.com.pl\/wp-content\/uploads\/2020\/12\/FDS_Rusz\u00f3w_005-768x576.jpg 768w, https:\/\/www.labunie.com.pl\/wp-content\/uploads\/2020\/12\/FDS_Rusz\u00f3w_005-1536x1152.jpg 1536w, https:\/\/www.labunie.com.pl\/wp-content\/uploads\/2020\/12\/FDS_Rusz\u00f3w_005.jpg 2000w\" sizes=\"auto, (max-width: 1024px) 100vw, 1024px\" \/><\/a><\/figure><\/li><li class=\"blocks-gallery-item\"><figure><a href=\"https:\/\/www.labunie.com.pl\/wp-content\/uploads\/2020\/12\/FDS_Rusz\u00f3w_006.jpg\" data-rel=\"lightbox-gallery-07mdKWMI\" data-rl_title=\"\" data-rl_caption=\"\" title=\"\"><img loading=\"lazy\" decoding=\"async\" width=\"1024\" height=\"768\" src=\"https:\/\/www.labunie.com.pl\/wp-content\/uploads\/2020\/12\/FDS_Rusz\u00f3w_006-1024x768.jpg\" alt=\"\" data-id=\"19897\" data-full-url=\"https:\/\/www.labunie.com.pl\/wp-content\/uploads\/2020\/12\/FDS_Rusz\u00f3w_006.jpg\" data-link=\"https:\/\/www.labunie.com.pl\/?attachment_id=19897\" class=\"wp-image-19897\" srcset=\"https:\/\/www.labunie.com.pl\/wp-content\/uploads\/2020\/12\/FDS_Rusz\u00f3w_006-1024x768.jpg 1024w, https:\/\/www.labunie.com.pl\/wp-content\/uploads\/2020\/12\/FDS_Rusz\u00f3w_006-300x225.jpg 300w, https:\/\/www.labunie.com.pl\/wp-content\/uploads\/2020\/12\/FDS_Rusz\u00f3w_006-768x576.jpg 768w, https:\/\/www.labunie.com.pl\/wp-content\/uploads\/2020\/12\/FDS_Rusz\u00f3w_006-1536x1152.jpg 1536w, https:\/\/www.labunie.com.pl\/wp-content\/uploads\/2020\/12\/FDS_Rusz\u00f3w_006.jpg 2000w\" sizes=\"auto, (max-width: 1024px) 100vw, 1024px\" \/><\/a><\/figure><\/li><\/ul><\/figure>\n","protected":false},"excerpt":{"rendered":"<p>Przebudowa nawierzchni drogi gminnej Nr 11004L w miejscowo\u015bci Rusz\u00f3w od km. 0+578 do km. 1+577 realizowana by\u0142a przy wsparciu dofinansowania ze \u015brodk\u00f3w Funduszu Dr\u00f3g Samorz\u0105dowych. W ramach zadania wykonano: lokalne poszerzenia celem uzyskania nominalnej szeroko\u015bci jezdni, wyr\u00f3wnanie podbudowy i lokalne wzmocnienie warstw\u0105 przeciwsp\u0119kaniow\u0105 poprzez zastosowanie siatki szklanej z geow\u0142\u00f3knin\u0105, nawierzchni\u0119 z mieszanki mineralno-bitumicznej asfaltowej o [&hellip;]<\/p>\n","protected":false},"author":7,"featured_media":0,"parent":19872,"menu_order":1,"comment_status":"closed","ping_status":"closed","template":"","meta":{"footnotes":""},"class_list":["post-19890","page","type-page","status-publish","hentry","clearfix"],"_links":{"self":[{"href":"https:\/\/www.labunie.com.pl\/index.php?rest_route=\/wp\/v2\/pages\/19890","targetHints":{"allow":["GET"]}}],"collection":[{"href":"https:\/\/www.labunie.com.pl\/index.php?rest_route=\/wp\/v2\/pages"}],"about":[{"href":"https:\/\/www.labunie.com.pl\/index.php?rest_route=\/wp\/v2\/types\/page"}],"author":[{"embeddable":true,"href":"https:\/\/www.labunie.com.pl\/index.php?rest_route=\/wp\/v2\/users\/7"}],"replies":[{"embeddable":true,"href":"https:\/\/www.labunie.com.pl\/index.php?rest_route=%2Fwp%2Fv2%2Fcomments&post=19890"}],"version-history":[{"count":3,"href":"https:\/\/www.labunie.com.pl\/index.php?rest_route=\/wp\/v2\/pages\/19890\/revisions"}],"predecessor-version":[{"id":31927,"href":"https:\/\/www.labunie.com.pl\/index.php?rest_route=\/wp\/v2\/pages\/19890\/revisions\/31927"}],"up":[{"embeddable":true,"href":"https:\/\/www.labunie.com.pl\/index.php?rest_route=\/wp\/v2\/pages\/19872"}],"wp:attachment":[{"href":"https:\/\/www.labunie.com.pl\/index.php?rest_route=%2Fwp%2Fv2%2Fmedia&parent=19890"}],"curies":[{"name":"wp","href":"https:\/\/api.w.org\/{rel}","templated":true}]}}