{"id":19878,"date":"2020-12-29T08:46:06","date_gmt":"2020-12-29T07:46:06","guid":{"rendered":"https:\/\/www.labunie.com.pl\/?page_id=19878"},"modified":"2020-12-29T08:46:07","modified_gmt":"2020-12-29T07:46:07","slug":"przebudowa-drogi-gminnej-nr-110906l-od-km-0409-do-km-1400-w-miejscowosci-labunie","status":"publish","type":"page","link":"https:\/\/www.labunie.com.pl\/?page_id=19878","title":{"rendered":"Przebudowa drogi gminnej Nr 110906L od km. 0+409 do km. 1+400 w miejscowo\u015bci \u0141abunie"},"content":{"rendered":"\n<div class=\"wp-block-image\"><figure class=\"aligncenter size-large\"><img loading=\"lazy\" decoding=\"async\" width=\"300\" height=\"181\" src=\"https:\/\/www.labunie.com.pl\/wp-content\/uploads\/2020\/10\/fds.png\" alt=\"\" class=\"wp-image-19870\"\/><\/figure><\/div>\n\n\n\n<div style=\"height:20px\" aria-hidden=\"true\" class=\"wp-block-spacer\"><\/div>\n\n\n\n<p>Przebudowa drogi gminnej Nr 110906L (ul. G\u00f3rna) w miejscowo\u015bci \u0141abunie od km. 0+409 do km. 1+400 realizowana by\u0142a przy wsparciu dofinansowania ze \u015brodk\u00f3w Funduszu Dr\u00f3g Samorz\u0105dowych.<\/p>\n\n\n\n<p> W ramach zadania wykonano:<\/p>\n\n\n\n<ul class=\"wp-block-list\"><li>now\u0105 podbudow\u0119 na odcinku 27 mb.<\/li><li>nawierzchni\u0119 z mieszanki mineralno-bitumicznej asfaltowej o szeroko\u015bci 5 m. na odcinku 991 mb.<\/li><li>utwardzenie poboczy obustronne materia\u0142em kamiennym,<\/li><li>odtworzenie i renowacj\u0119 row\u00f3w przydro\u017cnych wraz z oczyszczeniem istniej\u0105cych przepust\u00f3w,<\/li><li>ustawiono urz\u0105dzenie podnosz\u0105ce bezpiecze\u0144stwo u\u017cytkownik\u00f3w ruchu tj. barier\u0119 ochronn\u0105 na \u0142uku drogi o d\u0142ugo\u015bci 18 mb.<\/li><li> budow\u0119 zjazd\u00f3w do dzia\u0142ek. <\/li><\/ul>\n\n\n\n<p> Ca\u0142kowita warto\u015b\u0107 inwestycji: 386 427,54 z\u0142.<br> Dofinansowanie:  70 499,00 z\u0142.<br> Wk\u0142ad w\u0142asny:  115 928,54 z\u0142.<\/p>\n\n\n\n<p> Wykonawc\u0105 rob\u00f3t by\u0142o: Przedsi\u0119biorstwo Rob\u00f3t Drogowych Sp\u00f3\u0142ka z o.o. w Zamo\u015bciu<\/p>\n\n\n\n<div style=\"height:20px\" aria-hidden=\"true\" class=\"wp-block-spacer\"><\/div>\n\n\n\n<figure class=\"wp-block-gallery columns-2 wp-block-gallery-1 is-layout-flex wp-block-gallery-is-layout-flex\"><ul class=\"blocks-gallery-grid\"><li class=\"blocks-gallery-item\"><figure><a href=\"https:\/\/www.labunie.com.pl\/wp-content\/uploads\/2020\/12\/FDS_G\u00f3rna_001.jpg\" data-rel=\"lightbox-gallery-1X2F7nEE\" data-rl_title=\"\" data-rl_caption=\"\" title=\"\"><img loading=\"lazy\" decoding=\"async\" width=\"1024\" height=\"768\" src=\"https:\/\/www.labunie.com.pl\/wp-content\/uploads\/2020\/12\/FDS_G\u00f3rna_001-1024x768.jpg\" alt=\"\" data-id=\"19880\" data-full-url=\"https:\/\/www.labunie.com.pl\/wp-content\/uploads\/2020\/12\/FDS_G\u00f3rna_001.jpg\" data-link=\"https:\/\/www.labunie.com.pl\/?attachment_id=19880\" class=\"wp-image-19880\" srcset=\"https:\/\/www.labunie.com.pl\/wp-content\/uploads\/2020\/12\/FDS_G\u00f3rna_001-1024x768.jpg 1024w, https:\/\/www.labunie.com.pl\/wp-content\/uploads\/2020\/12\/FDS_G\u00f3rna_001-300x225.jpg 300w, https:\/\/www.labunie.com.pl\/wp-content\/uploads\/2020\/12\/FDS_G\u00f3rna_001-768x576.jpg 768w, https:\/\/www.labunie.com.pl\/wp-content\/uploads\/2020\/12\/FDS_G\u00f3rna_001-1536x1152.jpg 1536w, https:\/\/www.labunie.com.pl\/wp-content\/uploads\/2020\/12\/FDS_G\u00f3rna_001.jpg 2000w\" sizes=\"auto, (max-width: 1024px) 100vw, 1024px\" \/><\/a><\/figure><\/li><li class=\"blocks-gallery-item\"><figure><a href=\"https:\/\/www.labunie.com.pl\/wp-content\/uploads\/2020\/12\/FDS_G\u00f3rna_002.jpg\" data-rel=\"lightbox-gallery-1X2F7nEE\" data-rl_title=\"\" data-rl_caption=\"\" title=\"\"><img loading=\"lazy\" decoding=\"async\" width=\"1024\" height=\"768\" src=\"https:\/\/www.labunie.com.pl\/wp-content\/uploads\/2020\/12\/FDS_G\u00f3rna_002-1024x768.jpg\" alt=\"\" data-id=\"19881\" data-full-url=\"https:\/\/www.labunie.com.pl\/wp-content\/uploads\/2020\/12\/FDS_G\u00f3rna_002.jpg\" data-link=\"https:\/\/www.labunie.com.pl\/?attachment_id=19881\" class=\"wp-image-19881\" srcset=\"https:\/\/www.labunie.com.pl\/wp-content\/uploads\/2020\/12\/FDS_G\u00f3rna_002-1024x768.jpg 1024w, https:\/\/www.labunie.com.pl\/wp-content\/uploads\/2020\/12\/FDS_G\u00f3rna_002-300x225.jpg 300w, https:\/\/www.labunie.com.pl\/wp-content\/uploads\/2020\/12\/FDS_G\u00f3rna_002-768x576.jpg 768w, https:\/\/www.labunie.com.pl\/wp-content\/uploads\/2020\/12\/FDS_G\u00f3rna_002-1536x1152.jpg 1536w, https:\/\/www.labunie.com.pl\/wp-content\/uploads\/2020\/12\/FDS_G\u00f3rna_002.jpg 2000w\" sizes=\"auto, (max-width: 1024px) 100vw, 1024px\" \/><\/a><\/figure><\/li><li class=\"blocks-gallery-item\"><figure><a href=\"https:\/\/www.labunie.com.pl\/wp-content\/uploads\/2020\/12\/FDS_G\u00f3rna_003.jpg\" data-rel=\"lightbox-gallery-1X2F7nEE\" data-rl_title=\"\" data-rl_caption=\"\" title=\"\"><img loading=\"lazy\" decoding=\"async\" width=\"1024\" height=\"768\" src=\"https:\/\/www.labunie.com.pl\/wp-content\/uploads\/2020\/12\/FDS_G\u00f3rna_003-1024x768.jpg\" alt=\"\" data-id=\"19882\" data-full-url=\"https:\/\/www.labunie.com.pl\/wp-content\/uploads\/2020\/12\/FDS_G\u00f3rna_003.jpg\" data-link=\"https:\/\/www.labunie.com.pl\/?attachment_id=19882\" class=\"wp-image-19882\" srcset=\"https:\/\/www.labunie.com.pl\/wp-content\/uploads\/2020\/12\/FDS_G\u00f3rna_003-1024x768.jpg 1024w, https:\/\/www.labunie.com.pl\/wp-content\/uploads\/2020\/12\/FDS_G\u00f3rna_003-300x225.jpg 300w, https:\/\/www.labunie.com.pl\/wp-content\/uploads\/2020\/12\/FDS_G\u00f3rna_003-768x576.jpg 768w, https:\/\/www.labunie.com.pl\/wp-content\/uploads\/2020\/12\/FDS_G\u00f3rna_003-1536x1152.jpg 1536w, https:\/\/www.labunie.com.pl\/wp-content\/uploads\/2020\/12\/FDS_G\u00f3rna_003.jpg 2000w\" sizes=\"auto, (max-width: 1024px) 100vw, 1024px\" \/><\/a><\/figure><\/li><li class=\"blocks-gallery-item\"><figure><a href=\"https:\/\/www.labunie.com.pl\/wp-content\/uploads\/2020\/12\/FDS_G\u00f3rna_004.jpg\" data-rel=\"lightbox-gallery-1X2F7nEE\" data-rl_title=\"\" data-rl_caption=\"\" title=\"\"><img loading=\"lazy\" decoding=\"async\" width=\"1024\" height=\"768\" src=\"https:\/\/www.labunie.com.pl\/wp-content\/uploads\/2020\/12\/FDS_G\u00f3rna_004-1024x768.jpg\" alt=\"\" data-id=\"19883\" data-full-url=\"https:\/\/www.labunie.com.pl\/wp-content\/uploads\/2020\/12\/FDS_G\u00f3rna_004.jpg\" data-link=\"https:\/\/www.labunie.com.pl\/?attachment_id=19883\" class=\"wp-image-19883\" srcset=\"https:\/\/www.labunie.com.pl\/wp-content\/uploads\/2020\/12\/FDS_G\u00f3rna_004-1024x768.jpg 1024w, https:\/\/www.labunie.com.pl\/wp-content\/uploads\/2020\/12\/FDS_G\u00f3rna_004-300x225.jpg 300w, https:\/\/www.labunie.com.pl\/wp-content\/uploads\/2020\/12\/FDS_G\u00f3rna_004-768x576.jpg 768w, https:\/\/www.labunie.com.pl\/wp-content\/uploads\/2020\/12\/FDS_G\u00f3rna_004-1536x1152.jpg 1536w, https:\/\/www.labunie.com.pl\/wp-content\/uploads\/2020\/12\/FDS_G\u00f3rna_004.jpg 2000w\" sizes=\"auto, (max-width: 1024px) 100vw, 1024px\" \/><\/a><\/figure><\/li><li class=\"blocks-gallery-item\"><figure><a href=\"https:\/\/www.labunie.com.pl\/wp-content\/uploads\/2020\/12\/FDS_G\u00f3rna_005.jpg\" data-rel=\"lightbox-gallery-1X2F7nEE\" data-rl_title=\"\" data-rl_caption=\"\" title=\"\"><img loading=\"lazy\" decoding=\"async\" width=\"1024\" height=\"768\" src=\"https:\/\/www.labunie.com.pl\/wp-content\/uploads\/2020\/12\/FDS_G\u00f3rna_005-1024x768.jpg\" alt=\"\" data-id=\"19885\" data-full-url=\"https:\/\/www.labunie.com.pl\/wp-content\/uploads\/2020\/12\/FDS_G\u00f3rna_005.jpg\" data-link=\"https:\/\/www.labunie.com.pl\/?attachment_id=19885\" class=\"wp-image-19885\" srcset=\"https:\/\/www.labunie.com.pl\/wp-content\/uploads\/2020\/12\/FDS_G\u00f3rna_005-1024x768.jpg 1024w, https:\/\/www.labunie.com.pl\/wp-content\/uploads\/2020\/12\/FDS_G\u00f3rna_005-300x225.jpg 300w, https:\/\/www.labunie.com.pl\/wp-content\/uploads\/2020\/12\/FDS_G\u00f3rna_005-768x576.jpg 768w, https:\/\/www.labunie.com.pl\/wp-content\/uploads\/2020\/12\/FDS_G\u00f3rna_005-1536x1152.jpg 1536w, https:\/\/www.labunie.com.pl\/wp-content\/uploads\/2020\/12\/FDS_G\u00f3rna_005.jpg 2000w\" sizes=\"auto, (max-width: 1024px) 100vw, 1024px\" \/><\/a><\/figure><\/li><li class=\"blocks-gallery-item\"><figure><a href=\"https:\/\/www.labunie.com.pl\/wp-content\/uploads\/2020\/12\/FDS_G\u00f3rna_006.jpg\" data-rel=\"lightbox-gallery-1X2F7nEE\" data-rl_title=\"\" data-rl_caption=\"\" title=\"\"><img loading=\"lazy\" decoding=\"async\" width=\"1024\" height=\"768\" src=\"https:\/\/www.labunie.com.pl\/wp-content\/uploads\/2020\/12\/FDS_G\u00f3rna_006-1024x768.jpg\" alt=\"\" data-id=\"19886\" data-full-url=\"https:\/\/www.labunie.com.pl\/wp-content\/uploads\/2020\/12\/FDS_G\u00f3rna_006.jpg\" data-link=\"https:\/\/www.labunie.com.pl\/?attachment_id=19886\" class=\"wp-image-19886\" srcset=\"https:\/\/www.labunie.com.pl\/wp-content\/uploads\/2020\/12\/FDS_G\u00f3rna_006-1024x768.jpg 1024w, https:\/\/www.labunie.com.pl\/wp-content\/uploads\/2020\/12\/FDS_G\u00f3rna_006-300x225.jpg 300w, https:\/\/www.labunie.com.pl\/wp-content\/uploads\/2020\/12\/FDS_G\u00f3rna_006-768x576.jpg 768w, https:\/\/www.labunie.com.pl\/wp-content\/uploads\/2020\/12\/FDS_G\u00f3rna_006-1536x1152.jpg 1536w, https:\/\/www.labunie.com.pl\/wp-content\/uploads\/2020\/12\/FDS_G\u00f3rna_006.jpg 2000w\" sizes=\"auto, (max-width: 1024px) 100vw, 1024px\" \/><\/a><\/figure><\/li><\/ul><\/figure>\n","protected":false},"excerpt":{"rendered":"<p>Przebudowa drogi gminnej Nr 110906L (ul. G\u00f3rna) w miejscowo\u015bci \u0141abunie od km. 0+409 do km. 1+400 realizowana by\u0142a przy wsparciu dofinansowania ze \u015brodk\u00f3w Funduszu Dr\u00f3g Samorz\u0105dowych. W ramach zadania wykonano: now\u0105 podbudow\u0119 na odcinku 27 mb. nawierzchni\u0119 z mieszanki mineralno-bitumicznej asfaltowej o szeroko\u015bci 5 m. na odcinku 991 mb. utwardzenie poboczy obustronne materia\u0142em kamiennym, odtworzenie [&hellip;]<\/p>\n","protected":false},"author":7,"featured_media":0,"parent":19872,"menu_order":0,"comment_status":"closed","ping_status":"closed","template":"","meta":{"footnotes":""},"class_list":["post-19878","page","type-page","status-publish","hentry","clearfix"],"_links":{"self":[{"href":"https:\/\/www.labunie.com.pl\/index.php?rest_route=\/wp\/v2\/pages\/19878","targetHints":{"allow":["GET"]}}],"collection":[{"href":"https:\/\/www.labunie.com.pl\/index.php?rest_route=\/wp\/v2\/pages"}],"about":[{"href":"https:\/\/www.labunie.com.pl\/index.php?rest_route=\/wp\/v2\/types\/page"}],"author":[{"embeddable":true,"href":"https:\/\/www.labunie.com.pl\/index.php?rest_route=\/wp\/v2\/users\/7"}],"replies":[{"embeddable":true,"href":"https:\/\/www.labunie.com.pl\/index.php?rest_route=%2Fwp%2Fv2%2Fcomments&post=19878"}],"version-history":[{"count":4,"href":"https:\/\/www.labunie.com.pl\/index.php?rest_route=\/wp\/v2\/pages\/19878\/revisions"}],"predecessor-version":[{"id":19888,"href":"https:\/\/www.labunie.com.pl\/index.php?rest_route=\/wp\/v2\/pages\/19878\/revisions\/19888"}],"up":[{"embeddable":true,"href":"https:\/\/www.labunie.com.pl\/index.php?rest_route=\/wp\/v2\/pages\/19872"}],"wp:attachment":[{"href":"https:\/\/www.labunie.com.pl\/index.php?rest_route=%2Fwp%2Fv2%2Fmedia&parent=19878"}],"curies":[{"name":"wp","href":"https:\/\/api.w.org\/{rel}","templated":true}]}}