{"id":19872,"date":"2020-12-29T08:35:52","date_gmt":"2020-12-29T07:35:52","guid":{"rendered":"https:\/\/www.labunie.com.pl\/?page_id=19872"},"modified":"2026-02-05T08:16:23","modified_gmt":"2026-02-05T07:16:23","slug":"fundusz-drog-samorzadowych","status":"publish","type":"page","link":"https:\/\/www.labunie.com.pl\/?page_id=19872","title":{"rendered":"Rz\u0105dowy Fundusz Rozwoju Dr\u00f3g"},"content":{"rendered":"\n<figure class=\"wp-block-image size-full\"><img loading=\"lazy\" decoding=\"async\" width=\"1920\" height=\"810\" src=\"https:\/\/www.labunie.com.pl\/wp-content\/uploads\/2023\/06\/rfrd.jpg\" alt=\"\" class=\"wp-image-31783\" srcset=\"https:\/\/www.labunie.com.pl\/wp-content\/uploads\/2023\/06\/rfrd.jpg 1920w, https:\/\/www.labunie.com.pl\/wp-content\/uploads\/2023\/06\/rfrd-300x127.jpg 300w, https:\/\/www.labunie.com.pl\/wp-content\/uploads\/2023\/06\/rfrd-1024x432.jpg 1024w, https:\/\/www.labunie.com.pl\/wp-content\/uploads\/2023\/06\/rfrd-768x324.jpg 768w, https:\/\/www.labunie.com.pl\/wp-content\/uploads\/2023\/06\/rfrd-1536x648.jpg 1536w\" sizes=\"auto, (max-width: 1920px) 100vw, 1920px\" \/><\/figure>\n\n\n\n<ul class=\"wp-block-list\">\n<li><a href=\"https:\/\/www.labunie.com.pl\/?page_id=23866\" target=\"_blank\" rel=\"noreferrer noopener\">Przebudowa drogi gminnej Nr 110889L w miejscowo\u015bci \u0141abunie (ul. Ko\u015bcielna)<\/a><\/li>\n\n\n\n<li><a href=\"https:\/\/www.labunie.com.pl\/?page_id=19878\">Przebudowa drogi gminnej Nr 110906L od km. 0+409 do km. 1+400 w miejscowo\u015bci \u0141abunie<\/a><\/li>\n\n\n\n<li><a href=\"https:\/\/www.labunie.com.pl\/?page_id=19890\">Przebudowa nawierzchni drogi gminnej Nr 110904L w miejscowo\u015bci Rusz\u00f3w od km. 0+578 do km. 1+577<\/a><\/li>\n\n\n\n<li><a href=\"https:\/\/www.labunie.com.pl\/?page_id=26819\" target=\"_blank\" rel=\"noreferrer noopener\">Remont drogi gminnej nr 110884L w miejscowo\u015bci \u0141abu\u0144ki Drugie na odcinku od km. 0+006,5 do km. 1+317,27<\/a><\/li>\n\n\n\n<li><a href=\"https:\/\/www.labunie.com.pl\/?page_id=27284\">Przebudowa drogi gminnej Nr 110904L w miejscowo\u015bci Rusz\u00f3w \u2013 II etap na odcinku 914 mb.<\/a><\/li>\n\n\n\n<li><a href=\"https:\/\/www.labunie.com.pl\/?page_id=31918\">Przebudowa drogi gminnej Nr 110886L od km. 0+023,64\u00a0 do km. 1+479,22 w miejscowo\u015bci \u0141abu\u0144ki Pierwsze<\/a><\/li>\n\n\n\n<li><a href=\"https:\/\/www.labunie.com.pl\/?page_id=35114\">Remont drogi gminnej nr 110888L (ul. Lipowa) w miejscowo\u015bci \u0141abunie<\/a><\/li>\n\n\n\n<li><a href=\"https:\/\/www.labunie.com.pl\/?p=42786\">Remont drogi gminnej nr 110904L od km 0+000 do km 0+573 w miejscowo\u015bci Rusz\u00f3w<\/a><\/li>\n<\/ul>\n","protected":false},"excerpt":{"rendered":"","protected":false},"author":7,"featured_media":0,"parent":0,"menu_order":0,"comment_status":"closed","ping_status":"closed","template":"","meta":{"footnotes":""},"class_list":["post-19872","page","type-page","status-publish","hentry","clearfix"],"_links":{"self":[{"href":"https:\/\/www.labunie.com.pl\/index.php?rest_route=\/wp\/v2\/pages\/19872","targetHints":{"allow":["GET"]}}],"collection":[{"href":"https:\/\/www.labunie.com.pl\/index.php?rest_route=\/wp\/v2\/pages"}],"about":[{"href":"https:\/\/www.labunie.com.pl\/index.php?rest_route=\/wp\/v2\/types\/page"}],"author":[{"embeddable":true,"href":"https:\/\/www.labunie.com.pl\/index.php?rest_route=\/wp\/v2\/users\/7"}],"replies":[{"embeddable":true,"href":"https:\/\/www.labunie.com.pl\/index.php?rest_route=%2Fwp%2Fv2%2Fcomments&post=19872"}],"version-history":[{"count":6,"href":"https:\/\/www.labunie.com.pl\/index.php?rest_route=\/wp\/v2\/pages\/19872\/revisions"}],"predecessor-version":[{"id":42797,"href":"https:\/\/www.labunie.com.pl\/index.php?rest_route=\/wp\/v2\/pages\/19872\/revisions\/42797"}],"wp:attachment":[{"href":"https:\/\/www.labunie.com.pl\/index.php?rest_route=%2Fwp%2Fv2%2Fmedia&parent=19872"}],"curies":[{"name":"wp","href":"https:\/\/api.w.org\/{rel}","templated":true}]}}