{"id":17215,"date":"2020-04-24T09:39:59","date_gmt":"2020-04-24T07:39:59","guid":{"rendered":"https:\/\/www.labunie.com.pl\/?page_id=17215"},"modified":"2023-05-30T10:43:45","modified_gmt":"2023-05-30T08:43:45","slug":"zdalna-szkola-wsparcie-ogolnopolskiej-sieci-edukacyjnej","status":"publish","type":"page","link":"https:\/\/www.labunie.com.pl\/?page_id=17215","title":{"rendered":"Zdalna Szko\u0142a &#8211; wsparcie Og\u00f3lnopolskiej Sieci Edukacyjnej"},"content":{"rendered":"\n<div style=\"height:20px\" aria-hidden=\"true\" class=\"wp-block-spacer\"><\/div>\n\n\n<table style=\"border-color: #ffffff;\" border=\"1\" cellpadding=\"10\">\n<tbody>\n<tr style=\"height: 24px; border-color: #ffffff;\">\n<td style=\"background-color: #05518e; height: 24px; border-color: #ffffff; text-align: right;\"><strong><span style=\"color: #ffffff;\"><em>Nazwa<br \/><\/em><\/span><\/strong><\/td>\n<td style=\"background-color: #ffffff; height: 24px; border-color: #ffffff;\">Gmina \u0141abunie realizuje projekt grantowy zdalna Szko\u0142a \u2013 wsparcie Og\u00f3lnopolskiej Sieci Edukacyjnej w systemie kszta\u0142cenia zdalnego w ramach Programu Operacyjnego Polska Cyfrowa na lata 2014-2020 Osi Priorytetowej nr I \u201ePowszechny dost\u0119p do szybkiego Internetu\u201d dzia\u0142ania 1.1: \u201eWyeliminowanie terytorialnych r\u00f3\u017cnic w mo\u017cliwo\u015bci dost\u0119pu do szerokopasmowego Internetu o wysokich przepustowo\u015bciach\u201d.<\/td>\n<\/tr>\n<tr style=\"height: 24px; border-color: #ffffff;\">\n<td style=\"background-color: #05518e; height: 24px; border-color: #ffffff; text-align: right;\"><strong><span style=\"color: #ffffff;\"><em>Cel<br \/><\/em><\/span><\/strong><\/td>\n<td style=\"background-color: #ffffff; height: 24px; border-color: #ffffff;\">Umo\u017cliwienie nauki zdalnej w gminie \u0141abunie.<\/td>\n<\/tr>\n<tr style=\"height: 24px; border-color: #ffffff;\">\n<td style=\"background-color: #05518e; height: 24px; border-color: #ffffff; text-align: right;\"><strong><span style=\"color: #ffffff;\"><em>Zadania<br \/><\/em><\/span><\/strong><\/td>\n<td style=\"background-color: #ffffff; height: 24px; border-color: #ffffff;\">\n<ul>\n<li>Zapewnienie sprz\u0119tu komputerowego dla uczni\u00f3w, kt\u00f3rzy nie posiadaj\u0105 w domu dost\u0119pu do komputera umo\u017cliwiaj\u0105cego nauk\u0119 zdaln\u0105;<\/li>\n<li>Zapewnienie sprz\u0119tu komputerowego dla nauczycieli, kt\u00f3rzy nie posiadaj\u0105 dost\u0119pu do s\u0142u\u017cbowego komputera umo\u017cliwiaj\u0105cego nauk\u0119 zdaln\u0105.<\/li>\n<\/ul>\n<\/td>\n<\/tr>\n<tr>\n<td style=\"background-color: #05518e; border-color: #ffffff; text-align: right;\"><strong><span style=\"color: #ffffff;\"><em>Opis<\/em><\/span><\/strong><\/td>\n<td style=\"background-color: #ffffff; border-color: #ffffff;\">Projekt zak\u0142ada zakup sprz\u0119tu komputerowego w postaci komputer\u00f3w przeno\u015bnych dla uczni\u00f3w i nauczycieli 2 szk\u00f3\u0142 podstawowych z terenu gminy \u0141abunie w celu umo\u017cliwienia prowadzenia nauczania zdalnego w zwi\u0105zku z przeciwdzia\u0142aniem rozwojowi pandemii COVID-19.<\/td>\n<\/tr>\n<tr style=\"height: 24px; border-color: #ffffff;\">\n<td style=\"background-color: #05518e; height: 24px; border-color: #ffffff; text-align: right;\"><strong><span style=\"color: #ffffff;\"><em>Warto\u015b\u0107 dofinansowania ze \u015brodk\u00f3w UE<br \/><\/em><\/span><\/strong><\/td>\n<td style=\"background-color: #ffffff; height: 24px; border-color: #ffffff;\">100% tj. 60 000 z\u0142.<\/td>\n<\/tr>\n<\/tbody>\n<\/table>\n\n\n<div style=\"height:20px\" aria-hidden=\"true\" class=\"wp-block-spacer\"><\/div>\n\n\n\n<figure class=\"wp-block-image size-large\"><img loading=\"lazy\" decoding=\"async\" width=\"760\" height=\"58\" src=\"https:\/\/www.labunie.com.pl\/wp-content\/uploads\/2020\/04\/ue-pl-cppc-ue.png\" alt=\"\" class=\"wp-image-17216\" srcset=\"https:\/\/www.labunie.com.pl\/wp-content\/uploads\/2020\/04\/ue-pl-cppc-ue.png 760w, https:\/\/www.labunie.com.pl\/wp-content\/uploads\/2020\/04\/ue-pl-cppc-ue-300x23.png 300w\" sizes=\"auto, (max-width: 760px) 100vw, 760px\" \/><\/figure>\n","protected":false},"excerpt":{"rendered":"<p>Nazwa Gmina \u0141abunie realizuje projekt grantowy zdalna Szko\u0142a \u2013 wsparcie Og\u00f3lnopolskiej Sieci Edukacyjnej w systemie kszta\u0142cenia zdalnego w ramach Programu Operacyjnego Polska Cyfrowa na lata 2014-2020 Osi Priorytetowej nr I \u201ePowszechny dost\u0119p do szybkiego Internetu\u201d dzia\u0142ania 1.1: \u201eWyeliminowanie terytorialnych r\u00f3\u017cnic w mo\u017cliwo\u015bci dost\u0119pu do szerokopasmowego Internetu o wysokich przepustowo\u015bciach\u201d. Cel Umo\u017cliwienie nauki zdalnej w gminie [&hellip;]<\/p>\n","protected":false},"author":7,"featured_media":0,"parent":0,"menu_order":11,"comment_status":"closed","ping_status":"closed","template":"","meta":{"footnotes":""},"class_list":["post-17215","page","type-page","status-publish","hentry","clearfix"],"_links":{"self":[{"href":"https:\/\/www.labunie.com.pl\/index.php?rest_route=\/wp\/v2\/pages\/17215","targetHints":{"allow":["GET"]}}],"collection":[{"href":"https:\/\/www.labunie.com.pl\/index.php?rest_route=\/wp\/v2\/pages"}],"about":[{"href":"https:\/\/www.labunie.com.pl\/index.php?rest_route=\/wp\/v2\/types\/page"}],"author":[{"embeddable":true,"href":"https:\/\/www.labunie.com.pl\/index.php?rest_route=\/wp\/v2\/users\/7"}],"replies":[{"embeddable":true,"href":"https:\/\/www.labunie.com.pl\/index.php?rest_route=%2Fwp%2Fv2%2Fcomments&post=17215"}],"version-history":[{"count":1,"href":"https:\/\/www.labunie.com.pl\/index.php?rest_route=\/wp\/v2\/pages\/17215\/revisions"}],"predecessor-version":[{"id":17217,"href":"https:\/\/www.labunie.com.pl\/index.php?rest_route=\/wp\/v2\/pages\/17215\/revisions\/17217"}],"wp:attachment":[{"href":"https:\/\/www.labunie.com.pl\/index.php?rest_route=%2Fwp%2Fv2%2Fmedia&parent=17215"}],"curies":[{"name":"wp","href":"https:\/\/api.w.org\/{rel}","templated":true}]}}